{"id":2819,"date":"2024-02-16T10:46:02","date_gmt":"2024-02-16T09:46:02","guid":{"rendered":"https:\/\/34.88.231.180\/?page_id=2819"},"modified":"2024-08-21T10:00:35","modified_gmt":"2024-08-21T08:00:35","slug":"about-us","status":"publish","type":"page","link":"https:\/\/www.selfprotein.com\/nb\/about-us\/","title":{"rendered":"Om oss"},"content":{"rendered":"<div data-elementor-type=\"wp-page\" data-elementor-id=\"2819\" class=\"elementor elementor-2819\" data-elementor-post-type=\"page\">\n\t\t\t\t<div class=\"elementor-element elementor-element-1a1d228 e-con-full e-flex e-con e-parent\" data-id=\"1a1d228\" data-element_type=\"container\" data-settings=\"{&quot;background_background&quot;:&quot;classic&quot;}\">\n\t\t<div class=\"elementor-element elementor-element-676a3e0 e-flex e-con-boxed e-con e-child\" data-id=\"676a3e0\" data-element_type=\"container\">\n\t\t\t\t\t<div class=\"e-con-inner\">\n\t\t\t\t<div class=\"elementor-element elementor-element-7ac98c8 elementor-widget elementor-widget-text-editor\" data-id=\"7ac98c8\" data-element_type=\"widget\" data-widget_type=\"text-editor.default\">\n\t\t\t\t<div class=\"elementor-widget-container\">\n\t\t\t\t\t\t\t\t\t<p>V\u00c6R DEG SELV<\/p>\t\t\t\t\t\t\t\t<\/div>\n\t\t\t\t<\/div>\n\t\t\t\t<div class=\"elementor-element elementor-element-73cceef elementor-widget elementor-widget-heading\" data-id=\"73cceef\" data-element_type=\"widget\" data-widget_type=\"heading.default\">\n\t\t\t\t<div class=\"elementor-widget-container\">\n\t\t\t\t\t<h2 class=\"elementor-heading-title elementor-size-default\">Om oss<\/h2>\t\t\t\t<\/div>\n\t\t\t\t<\/div>\n\t\t\t\t\t<\/div>\n\t\t\t\t<\/div>\n\t\t\t\t<\/div>\n\t\t<div class=\"elementor-element elementor-element-ace9339 e-flex e-con-boxed e-con e-parent\" data-id=\"ace9339\" data-element_type=\"container\">\n\t\t\t\t\t<div class=\"e-con-inner\">\n\t\t<div class=\"elementor-element elementor-element-d120d62 e-con-full e-flex e-con e-child\" data-id=\"d120d62\" data-element_type=\"container\">\n\t\t\t\t<div class=\"elementor-element elementor-element-91c8f78 elementor-widget__width-inherit elementor-widget-mobile_extra__width-initial elementor-widget elementor-widget-gallery\" data-id=\"91c8f78\" data-element_type=\"widget\" data-settings=\"{&quot;columns&quot;:2,&quot;aspect_ratio&quot;:&quot;1:1&quot;,&quot;lazyload&quot;:&quot;yes&quot;,&quot;gallery_layout&quot;:&quot;grid&quot;,&quot;columns_tablet&quot;:2,&quot;columns_mobile&quot;:1,&quot;gap&quot;:{&quot;unit&quot;:&quot;px&quot;,&quot;size&quot;:10,&quot;sizes&quot;:[]},&quot;gap_tablet_extra&quot;:{&quot;unit&quot;:&quot;px&quot;,&quot;size&quot;:10,&quot;sizes&quot;:[]},&quot;gap_tablet&quot;:{&quot;unit&quot;:&quot;px&quot;,&quot;size&quot;:10,&quot;sizes&quot;:[]},&quot;gap_mobile_extra&quot;:{&quot;unit&quot;:&quot;px&quot;,&quot;size&quot;:10,&quot;sizes&quot;:[]},&quot;gap_mobile&quot;:{&quot;unit&quot;:&quot;px&quot;,&quot;size&quot;:10,&quot;sizes&quot;:[]},&quot;overlay_background&quot;:&quot;yes&quot;,&quot;content_hover_animation&quot;:&quot;fade-in&quot;}\" data-widget_type=\"gallery.default\">\n\t\t\t\t<div class=\"elementor-widget-container\">\n\t\t\t\t\t\t\t<div class=\"elementor-gallery__container\">\n\t\t\t\t\t\t\t<div class=\"e-gallery-item elementor-gallery-item elementor-animated-content\">\n\t\t\t\t\t<div class=\"e-gallery-image elementor-gallery-item__image\" data-thumbnail=\"https:\/\/www.selfprotein.com\/wp-content\/uploads\/2024\/02\/pancake-protein-honey.jpg\" data-width=\"1320\" data-height=\"1600\" aria-label=\"pannekake-protein-honning\" role=\"img\" ><\/div>\n\t\t\t\t\t\t\t\t\t\t\t<div class=\"elementor-gallery-item__overlay\"><\/div>\n\t\t\t\t\t\t\t\t\t\t\t\t\t\t<\/div>\n\t\t\t\t\t\t\t<div class=\"e-gallery-item elementor-gallery-item elementor-animated-content\">\n\t\t\t\t\t<div class=\"e-gallery-image elementor-gallery-item__image\" data-thumbnail=\"https:\/\/www.selfprotein.com\/wp-content\/uploads\/2024\/02\/multivitamin-sponsor.jpg\" data-width=\"659\" data-height=\"960\" aria-label=\"multivitamin-sponsor\" role=\"img\" ><\/div>\n\t\t\t\t\t\t\t\t\t\t\t<div class=\"elementor-gallery-item__overlay\"><\/div>\n\t\t\t\t\t\t\t\t\t\t\t\t\t\t<\/div>\n\t\t\t\t\t\t\t<div class=\"e-gallery-item elementor-gallery-item elementor-animated-content\">\n\t\t\t\t\t<div class=\"e-gallery-image elementor-gallery-item__image\" data-thumbnail=\"https:\/\/www.selfprotein.com\/wp-content\/uploads\/2024\/02\/mass-active-gainer-sponsor.jpg\" data-width=\"1080\" data-height=\"1920\" aria-label=\"mass-active-gainer-sponsor\" role=\"img\" ><\/div>\n\t\t\t\t\t\t\t\t\t\t\t<div class=\"elementor-gallery-item__overlay\"><\/div>\n\t\t\t\t\t\t\t\t\t\t\t\t\t\t<\/div>\n\t\t\t\t\t\t\t<div class=\"e-gallery-item elementor-gallery-item elementor-animated-content\">\n\t\t\t\t\t<div class=\"e-gallery-image elementor-gallery-item__image\" data-thumbnail=\"https:\/\/www.selfprotein.com\/wp-content\/uploads\/2024\/02\/micro-whey-active.jpg\" data-width=\"768\" data-height=\"1024\" aria-label=\"micro-whey-aktiv\" role=\"img\" ><\/div>\n\t\t\t\t\t\t\t\t\t\t\t<div class=\"elementor-gallery-item__overlay\"><\/div>\n\t\t\t\t\t\t\t\t\t\t\t\t\t\t<\/div>\n\t\t\t\t\t<\/div>\n\t\t\t\t\t<\/div>\n\t\t\t\t<\/div>\n\t\t\t\t<\/div>\n\t\t<div class=\"elementor-element elementor-element-9c6a07c e-con-full e-flex e-con e-child\" data-id=\"9c6a07c\" data-element_type=\"container\">\n\t\t\t\t<div class=\"elementor-element elementor-element-e5f0d55 elementor-widget elementor-widget-heading\" data-id=\"e5f0d55\" data-element_type=\"widget\" data-widget_type=\"heading.default\">\n\t\t\t\t<div class=\"elementor-widget-container\">\n\t\t\t\t\t<h2 class=\"elementor-heading-title elementor-size-default\">DETTE ER SELF<br>OMNINUTRITION<\/h2>\t\t\t\t<\/div>\n\t\t\t\t<\/div>\n\t\t\t\t<div class=\"elementor-element elementor-element-73fffb7 elementor-widget elementor-widget-text-editor\" data-id=\"73fffb7\" data-element_type=\"widget\" data-widget_type=\"text-editor.default\">\n\t\t\t\t<div class=\"elementor-widget-container\">\n\t\t\t\t\t\t\t\t\t<p>De 13: e Protein Import AB (SELF Omninutrition) er stolte av \u00e5 kunne tilby markedets beste utvalg av kosttilskudd, og hjelper mennesker til \u00e5 leve bedre ved \u00e5 bringe velv\u00e6re og matglede inn i hverdagen.<\/p><p>I over 20 \u00e5r har vi alltid ligget i forkant n\u00e5r det gjelder \u00e5 tilby innovative produkter, og vi tilbyr alltid den beste kvaliteten p\u00e5 v\u00e5rt brede utvalg av sportsprodukter som er utviklet for \u00e5 hjelpe deg med \u00e5 n\u00e5 ethvert m\u00e5l.<br \/>I alle v\u00e5re produkter bruker vi kun de beste ingrediensene som finnes p\u00e5 markedet.<\/p><p>Dermed konverterer vi ingredienser av h\u00f8y kvalitet til sunne og trygge kosttilskudd. For \u00e5 styrke dette f\u00f8lger vi HACCP og GMP i v\u00e5re produksjonslinjer for \u00e5 garantere sikkerheten og kvaliteten p\u00e5 produktene som markedsf\u00f8res.<\/p><p>I tillegg bruker v\u00e5rt kvalitetskontor uavhengige laboratorier for \u00e5 sikre full mikrobiologisk sikkerhet for alle materialer som brukes. N\u00e5r det gjelder smaken, er den uovertruffen.<\/p><p>Utviklingsavdelingen v\u00e5r har opprettet en ny <br \/>\"New Flavour Technology\" for \u00e5 smaksette alle v\u00e5re produkter. <br \/>Derfor er vi sikre p\u00e5 at du kan finne den perfekte smaken for deg i hele v\u00e5rt produktsortiment.<\/p>\t\t\t\t\t\t\t\t<\/div>\n\t\t\t\t<\/div>\n\t\t\t\t<\/div>\n\t\t\t\t\t<\/div>\n\t\t\t\t<\/div>\n\t\t<div class=\"elementor-element elementor-element-f9f0cf6 e-flex e-con-boxed e-con e-parent\" data-id=\"f9f0cf6\" data-element_type=\"container\">\n\t\t\t\t\t<div class=\"e-con-inner\">\n\t\t<div class=\"elementor-element elementor-element-c9cb915 e-con-full e-flex e-con e-child\" data-id=\"c9cb915\" data-element_type=\"container\">\n\t\t\t\t<div class=\"elementor-element elementor-element-dff1e00 elementor-widget elementor-widget-heading\" data-id=\"dff1e00\" data-element_type=\"widget\" data-widget_type=\"heading.default\">\n\t\t\t\t<div class=\"elementor-widget-container\">\n\t\t\t\t\t<h2 class=\"elementor-heading-title elementor-size-default\">SELSKAPSINFORMASJON<\/h2>\t\t\t\t<\/div>\n\t\t\t\t<\/div>\n\t\t\t\t<div class=\"elementor-element elementor-element-501063b elementor-widget elementor-widget-text-editor\" data-id=\"501063b\" data-element_type=\"widget\" data-widget_type=\"text-editor.default\">\n\t\t\t\t<div class=\"elementor-widget-container\">\n\t\t\t\t\t\t\t\t\t<p>Speditionsv\u00e4gen 45, 142 50 Skog\u00e5s, Sverige<\/p><p>Tlf: +46 (8)-645 79 59<\/p><p>Org. nr: 5566411830<\/p>\t\t\t\t\t\t\t\t<\/div>\n\t\t\t\t<\/div>\n\t\t\t\t<\/div>\n\t\t<div class=\"elementor-element elementor-element-6df420b e-con-full e-flex e-con e-child\" data-id=\"6df420b\" data-element_type=\"container\">\n\t\t\t\t<div class=\"elementor-element elementor-element-1d90707 elementor-widget elementor-widget-gallery\" data-id=\"1d90707\" data-element_type=\"widget\" data-settings=\"{&quot;columns&quot;:2,&quot;lazyload&quot;:&quot;yes&quot;,&quot;gallery_layout&quot;:&quot;grid&quot;,&quot;columns_tablet&quot;:2,&quot;columns_mobile&quot;:1,&quot;gap&quot;:{&quot;unit&quot;:&quot;px&quot;,&quot;size&quot;:10,&quot;sizes&quot;:[]},&quot;gap_tablet_extra&quot;:{&quot;unit&quot;:&quot;px&quot;,&quot;size&quot;:10,&quot;sizes&quot;:[]},&quot;gap_tablet&quot;:{&quot;unit&quot;:&quot;px&quot;,&quot;size&quot;:10,&quot;sizes&quot;:[]},&quot;gap_mobile_extra&quot;:{&quot;unit&quot;:&quot;px&quot;,&quot;size&quot;:10,&quot;sizes&quot;:[]},&quot;gap_mobile&quot;:{&quot;unit&quot;:&quot;px&quot;,&quot;size&quot;:10,&quot;sizes&quot;:[]},&quot;aspect_ratio&quot;:&quot;3:2&quot;,&quot;overlay_background&quot;:&quot;yes&quot;,&quot;content_hover_animation&quot;:&quot;fade-in&quot;}\" data-widget_type=\"gallery.default\">\n\t\t\t\t<div class=\"elementor-widget-container\">\n\t\t\t\t\t\t\t<div class=\"elementor-gallery__container\">\n\t\t\t\t\t\t\t<div class=\"e-gallery-item elementor-gallery-item elementor-animated-content\">\n\t\t\t\t\t<div class=\"e-gallery-image elementor-gallery-item__image\" data-thumbnail=\"https:\/\/www.selfprotein.com\/wp-content\/uploads\/2024\/02\/iso-whey-premium-sponsor.jpg\" data-width=\"455\" data-height=\"610\" aria-label=\"iso-whey-premium-sponsor\" role=\"img\" ><\/div>\n\t\t\t\t\t\t\t\t\t\t\t<div class=\"elementor-gallery-item__overlay\"><\/div>\n\t\t\t\t\t\t\t\t\t\t\t\t\t\t<\/div>\n\t\t\t\t\t\t\t<div class=\"e-gallery-item elementor-gallery-item elementor-animated-content\">\n\t\t\t\t\t<div class=\"e-gallery-image elementor-gallery-item__image\" data-thumbnail=\"https:\/\/www.selfprotein.com\/wp-content\/uploads\/2024\/02\/arm-back-muscles-scaled.jpg\" data-width=\"1920\" data-height=\"1281\" aria-label=\"arm-rygg-muskler\" role=\"img\" ><\/div>\n\t\t\t\t\t\t\t\t\t\t\t<div class=\"elementor-gallery-item__overlay\"><\/div>\n\t\t\t\t\t\t\t\t\t\t\t\t\t\t<\/div>\n\t\t\t\t\t\t\t<div class=\"e-gallery-item elementor-gallery-item elementor-animated-content\">\n\t\t\t\t\t<div class=\"e-gallery-image elementor-gallery-item__image\" data-thumbnail=\"https:\/\/www.selfprotein.com\/wp-content\/uploads\/2024\/02\/trainings-tools-scaled.jpg\" data-width=\"1283\" data-height=\"1920\" aria-label=\"oppl\u00e6ring-verkt\u00f8y\" role=\"img\" ><\/div>\n\t\t\t\t\t\t\t\t\t\t\t<div class=\"elementor-gallery-item__overlay\"><\/div>\n\t\t\t\t\t\t\t\t\t\t\t\t\t\t<\/div>\n\t\t\t\t\t\t\t<div class=\"e-gallery-item elementor-gallery-item elementor-animated-content\">\n\t\t\t\t\t<div class=\"e-gallery-image elementor-gallery-item__image\" data-thumbnail=\"https:\/\/www.selfprotein.com\/wp-content\/uploads\/2024\/02\/barbells-training.jpg\" data-width=\"1600\" data-height=\"1067\" aria-label=\"vektstang-trening\" role=\"img\" ><\/div>\n\t\t\t\t\t\t\t\t\t\t\t<div class=\"elementor-gallery-item__overlay\"><\/div>\n\t\t\t\t\t\t\t\t\t\t\t\t\t\t<\/div>\n\t\t\t\t\t<\/div>\n\t\t\t\t\t<\/div>\n\t\t\t\t<\/div>\n\t\t\t\t<\/div>\n\t\t\t\t\t<\/div>\n\t\t\t\t<\/div>\n\t\t\t\t<\/div>","protected":false},"excerpt":{"rendered":"<p>V\u00c6R DEG SELV Om oss DETTE ER SELFOMNINUTRITION De 13: e Protein Import AB (SELF Omninutrition) er stolte av \u00e5 tilby det beste utvalget av kosttilskudd p\u00e5 markedet, og hjelper mennesker til \u00e5 leve bedre ved \u00e5 bringe trivsel og matglede inn i hverdagen. I over 20 \u00e5r har vi alltid v\u00e6rt i [...]<\/p>","protected":false},"author":1,"featured_media":0,"parent":0,"menu_order":0,"comment_status":"closed","ping_status":"closed","template":"","meta":{"footnotes":""},"class_list":["post-2819","page","type-page","status-publish","hentry"],"aioseo_notices":[],"_links":{"self":[{"href":"https:\/\/www.selfprotein.com\/nb\/wp-json\/wp\/v2\/pages\/2819"}],"collection":[{"href":"https:\/\/www.selfprotein.com\/nb\/wp-json\/wp\/v2\/pages"}],"about":[{"href":"https:\/\/www.selfprotein.com\/nb\/wp-json\/wp\/v2\/types\/page"}],"author":[{"embeddable":true,"href":"https:\/\/www.selfprotein.com\/nb\/wp-json\/wp\/v2\/users\/1"}],"replies":[{"embeddable":true,"href":"https:\/\/www.selfprotein.com\/nb\/wp-json\/wp\/v2\/comments?post=2819"}],"version-history":[{"count":138,"href":"https:\/\/www.selfprotein.com\/nb\/wp-json\/wp\/v2\/pages\/2819\/revisions"}],"predecessor-version":[{"id":8797,"href":"https:\/\/www.selfprotein.com\/nb\/wp-json\/wp\/v2\/pages\/2819\/revisions\/8797"}],"wp:attachment":[{"href":"https:\/\/www.selfprotein.com\/nb\/wp-json\/wp\/v2\/media?parent=2819"}],"curies":[{"name":"wp","href":"https:\/\/api.w.org\/{rel}","templated":true}]}}