{"id":2851,"date":"2024-02-16T12:58:50","date_gmt":"2024-02-16T11:58:50","guid":{"rendered":"https:\/\/34.88.231.180\/?page_id=2851"},"modified":"2024-10-25T11:55:56","modified_gmt":"2024-10-25T09:55:56","slug":"faq","status":"publish","type":"page","link":"https:\/\/www.selfprotein.com\/nb\/faq\/","title":{"rendered":"VANLIGE SP\u00d8RSM\u00c5L"},"content":{"rendered":"<div data-elementor-type=\"wp-page\" data-elementor-id=\"2851\" class=\"elementor elementor-2851\" data-elementor-post-type=\"page\">\n\t\t\t\t<div class=\"elementor-element elementor-element-e92a26a e-con-full e-flex e-con e-parent\" data-id=\"e92a26a\" data-element_type=\"container\" data-settings=\"{&quot;background_background&quot;:&quot;classic&quot;}\">\n\t\t<div class=\"elementor-element elementor-element-1c63a76 e-flex e-con-boxed e-con e-child\" data-id=\"1c63a76\" data-element_type=\"container\">\n\t\t\t\t\t<div class=\"e-con-inner\">\n\t\t\t\t<div class=\"elementor-element elementor-element-5db078a elementor-widget elementor-widget-heading\" data-id=\"5db078a\" data-element_type=\"widget\" data-widget_type=\"heading.default\">\n\t\t\t\t<div class=\"elementor-widget-container\">\n\t\t\t\t\t<h2 class=\"elementor-heading-title elementor-size-default\">VANLIGE SP\u00d8RSM\u00c5L<\/h2>\t\t\t\t<\/div>\n\t\t\t\t<\/div>\n\t\t\t\t<div class=\"elementor-element elementor-element-ac8bd9d elementor-widget elementor-widget-text-editor\" data-id=\"ac8bd9d\" data-element_type=\"widget\" data-widget_type=\"text-editor.default\">\n\t\t\t\t<div class=\"elementor-widget-container\">\n\t\t\t\t\t\t\t\t\t<p>Svar p\u00e5 sp\u00f8rsm\u00e5lene dine<\/p>\t\t\t\t\t\t\t\t<\/div>\n\t\t\t\t<\/div>\n\t\t\t\t\t<\/div>\n\t\t\t\t<\/div>\n\t\t\t\t<\/div>\n\t\t<div class=\"elementor-element elementor-element-5128fb3 e-flex e-con-boxed e-con e-parent\" data-id=\"5128fb3\" data-element_type=\"container\">\n\t\t\t\t\t<div class=\"e-con-inner\">\n\t\t\t\t<div class=\"elementor-element elementor-element-8a52ff6 elementor-widget elementor-widget-toggle\" data-id=\"8a52ff6\" data-element_type=\"widget\" data-widget_type=\"toggle.default\">\n\t\t\t\t<div class=\"elementor-widget-container\">\n\t\t\t\t\t\t\t<div class=\"elementor-toggle\">\n\t\t\t\t\t\t\t<div class=\"elementor-toggle-item\">\n\t\t\t\t\t<div id=\"elementor-tab-title-1451\" class=\"elementor-tab-title\" data-tab=\"1\" role=\"button\" aria-controls=\"elementor-tab-content-1451\" aria-expanded=\"false\">\n\t\t\t\t\t\t\t\t\t\t\t\t<a class=\"elementor-toggle-title\" tabindex=\"0\">Hva er anbefalt dosering for kosttilskuddene dine?<\/a>\n\t\t\t\t\t<\/div>\n\n\t\t\t\t\t<div id=\"elementor-tab-content-1451\" class=\"elementor-tab-content elementor-clearfix\" data-tab=\"1\" role=\"region\" aria-labelledby=\"elementor-tab-title-1451\">Den anbefalte dosen varierer avhengig av produktet. Se etiketten p\u00e5 emballasjen for spesifikke instruksjoner. Du kan ogs\u00e5 r\u00e5df\u00f8re deg med helsepersonell f\u00f8r du begynner p\u00e5 et nytt kosttilskudd.<\/div>\n\t\t\t\t<\/div>\n\t\t\t\t\t\t\t<div class=\"elementor-toggle-item\">\n\t\t\t\t\t<div id=\"elementor-tab-title-1452\" class=\"elementor-tab-title\" data-tab=\"2\" role=\"button\" aria-controls=\"elementor-tab-content-1452\" aria-expanded=\"false\">\n\t\t\t\t\t\t\t\t\t\t\t\t<a class=\"elementor-toggle-title\" tabindex=\"0\">Er kosttilskuddene dine trygge \u00e5 bruke for alle?<\/a>\n\t\t\t\t\t<\/div>\n\n\t\t\t\t\t<div id=\"elementor-tab-content-1452\" class=\"elementor-tab-content elementor-clearfix\" data-tab=\"2\" role=\"region\" aria-labelledby=\"elementor-tab-title-1452\"><p>Kosttilskuddene v\u00e5re er laget med ingredienser av h\u00f8y kvalitet og f\u00f8lger strenge sikkerhetsstandarder. Vi anbefaler imidlertid ikke at personer under 16 \u00e5r, gravide eller ammende kvinner, personer med underliggende helsetilstander eller personer som tar medisiner, bruker kosttilskuddene v\u00e5re uten \u00e5 r\u00e5df\u00f8re seg med helsepersonell f\u00f8rst.<\/p><\/div>\n\t\t\t\t<\/div>\n\t\t\t\t\t\t\t<div class=\"elementor-toggle-item\">\n\t\t\t\t\t<div id=\"elementor-tab-title-1453\" class=\"elementor-tab-title\" data-tab=\"3\" role=\"button\" aria-controls=\"elementor-tab-content-1453\" aria-expanded=\"false\">\n\t\t\t\t\t\t\t\t\t\t\t\t<a class=\"elementor-toggle-title\" tabindex=\"0\">Hvor lang tid tar det \u00e5 levere, og tilbyr dere internasjonal levering?<\/a>\n\t\t\t\t\t<\/div>\n\n\t\t\t\t\t<div id=\"elementor-tab-content-1453\" class=\"elementor-tab-content elementor-clearfix\" data-tab=\"3\" role=\"region\" aria-labelledby=\"elementor-tab-title-1453\"><p>Vi tilbyr rask innenlands frakt, vanligvis innen 3-5 virkedager. Internasjonal levering er tilgjengelig til utvalgte land, og leveringstiden varierer avhengig av destinasjon.<\/p><\/div>\n\t\t\t\t<\/div>\n\t\t\t\t\t\t\t<div class=\"elementor-toggle-item\">\n\t\t\t\t\t<div id=\"elementor-tab-title-1454\" class=\"elementor-tab-title\" data-tab=\"4\" role=\"button\" aria-controls=\"elementor-tab-content-1454\" aria-expanded=\"false\">\n\t\t\t\t\t\t\t\t\t\t\t\t<a class=\"elementor-toggle-title\" tabindex=\"0\">Kan jeg returnere eller bytte et produkt?<\/a>\n\t\t\t\t\t<\/div>\n\n\t\t\t\t\t<div id=\"elementor-tab-content-1454\" class=\"elementor-tab-content elementor-clearfix\" data-tab=\"4\" role=\"region\" aria-labelledby=\"elementor-tab-title-1454\"><p>Ja, hvis produktet ditt ankommer skadet, vennligst kontakt oss innen 14 dager etter levering. Etter at vi har gjennomg\u00e5tt og verifisert kravet, vil vi utstede en full refusjon eller sende en erstatning. Ta vare p\u00e5 originalemballasjen og legg ved eventuelle bilder for \u00e5 hjelpe oss med \u00e5 behandle foresp\u00f8rselen din raskt.<\/p><\/div>\n\t\t\t\t<\/div>\n\t\t\t\t\t\t\t<div class=\"elementor-toggle-item\">\n\t\t\t\t\t<div id=\"elementor-tab-title-1455\" class=\"elementor-tab-title\" data-tab=\"5\" role=\"button\" aria-controls=\"elementor-tab-content-1455\" aria-expanded=\"false\">\n\t\t\t\t\t\t\t\t\t\t\t\t<a class=\"elementor-toggle-title\" tabindex=\"0\">Er kosttilskuddene dine veganske og glutenfrie?<\/a>\n\t\t\t\t\t<\/div>\n\n\t\t\t\t\t<div id=\"elementor-tab-content-1455\" class=\"elementor-tab-content elementor-clearfix\" data-tab=\"5\" role=\"region\" aria-labelledby=\"elementor-tab-title-1455\"><p>Vi tilbyr en rekke kosttilskudd, inkludert veganske og glutenfrie alternativer. Produktbeskrivelsene p\u00e5 nettstedet v\u00e5rt vil spesifisere om <br \/>et kosttilskudd oppfyller disse kostholdskravene. Du kan filtrere produkter etter kategori for \u00e5 finne alternativer som passer dine behov.<\/p><\/div>\n\t\t\t\t<\/div>\n\t\t\t\t\t\t\t\t\t\t<script type=\"application\/ld+json\">{\n    \"@context\": \"https:\\\/\\\/schema.org\",\n    \"@type\": \"FAQPage\",\n    \"mainEntity\": [\n        {\n            \"@type\": \"Question\",\n            \"name\": \"What is the recommended dosage for your supplements?\",\n            \"acceptedAnswer\": {\n                \"@type\": \"Answer\",\n                \"text\": \"The recommended dosage varies depending on the product. Please refer to the label on the packaging for specific instructions. You can also consult with a healthcare professional before starting any new supplement regimen.\"\n            }\n        },\n        {\n            \"@type\": \"Question\",\n            \"name\": \"Are your supplements safe for everyone to use?\",\n            \"acceptedAnswer\": {\n                \"@type\": \"Answer\",\n                \"text\": \"<p>Our supplements are made with high-quality ingredients and follow strict safety standards. However, we do not advise anyone under 16, pregnant or nursing women, individuals with underlying health conditions, or those taking medications to use our supplements without consulting a healthcare provider first.<\\\/p>\"\n            }\n        },\n        {\n            \"@type\": \"Question\",\n            \"name\": \"How long does shipping take, and do you offer international delivery?\",\n            \"acceptedAnswer\": {\n                \"@type\": \"Answer\",\n                \"text\": \"<p>We offer fast domestic shipping, typically within 3-5 business days. International delivery is available to select countries, and shipping times vary depending on the destination.<\\\/p>\"\n            }\n        },\n        {\n            \"@type\": \"Question\",\n            \"name\": \"Can I return or exchange a product?\",\n            \"acceptedAnswer\": {\n                \"@type\": \"Answer\",\n                \"text\": \"<p>Yes, if your product arrives damaged, please contact us within 14 days of delivery. After we review and verify the claim, we will issue a full refund or send a replacement. Please keep the original packaging and provide any necessary photos to help us process your request quickly.<\\\/p>\"\n            }\n        },\n        {\n            \"@type\": \"Question\",\n            \"name\": \"Are your supplements vegan and gluten-free?\",\n            \"acceptedAnswer\": {\n                \"@type\": \"Answer\",\n                \"text\": \"<p>We offer a range of supplements, including vegan e gluten-free options. Product descriptions on our website will specify whether <br \\\/>a supplement meets these dietary requirements. You can filter products by category to find options that fit your needs.<\\\/p>\"\n            }\n        }\n    ]\n}<\/script>\n\t\t\t\t\t<\/div>\n\t\t\t\t\t\t<\/div>\n\t\t\t\t<\/div>\n\t\t\t\t\t<\/div>\n\t\t\t\t<\/div>\n\t\t<div class=\"elementor-element elementor-element-3b3df0c e-flex e-con-boxed e-con e-parent\" data-id=\"3b3df0c\" data-element_type=\"container\">\n\t\t\t\t\t<div class=\"e-con-inner\">\n\t\t\t\t<div class=\"elementor-element elementor-element-068195e elementor-widget elementor-widget-heading\" data-id=\"068195e\" data-element_type=\"widget\" data-widget_type=\"heading.default\">\n\t\t\t\t<div class=\"elementor-widget-container\">\n\t\t\t\t\t<h2 class=\"elementor-heading-title elementor-size-default\">Finner du ikke det du leter etter?<\/h2>\t\t\t\t<\/div>\n\t\t\t\t<\/div>\n\t\t\t\t<div class=\"elementor-element elementor-element-a66108c elementor-widget elementor-widget-text-editor\" data-id=\"a66108c\" data-element_type=\"widget\" data-widget_type=\"text-editor.default\">\n\t\t\t\t<div class=\"elementor-widget-container\">\n\t\t\t\t\t\t\t\t\tSend oss en e-post og fortell oss hva som er galt, s\u00e5 vil noen fra kundeserviceteamet v\u00e5rt komme tilbake til deg s\u00e5 snart som mulig. Husk \u00e5 oppgi bestillingsnummeret ditt (hvis du har et).\n\nVennligst send oss en e-post til <a href=\"mailto:wecare@self.nu\">wecare@self.nu<\/a>\t\t\t\t\t\t\t\t<\/div>\n\t\t\t\t<\/div>\n\t\t\t\t<div class=\"elementor-element elementor-element-c4394b8 elementor-widget elementor-widget-text-editor\" data-id=\"c4394b8\" data-element_type=\"widget\" data-widget_type=\"text-editor.default\">\n\t\t\t\t<div class=\"elementor-widget-container\">\n\t\t\t\t\t<style>.elementor-element-c4394b8{display:none !important}<\/style>\t\t\t\t<\/div>\n\t\t\t\t<\/div>\n\t\t\t\t\t<\/div>\n\t\t\t\t<\/div>\n\t\t<div class=\"elementor-element elementor-element-eb4c014 e-flex e-con-boxed e-con e-parent\" data-id=\"eb4c014\" data-element_type=\"container\">\n\t\t\t\t\t<div class=\"e-con-inner\">\n\t\t\t\t<div class=\"elementor-element elementor-element-1c52a05 elementor-widget elementor-widget-heading\" data-id=\"1c52a05\" data-element_type=\"widget\" data-widget_type=\"heading.default\">\n\t\t\t\t<div class=\"elementor-widget-container\">\n\t\t\t\t\t<h2 class=\"elementor-heading-title elementor-size-default\">Har du andre sp\u00f8rsm\u00e5l? La oss ta en prat.<\/h2>\t\t\t\t<\/div>\n\t\t\t\t<\/div>\n\t\t\t\t\t<\/div>\n\t\t\t\t<\/div>\n\t\t\t\t<\/div>","protected":false},"excerpt":{"rendered":"<p>FAQ Svar p\u00e5 sp\u00f8rsm\u00e5lene dine Hva er den anbefalte dosen for kosttilskuddene deres? Den anbefalte dosen varierer avhengig av produktet. Se etiketten p\u00e5 emballasjen for spesifikke instruksjoner. Du kan ogs\u00e5 r\u00e5df\u00f8re deg med helsepersonell f\u00f8r du begynner p\u00e5 et nytt kosttilskudd. Er kosttilskuddene deres trygge \u00e5 bruke for alle? V\u00e5re [...]<\/p>","protected":false},"author":1,"featured_media":0,"parent":0,"menu_order":0,"comment_status":"closed","ping_status":"closed","template":"","meta":{"footnotes":""},"class_list":["post-2851","page","type-page","status-publish","hentry"],"aioseo_notices":[],"_links":{"self":[{"href":"https:\/\/www.selfprotein.com\/nb\/wp-json\/wp\/v2\/pages\/2851"}],"collection":[{"href":"https:\/\/www.selfprotein.com\/nb\/wp-json\/wp\/v2\/pages"}],"about":[{"href":"https:\/\/www.selfprotein.com\/nb\/wp-json\/wp\/v2\/types\/page"}],"author":[{"embeddable":true,"href":"https:\/\/www.selfprotein.com\/nb\/wp-json\/wp\/v2\/users\/1"}],"replies":[{"embeddable":true,"href":"https:\/\/www.selfprotein.com\/nb\/wp-json\/wp\/v2\/comments?post=2851"}],"version-history":[{"count":136,"href":"https:\/\/www.selfprotein.com\/nb\/wp-json\/wp\/v2\/pages\/2851\/revisions"}],"predecessor-version":[{"id":11115,"href":"https:\/\/www.selfprotein.com\/nb\/wp-json\/wp\/v2\/pages\/2851\/revisions\/11115"}],"wp:attachment":[{"href":"https:\/\/www.selfprotein.com\/nb\/wp-json\/wp\/v2\/media?parent=2851"}],"curies":[{"name":"wp","href":"https:\/\/api.w.org\/{rel}","templated":true}]}}