{"id":9415,"date":"2024-09-16T11:15:44","date_gmt":"2024-09-16T09:15:44","guid":{"rendered":"https:\/\/www.selfprotein.com\/?page_id=9415"},"modified":"2024-10-17T16:47:58","modified_gmt":"2024-10-17T14:47:58","slug":"protein-waffle-recipe","status":"publish","type":"page","link":"https:\/\/www.selfprotein.com\/nb\/protein-waffle-recipe\/","title":{"rendered":"Oppskrift p\u00e5 proteinvafler"},"content":{"rendered":"<div data-elementor-type=\"wp-page\" data-elementor-id=\"9415\" class=\"elementor elementor-9415\" data-elementor-post-type=\"page\">\n\t\t\t\t<div class=\"elementor-element elementor-element-34f19e47 elementor-hidden-mobile_extra elementor-hidden-mobile e-flex e-con-boxed e-con e-parent\" data-id=\"34f19e47\" data-element_type=\"container\">\n\t\t\t\t\t<div class=\"e-con-inner\">\n\t\t<div class=\"elementor-element elementor-element-7db4b19f e-con-full e-flex e-con e-child\" data-id=\"7db4b19f\" data-element_type=\"container\" data-settings=\"{&quot;background_background&quot;:&quot;classic&quot;}\">\n\t\t\t\t<\/div>\n\t\t<div class=\"elementor-element elementor-element-4926b6f1 e-con-full e-flex e-con e-child\" data-id=\"4926b6f1\" data-element_type=\"container\">\n\t\t\t\t<\/div>\n\t\t\t\t\t<\/div>\n\t\t\t\t<\/div>\n\t\t<div class=\"elementor-element elementor-element-4667c9ba e-flex e-con-boxed e-con e-parent\" data-id=\"4667c9ba\" data-element_type=\"container\">\n\t\t\t\t\t<div class=\"e-con-inner\">\n\t\t<div class=\"elementor-element elementor-element-2c342cf6 e-con-full elementor-hidden-mobile_extra elementor-hidden-mobile e-flex e-con e-child\" data-id=\"2c342cf6\" data-element_type=\"container\" data-settings=\"{&quot;background_background&quot;:&quot;classic&quot;}\">\n\t\t\t\t<\/div>\n\t\t<div class=\"elementor-element elementor-element-52c9f7f3 e-con-full e-flex e-con e-child\" data-id=\"52c9f7f3\" data-element_type=\"container\">\n\t\t\t\t<div class=\"elementor-element elementor-element-637431ac elementor-widget__width-initial elementor-widget elementor-widget-image\" data-id=\"637431ac\" data-element_type=\"widget\" data-widget_type=\"image.default\">\n\t\t\t\t<div class=\"elementor-widget-container\">\n\t\t\t\t\t\t\t\t\t\t\t\t\t\t\t<img fetchpriority=\"high\" decoding=\"async\" width=\"620\" height=\"400\" src=\"https:\/\/www.selfprotein.com\/wp-content\/uploads\/2024\/09\/protein-waffle.png\" class=\"attachment-full size-full wp-image-9420\" alt=\"protein-vaffel\" srcset=\"https:\/\/www.selfprotein.com\/wp-content\/uploads\/2024\/09\/protein-waffle.png 620w, https:\/\/www.selfprotein.com\/wp-content\/uploads\/2024\/09\/protein-waffle-300x194.png 300w, https:\/\/www.selfprotein.com\/wp-content\/uploads\/2024\/09\/protein-waffle-18x12.png 18w, https:\/\/www.selfprotein.com\/wp-content\/uploads\/2024\/09\/protein-waffle-600x387.png 600w\" sizes=\"(max-width: 620px) 100vw, 620px\" \/>\t\t\t\t\t\t\t\t\t\t\t\t\t\t\t<\/div>\n\t\t\t\t<\/div>\n\t\t\t\t<\/div>\n\t\t\t\t\t<\/div>\n\t\t\t\t<\/div>\n\t\t<div class=\"elementor-element elementor-element-60c8c638 e-flex e-con-boxed e-con e-parent\" data-id=\"60c8c638\" data-element_type=\"container\">\n\t\t\t\t\t<div class=\"e-con-inner\">\n\t\t<div class=\"elementor-element elementor-element-1f79f1e3 e-con-full elementor-hidden-mobile_extra elementor-hidden-mobile e-flex e-con e-child\" data-id=\"1f79f1e3\" data-element_type=\"container\" data-settings=\"{&quot;background_background&quot;:&quot;classic&quot;}\">\n\t\t\t\t<\/div>\n\t\t<div class=\"elementor-element elementor-element-61587971 e-con-full e-flex e-con e-child\" data-id=\"61587971\" data-element_type=\"container\">\n\t\t\t\t<div class=\"elementor-element elementor-element-3249064d elementor-widget-tablet__width-initial elementor-widget elementor-widget-heading\" data-id=\"3249064d\" data-element_type=\"widget\" data-widget_type=\"heading.default\">\n\t\t\t\t<div class=\"elementor-widget-container\">\n\t\t\t\t\t<h1 class=\"elementor-heading-title elementor-size-default\">Proteinvaffel<\/h1>\t\t\t\t<\/div>\n\t\t\t\t<\/div>\n\t\t\t\t<\/div>\n\t\t\t\t\t<\/div>\n\t\t\t\t<\/div>\n\t\t<div class=\"elementor-element elementor-element-5fdca6e1 e-flex e-con-boxed e-con e-parent\" data-id=\"5fdca6e1\" data-element_type=\"container\">\n\t\t\t\t\t<div class=\"e-con-inner\">\n\t\t<div class=\"elementor-element elementor-element-35c639bc e-con-full e-flex e-con e-child\" data-id=\"35c639bc\" data-element_type=\"container\" data-settings=\"{&quot;background_background&quot;:&quot;classic&quot;}\">\n\t\t\t\t<div class=\"elementor-element elementor-element-baad47d elementor-widget elementor-widget-heading\" data-id=\"baad47d\" data-element_type=\"widget\" data-widget_type=\"heading.default\">\n\t\t\t\t<div class=\"elementor-widget-container\">\n\t\t\t\t\t<h2 class=\"elementor-heading-title elementor-size-default\">Ingredienser<\/h2>\t\t\t\t<\/div>\n\t\t\t\t<\/div>\n\t\t\t\t<div class=\"elementor-element elementor-element-1b73affe elementor-widget-divider--view-line elementor-widget elementor-widget-divider\" data-id=\"1b73affe\" data-element_type=\"widget\" data-widget_type=\"divider.default\">\n\t\t\t\t<div class=\"elementor-widget-container\">\n\t\t\t\t\t\t\t<div class=\"elementor-divider\">\n\t\t\t<span class=\"elementor-divider-separator\">\n\t\t\t\t\t\t<\/span>\n\t\t<\/div>\n\t\t\t\t\t\t<\/div>\n\t\t\t\t<\/div>\n\t\t\t\t<div class=\"elementor-element elementor-element-18a0c23c elementor-widget elementor-widget-text-editor\" data-id=\"18a0c23c\" data-element_type=\"widget\" data-widget_type=\"text-editor.default\">\n\t\t\t\t<div class=\"elementor-widget-container\">\n\t\t\t\t\t\t\t\t\t<ul>\n \t<li>40 g av <a style=\"text-decoration:underline;\" href=\"https:\/\/www.selfprotein.com\/nb\/produkt\/instant-oat\/\" target=\"_blank\" rel=\"noopener\">Naturlig Instant Havrepulver<\/a><\/li>\n \t<li>30 g 00 mel<\/li>\n \t<li>60 g hvitt egg<\/li>\n \t<li>50 g hvit gresk yoghurt<\/li>\n \t<li>15 ml melk<\/li>\n \t<li>5 ml kokosolje eller sm\u00f8r (valgfritt)<\/li>\n \t<li>5 g bakepulver<\/li>\n \t<li>S\u00f8tningsmiddel (f.eks. stevia)<\/li>\n<\/ul>\t\t\t\t\t\t\t\t<\/div>\n\t\t\t\t<\/div>\n\t\t\t\t<\/div>\n\t\t<div class=\"elementor-element elementor-element-7f5d4c9c e-con-full e-flex e-con e-child\" data-id=\"7f5d4c9c\" data-element_type=\"container\">\n\t\t\t\t<div class=\"elementor-element elementor-element-3771b8f7 elementor-widget elementor-widget-heading\" data-id=\"3771b8f7\" data-element_type=\"widget\" data-widget_type=\"heading.default\">\n\t\t\t\t<div class=\"elementor-widget-container\">\n\t\t\t\t\t<h2 class=\"elementor-heading-title elementor-size-default\">Fremgangsm\u00e5te<\/h2>\t\t\t\t<\/div>\n\t\t\t\t<\/div>\n\t\t\t\t<div class=\"elementor-element elementor-element-51e4d764 elementor-widget-divider--view-line elementor-widget elementor-widget-divider\" data-id=\"51e4d764\" data-element_type=\"widget\" data-widget_type=\"divider.default\">\n\t\t\t\t<div class=\"elementor-widget-container\">\n\t\t\t\t\t\t\t<div class=\"elementor-divider\">\n\t\t\t<span class=\"elementor-divider-separator\">\n\t\t\t\t\t\t<\/span>\n\t\t<\/div>\n\t\t\t\t\t\t<\/div>\n\t\t\t\t<\/div>\n\t\t\t\t<div class=\"elementor-element elementor-element-631c4694 elementor-widget elementor-widget-text-editor\" data-id=\"631c4694\" data-element_type=\"widget\" data-widget_type=\"text-editor.default\">\n\t\t\t\t<div class=\"elementor-widget-container\">\n\t\t\t\t\t\t\t\t\t<p>1. Pisk det hvite egget i en bolle med en visp eller en visp<br \/>2. Bland yoghurt, melk og kokosolje eller sm\u00f8r i en separat bolle (sm\u00f8r eller olje valgfritt)<br \/>3. Tilsett havregryn, 00 mel og bakepulver<br \/>4. Bland det hvite egget med melet og bland det med yoghurten.<br \/>5. Stek i vaffelstekeren. Kombiner med litt proteinkrem hvis du liker det<\/p>\t\t\t\t\t\t\t\t<\/div>\n\t\t\t\t<\/div>\n\t\t\t\t<div class=\"elementor-element elementor-element-6e894b27 elementor-widget elementor-widget-heading\" data-id=\"6e894b27\" data-element_type=\"widget\" data-widget_type=\"heading.default\">\n\t\t\t\t<div class=\"elementor-widget-container\">\n\t\t\t\t\t<h2 class=\"elementor-heading-title elementor-size-default\">Tips<\/h2>\t\t\t\t<\/div>\n\t\t\t\t<\/div>\n\t\t\t\t<div class=\"elementor-element elementor-element-59dd7993 elementor-widget-divider--view-line elementor-widget elementor-widget-divider\" data-id=\"59dd7993\" data-element_type=\"widget\" data-widget_type=\"divider.default\">\n\t\t\t\t<div class=\"elementor-widget-container\">\n\t\t\t\t\t\t\t<div class=\"elementor-divider\">\n\t\t\t<span class=\"elementor-divider-separator\">\n\t\t\t\t\t\t<\/span>\n\t\t<\/div>\n\t\t\t\t\t\t<\/div>\n\t\t\t\t<\/div>\n\t\t\t\t<div class=\"elementor-element elementor-element-11bf3bae elementor-widget elementor-widget-text-editor\" data-id=\"11bf3bae\" data-element_type=\"widget\" data-widget_type=\"text-editor.default\">\n\t\t\t\t<div class=\"elementor-widget-container\">\n\t\t\t\t\t\t\t\t\t<p>Du kan tilsette m\u00f8rk sjokolade eller hakkede n\u00f8tter i r\u00f8ren for en knasende touch.<br \/>Server vaflene varme med frisk frukt (f.eks. jordb\u00e6r, bl\u00e5b\u00e6r eller bananskiver), litt honning eller l\u00f8nnesirup og litt gresk yoghurt for et ekstra tilskudd av protein.<\/p>\t\t\t\t\t\t\t\t<\/div>\n\t\t\t\t<\/div>\n\t\t\t\t<\/div>\n\t\t\t\t\t<\/div>\n\t\t\t\t<\/div>\n\t\t\t\t<\/div>","protected":false},"excerpt":{"rendered":"<p>Proteinvaffel Ingredienser 40 g naturlig Instant Havregryn 30 g 00 mel 60 g hvitt egg 50 g hvit gresk yoghurt 15 ml melk 5 ml kokosolje eller sm\u00f8r (valgfritt) 5 g bakepulver S\u00f8tningsmiddel (f.eks. stevia) Fremgangsm\u00e5te 1. Pisk det hvite egget i en bolle med en visp eller en [...].<\/p>","protected":false},"author":22483,"featured_media":0,"parent":0,"menu_order":0,"comment_status":"closed","ping_status":"closed","template":"","meta":{"footnotes":""},"class_list":["post-9415","page","type-page","status-publish","hentry"],"aioseo_notices":[],"_links":{"self":[{"href":"https:\/\/www.selfprotein.com\/nb\/wp-json\/wp\/v2\/pages\/9415"}],"collection":[{"href":"https:\/\/www.selfprotein.com\/nb\/wp-json\/wp\/v2\/pages"}],"about":[{"href":"https:\/\/www.selfprotein.com\/nb\/wp-json\/wp\/v2\/types\/page"}],"author":[{"embeddable":true,"href":"https:\/\/www.selfprotein.com\/nb\/wp-json\/wp\/v2\/users\/22483"}],"replies":[{"embeddable":true,"href":"https:\/\/www.selfprotein.com\/nb\/wp-json\/wp\/v2\/comments?post=9415"}],"version-history":[{"count":62,"href":"https:\/\/www.selfprotein.com\/nb\/wp-json\/wp\/v2\/pages\/9415\/revisions"}],"predecessor-version":[{"id":10936,"href":"https:\/\/www.selfprotein.com\/nb\/wp-json\/wp\/v2\/pages\/9415\/revisions\/10936"}],"wp:attachment":[{"href":"https:\/\/www.selfprotein.com\/nb\/wp-json\/wp\/v2\/media?parent=9415"}],"curies":[{"name":"wp","href":"https:\/\/api.w.org\/{rel}","templated":true}]}}