{"id":9752,"date":"2024-09-16T11:14:59","date_gmt":"2024-09-16T09:14:59","guid":{"rendered":"https:\/\/www.selfprotein.com\/?page_id=9752"},"modified":"2024-10-17T16:15:33","modified_gmt":"2024-10-17T14:15:33","slug":"mug-cake-recipe","status":"publish","type":"page","link":"https:\/\/www.selfprotein.com\/nb\/mug-cake-recipe\/","title":{"rendered":"Kruskakeoppskrift"},"content":{"rendered":"<div data-elementor-type=\"wp-page\" data-elementor-id=\"9752\" class=\"elementor elementor-9752\" data-elementor-post-type=\"page\">\n\t\t\t\t<div class=\"elementor-element elementor-element-1851e96a elementor-hidden-mobile_extra elementor-hidden-mobile e-flex e-con-boxed e-con e-parent\" data-id=\"1851e96a\" data-element_type=\"container\">\n\t\t\t\t\t<div class=\"e-con-inner\">\n\t\t<div class=\"elementor-element elementor-element-5461e841 e-con-full e-flex e-con e-child\" data-id=\"5461e841\" data-element_type=\"container\" data-settings=\"{&quot;background_background&quot;:&quot;classic&quot;}\">\n\t\t\t\t<\/div>\n\t\t<div class=\"elementor-element elementor-element-5d55093a e-con-full e-flex e-con e-child\" data-id=\"5d55093a\" data-element_type=\"container\">\n\t\t\t\t<\/div>\n\t\t\t\t\t<\/div>\n\t\t\t\t<\/div>\n\t\t<div class=\"elementor-element elementor-element-2595432a e-flex e-con-boxed e-con e-parent\" data-id=\"2595432a\" data-element_type=\"container\">\n\t\t\t\t\t<div class=\"e-con-inner\">\n\t\t<div class=\"elementor-element elementor-element-7663d95b e-con-full elementor-hidden-mobile_extra elementor-hidden-mobile e-flex e-con e-child\" data-id=\"7663d95b\" data-element_type=\"container\" data-settings=\"{&quot;background_background&quot;:&quot;classic&quot;}\">\n\t\t\t\t<\/div>\n\t\t<div class=\"elementor-element elementor-element-14702871 e-con-full e-flex e-con e-child\" data-id=\"14702871\" data-element_type=\"container\">\n\t\t\t\t<div class=\"elementor-element elementor-element-5c685bf elementor-widget__width-initial elementor-widget elementor-widget-image\" data-id=\"5c685bf\" data-element_type=\"widget\" data-widget_type=\"image.default\">\n\t\t\t\t<div class=\"elementor-widget-container\">\n\t\t\t\t\t\t\t\t\t\t\t\t\t\t\t<img fetchpriority=\"high\" decoding=\"async\" width=\"620\" height=\"400\" src=\"https:\/\/www.selfprotein.com\/wp-content\/uploads\/2024\/09\/mug-cake.png\" class=\"attachment-full size-full wp-image-9672\" alt=\"mug-cake\" srcset=\"https:\/\/www.selfprotein.com\/wp-content\/uploads\/2024\/09\/mug-cake.png 620w, https:\/\/www.selfprotein.com\/wp-content\/uploads\/2024\/09\/mug-cake-300x194.png 300w, https:\/\/www.selfprotein.com\/wp-content\/uploads\/2024\/09\/mug-cake-18x12.png 18w, https:\/\/www.selfprotein.com\/wp-content\/uploads\/2024\/09\/mug-cake-600x387.png 600w\" sizes=\"(max-width: 620px) 100vw, 620px\" \/>\t\t\t\t\t\t\t\t\t\t\t\t\t\t\t<\/div>\n\t\t\t\t<\/div>\n\t\t\t\t<\/div>\n\t\t\t\t\t<\/div>\n\t\t\t\t<\/div>\n\t\t<div class=\"elementor-element elementor-element-3b823b92 e-flex e-con-boxed e-con e-parent\" data-id=\"3b823b92\" data-element_type=\"container\">\n\t\t\t\t\t<div class=\"e-con-inner\">\n\t\t<div class=\"elementor-element elementor-element-2746da33 e-con-full elementor-hidden-mobile_extra elementor-hidden-mobile e-flex e-con e-child\" data-id=\"2746da33\" data-element_type=\"container\" data-settings=\"{&quot;background_background&quot;:&quot;classic&quot;}\">\n\t\t\t\t<\/div>\n\t\t<div class=\"elementor-element elementor-element-3bef5a7c e-con-full e-flex e-con e-child\" data-id=\"3bef5a7c\" data-element_type=\"container\">\n\t\t\t\t<div class=\"elementor-element elementor-element-33f4d2f2 elementor-widget-tablet__width-initial elementor-widget elementor-widget-heading\" data-id=\"33f4d2f2\" data-element_type=\"widget\" data-widget_type=\"heading.default\">\n\t\t\t\t<div class=\"elementor-widget-container\">\n\t\t\t\t\t<h1 class=\"elementor-heading-title elementor-size-default\">Kruskake\n<\/h1>\t\t\t\t<\/div>\n\t\t\t\t<\/div>\n\t\t\t\t<\/div>\n\t\t\t\t\t<\/div>\n\t\t\t\t<\/div>\n\t\t<div class=\"elementor-element elementor-element-1d301998 e-flex e-con-boxed e-con e-parent\" data-id=\"1d301998\" data-element_type=\"container\">\n\t\t\t\t\t<div class=\"e-con-inner\">\n\t\t<div class=\"elementor-element elementor-element-12319f58 e-con-full e-flex e-con e-child\" data-id=\"12319f58\" data-element_type=\"container\" data-settings=\"{&quot;background_background&quot;:&quot;classic&quot;}\">\n\t\t\t\t<div class=\"elementor-element elementor-element-7c8c0d4 elementor-widget elementor-widget-heading\" data-id=\"7c8c0d4\" data-element_type=\"widget\" data-widget_type=\"heading.default\">\n\t\t\t\t<div class=\"elementor-widget-container\">\n\t\t\t\t\t<h2 class=\"elementor-heading-title elementor-size-default\">Ingredienser<\/h2>\t\t\t\t<\/div>\n\t\t\t\t<\/div>\n\t\t\t\t<div class=\"elementor-element elementor-element-75929dac elementor-widget-divider--view-line elementor-widget elementor-widget-divider\" data-id=\"75929dac\" data-element_type=\"widget\" data-widget_type=\"divider.default\">\n\t\t\t\t<div class=\"elementor-widget-container\">\n\t\t\t\t\t\t\t<div class=\"elementor-divider\">\n\t\t\t<span class=\"elementor-divider-separator\">\n\t\t\t\t\t\t<\/span>\n\t\t<\/div>\n\t\t\t\t\t\t<\/div>\n\t\t\t\t<\/div>\n\t\t\t\t<div class=\"elementor-element elementor-element-7d925cdf elementor-widget elementor-widget-text-editor\" data-id=\"7d925cdf\" data-element_type=\"widget\" data-widget_type=\"text-editor.default\">\n\t\t\t\t<div class=\"elementor-widget-container\">\n\t\t\t\t\t\t\t\t\t<ul>\n \t<li>2 spiseskjeer av din <a style=\"text-decoration:underline;\" href=\"https:\/\/www.selfprotein.com\/nb\/produkt\/instant-oat\/\" target=\"_blank\" rel=\"noopener\">Self Instant Oat<\/a>\nfavorittsmak<\/li>\n \t<li>5 ss plantebasert melk (eller\nkumelk)<\/li>\n \t<li>1\/2 teskje bakepulver<\/li>\n \t<li>1 spiseskje kakao sjokoladedr\u00e5per,\nbringeb\u00e6r, jordb\u00e6r, kokosn\u00f8tt\neller din favorittfrukt som topping<\/li>\n<\/ul>\t\t\t\t\t\t\t\t<\/div>\n\t\t\t\t<\/div>\n\t\t\t\t<\/div>\n\t\t<div class=\"elementor-element elementor-element-4d99047e e-con-full e-flex e-con e-child\" data-id=\"4d99047e\" data-element_type=\"container\">\n\t\t\t\t<div class=\"elementor-element elementor-element-2de16020 elementor-widget elementor-widget-heading\" data-id=\"2de16020\" data-element_type=\"widget\" data-widget_type=\"heading.default\">\n\t\t\t\t<div class=\"elementor-widget-container\">\n\t\t\t\t\t<h2 class=\"elementor-heading-title elementor-size-default\">Fremgangsm\u00e5te<\/h2>\t\t\t\t<\/div>\n\t\t\t\t<\/div>\n\t\t\t\t<div class=\"elementor-element elementor-element-50bbd5a7 elementor-widget-divider--view-line elementor-widget elementor-widget-divider\" data-id=\"50bbd5a7\" data-element_type=\"widget\" data-widget_type=\"divider.default\">\n\t\t\t\t<div class=\"elementor-widget-container\">\n\t\t\t\t\t\t\t<div class=\"elementor-divider\">\n\t\t\t<span class=\"elementor-divider-separator\">\n\t\t\t\t\t\t<\/span>\n\t\t<\/div>\n\t\t\t\t\t\t<\/div>\n\t\t\t\t<\/div>\n\t\t\t\t<div class=\"elementor-element elementor-element-7fc07f4a elementor-widget elementor-widget-text-editor\" data-id=\"7fc07f4a\" data-element_type=\"widget\" data-widget_type=\"text-editor.default\">\n\t\t\t\t<div class=\"elementor-widget-container\">\n\t\t\t\t\t\t\t\t\t<p>1. Bland alle ingrediensene i en kopp.<br \/>2. Stek i mikrob\u00f8lgeovn p\u00e5 700 W i 2 minutter eller i ovn p\u00e5 180 \u00b0C i 10\/12 minutter.<\/p>\t\t\t\t\t\t\t\t<\/div>\n\t\t\t\t<\/div>\n\t\t\t\t<div class=\"elementor-element elementor-element-1a1b746a elementor-widget elementor-widget-heading\" data-id=\"1a1b746a\" data-element_type=\"widget\" data-widget_type=\"heading.default\">\n\t\t\t\t<div class=\"elementor-widget-container\">\n\t\t\t\t\t<h2 class=\"elementor-heading-title elementor-size-default\">Tips<\/h2>\t\t\t\t<\/div>\n\t\t\t\t<\/div>\n\t\t\t\t<div class=\"elementor-element elementor-element-59598cbd elementor-widget-divider--view-line elementor-widget elementor-widget-divider\" data-id=\"59598cbd\" data-element_type=\"widget\" data-widget_type=\"divider.default\">\n\t\t\t\t<div class=\"elementor-widget-container\">\n\t\t\t\t\t\t\t<div class=\"elementor-divider\">\n\t\t\t<span class=\"elementor-divider-separator\">\n\t\t\t\t\t\t<\/span>\n\t\t<\/div>\n\t\t\t\t\t\t<\/div>\n\t\t\t\t<\/div>\n\t\t\t\t<div class=\"elementor-element elementor-element-7e1424e1 elementor-widget elementor-widget-text-editor\" data-id=\"7e1424e1\" data-element_type=\"widget\" data-widget_type=\"text-editor.default\">\n\t\t\t\t<div class=\"elementor-widget-container\">\n\t\t\t\t\t\t\t\t\t<p>Hvis du vil, kan du legge en klatt kremfl\u00f8te eller en kule vaniljeis p\u00e5 toppen av den nybakte kruskaken for \u00e5 gj\u00f8re den ekstra luksuri\u00f8s.<\/p>\t\t\t\t\t\t\t\t<\/div>\n\t\t\t\t<\/div>\n\t\t\t\t<\/div>\n\t\t\t\t\t<\/div>\n\t\t\t\t<\/div>\n\t\t\t\t<\/div>","protected":false},"excerpt":{"rendered":"<p>Mug Cake Ingredienser 2 ss av din Self Instant Oat favorittsmak 5 ss plantebasert melk (eller kumelk) 1\/2 teskje bakepulver 1 ss kakao sjokoladedr\u00e5per, bringeb\u00e6r, jordb\u00e6r, kokos eller din favorittfrukt som topping Fremgangsm\u00e5te 1. Bland alle ingrediensene i en kopp. 2. Stek i mikrob\u00f8lgeovn p\u00e5 700W i 2 minutter [...].<\/p>","protected":false},"author":22483,"featured_media":0,"parent":0,"menu_order":0,"comment_status":"closed","ping_status":"closed","template":"","meta":{"footnotes":""},"class_list":["post-9752","page","type-page","status-publish","hentry"],"aioseo_notices":[],"_links":{"self":[{"href":"https:\/\/www.selfprotein.com\/nb\/wp-json\/wp\/v2\/pages\/9752"}],"collection":[{"href":"https:\/\/www.selfprotein.com\/nb\/wp-json\/wp\/v2\/pages"}],"about":[{"href":"https:\/\/www.selfprotein.com\/nb\/wp-json\/wp\/v2\/types\/page"}],"author":[{"embeddable":true,"href":"https:\/\/www.selfprotein.com\/nb\/wp-json\/wp\/v2\/users\/22483"}],"replies":[{"embeddable":true,"href":"https:\/\/www.selfprotein.com\/nb\/wp-json\/wp\/v2\/comments?post=9752"}],"version-history":[{"count":28,"href":"https:\/\/www.selfprotein.com\/nb\/wp-json\/wp\/v2\/pages\/9752\/revisions"}],"predecessor-version":[{"id":10906,"href":"https:\/\/www.selfprotein.com\/nb\/wp-json\/wp\/v2\/pages\/9752\/revisions\/10906"}],"wp:attachment":[{"href":"https:\/\/www.selfprotein.com\/nb\/wp-json\/wp\/v2\/media?parent=9752"}],"curies":[{"name":"wp","href":"https:\/\/api.w.org\/{rel}","templated":true}]}}