{"id":9780,"date":"2024-09-16T11:14:21","date_gmt":"2024-09-16T09:14:21","guid":{"rendered":"https:\/\/www.selfprotein.com\/?page_id=9780"},"modified":"2024-10-17T15:26:50","modified_gmt":"2024-10-17T13:26:50","slug":"chocolate-balls-recipe","status":"publish","type":"page","link":"https:\/\/www.selfprotein.com\/nb\/chocolate-balls-recipe\/","title":{"rendered":"Sjokoladekuler oppskrift"},"content":{"rendered":"<div data-elementor-type=\"wp-page\" data-elementor-id=\"9780\" class=\"elementor elementor-9780\" data-elementor-post-type=\"page\">\n\t\t\t\t<div class=\"elementor-element elementor-element-60bd5766 elementor-hidden-mobile_extra elementor-hidden-mobile e-flex e-con-boxed e-con e-parent\" data-id=\"60bd5766\" data-element_type=\"container\">\n\t\t\t\t\t<div class=\"e-con-inner\">\n\t\t<div class=\"elementor-element elementor-element-6a44ed0a e-con-full e-flex e-con e-child\" data-id=\"6a44ed0a\" data-element_type=\"container\" data-settings=\"{&quot;background_background&quot;:&quot;classic&quot;}\">\n\t\t\t\t<\/div>\n\t\t<div class=\"elementor-element elementor-element-6fd4fdbb e-con-full e-flex e-con e-child\" data-id=\"6fd4fdbb\" data-element_type=\"container\">\n\t\t\t\t<\/div>\n\t\t\t\t\t<\/div>\n\t\t\t\t<\/div>\n\t\t<div class=\"elementor-element elementor-element-3dc97ce1 e-flex e-con-boxed e-con e-parent\" data-id=\"3dc97ce1\" data-element_type=\"container\">\n\t\t\t\t\t<div class=\"e-con-inner\">\n\t\t<div class=\"elementor-element elementor-element-5adcd57c e-con-full elementor-hidden-mobile_extra elementor-hidden-mobile e-flex e-con e-child\" data-id=\"5adcd57c\" data-element_type=\"container\" data-settings=\"{&quot;background_background&quot;:&quot;classic&quot;}\">\n\t\t\t\t<\/div>\n\t\t<div class=\"elementor-element elementor-element-77405b15 e-con-full e-flex e-con e-child\" data-id=\"77405b15\" data-element_type=\"container\">\n\t\t\t\t<div class=\"elementor-element elementor-element-7cbbce2c elementor-widget__width-initial elementor-widget elementor-widget-image\" data-id=\"7cbbce2c\" data-element_type=\"widget\" data-widget_type=\"image.default\">\n\t\t\t\t<div class=\"elementor-widget-container\">\n\t\t\t\t\t\t\t\t\t\t\t\t\t\t\t<img fetchpriority=\"high\" decoding=\"async\" width=\"620\" height=\"400\" src=\"https:\/\/www.selfprotein.com\/wp-content\/uploads\/2024\/09\/chocolate-balls.png\" class=\"attachment-full size-full wp-image-9670\" alt=\"sjokoladekuler\" srcset=\"https:\/\/www.selfprotein.com\/wp-content\/uploads\/2024\/09\/chocolate-balls.png 620w, https:\/\/www.selfprotein.com\/wp-content\/uploads\/2024\/09\/chocolate-balls-300x194.png 300w, https:\/\/www.selfprotein.com\/wp-content\/uploads\/2024\/09\/chocolate-balls-18x12.png 18w, https:\/\/www.selfprotein.com\/wp-content\/uploads\/2024\/09\/chocolate-balls-600x387.png 600w\" sizes=\"(max-width: 620px) 100vw, 620px\" \/>\t\t\t\t\t\t\t\t\t\t\t\t\t\t\t<\/div>\n\t\t\t\t<\/div>\n\t\t\t\t<\/div>\n\t\t\t\t\t<\/div>\n\t\t\t\t<\/div>\n\t\t<div class=\"elementor-element elementor-element-752d173a e-flex e-con-boxed e-con e-parent\" data-id=\"752d173a\" data-element_type=\"container\">\n\t\t\t\t\t<div class=\"e-con-inner\">\n\t\t<div class=\"elementor-element elementor-element-4721ee2e e-con-full elementor-hidden-mobile_extra elementor-hidden-mobile e-flex e-con e-child\" data-id=\"4721ee2e\" data-element_type=\"container\" data-settings=\"{&quot;background_background&quot;:&quot;classic&quot;}\">\n\t\t\t\t<\/div>\n\t\t<div class=\"elementor-element elementor-element-6791fc5a e-con-full e-flex e-con e-child\" data-id=\"6791fc5a\" data-element_type=\"container\">\n\t\t\t\t<div class=\"elementor-element elementor-element-102e799e elementor-widget-tablet__width-initial elementor-widget elementor-widget-heading\" data-id=\"102e799e\" data-element_type=\"widget\" data-widget_type=\"heading.default\">\n\t\t\t\t<div class=\"elementor-widget-container\">\n\t\t\t\t\t<h1 class=\"elementor-heading-title elementor-size-default\">Sjokoladekuler<\/h1>\t\t\t\t<\/div>\n\t\t\t\t<\/div>\n\t\t\t\t<\/div>\n\t\t\t\t\t<\/div>\n\t\t\t\t<\/div>\n\t\t<div class=\"elementor-element elementor-element-511f5290 e-flex e-con-boxed e-con e-parent\" data-id=\"511f5290\" data-element_type=\"container\">\n\t\t\t\t\t<div class=\"e-con-inner\">\n\t\t<div class=\"elementor-element elementor-element-7b305a5d e-con-full e-flex e-con e-child\" data-id=\"7b305a5d\" data-element_type=\"container\" data-settings=\"{&quot;background_background&quot;:&quot;classic&quot;}\">\n\t\t\t\t<div class=\"elementor-element elementor-element-4de9bdcb elementor-widget elementor-widget-heading\" data-id=\"4de9bdcb\" data-element_type=\"widget\" data-widget_type=\"heading.default\">\n\t\t\t\t<div class=\"elementor-widget-container\">\n\t\t\t\t\t<h2 class=\"elementor-heading-title elementor-size-default\">Ingredienser<\/h2>\t\t\t\t<\/div>\n\t\t\t\t<\/div>\n\t\t\t\t<div class=\"elementor-element elementor-element-47e3bbfd elementor-widget-divider--view-line elementor-widget elementor-widget-divider\" data-id=\"47e3bbfd\" data-element_type=\"widget\" data-widget_type=\"divider.default\">\n\t\t\t\t<div class=\"elementor-widget-container\">\n\t\t\t\t\t\t\t<div class=\"elementor-divider\">\n\t\t\t<span class=\"elementor-divider-separator\">\n\t\t\t\t\t\t<\/span>\n\t\t<\/div>\n\t\t\t\t\t\t<\/div>\n\t\t\t\t<\/div>\n\t\t\t\t<div class=\"elementor-element elementor-element-5556c1ae elementor-widget elementor-widget-text-editor\" data-id=\"5556c1ae\" data-element_type=\"widget\" data-widget_type=\"text-editor.default\">\n\t\t\t\t<div class=\"elementor-widget-container\">\n\t\t\t\t\t\t\t\t\t<ul><li>3,5 g av <a style=\"text-decoration: underline;\" href=\"https:\/\/www.selfprotein.com\/nb\/produkt\/instant-oat\/\" target=\"_blank\" rel=\"noopener\">Naturlig Instant Havrepulver<\/a><\/li><li>1,5 g sjokoladekasein<\/li><li>1 dl kald kaffe<\/li><li>1 dl yoghurt med lavt fettinnhold<\/li><li>2 spiseskjeer kakao<\/li><li>En klype salt<\/li><\/ul>\t\t\t\t\t\t\t\t<\/div>\n\t\t\t\t<\/div>\n\t\t\t\t<\/div>\n\t\t<div class=\"elementor-element elementor-element-496d6a7d e-con-full e-flex e-con e-child\" data-id=\"496d6a7d\" data-element_type=\"container\">\n\t\t\t\t<div class=\"elementor-element elementor-element-27051fa5 elementor-widget elementor-widget-heading\" data-id=\"27051fa5\" data-element_type=\"widget\" data-widget_type=\"heading.default\">\n\t\t\t\t<div class=\"elementor-widget-container\">\n\t\t\t\t\t<h2 class=\"elementor-heading-title elementor-size-default\">Fremgangsm\u00e5te<\/h2>\t\t\t\t<\/div>\n\t\t\t\t<\/div>\n\t\t\t\t<div class=\"elementor-element elementor-element-6b82e64e elementor-widget-divider--view-line elementor-widget elementor-widget-divider\" data-id=\"6b82e64e\" data-element_type=\"widget\" data-widget_type=\"divider.default\">\n\t\t\t\t<div class=\"elementor-widget-container\">\n\t\t\t\t\t\t\t<div class=\"elementor-divider\">\n\t\t\t<span class=\"elementor-divider-separator\">\n\t\t\t\t\t\t<\/span>\n\t\t<\/div>\n\t\t\t\t\t\t<\/div>\n\t\t\t\t<\/div>\n\t\t\t\t<div class=\"elementor-element elementor-element-18eea97 elementor-widget elementor-widget-text-editor\" data-id=\"18eea97\" data-element_type=\"widget\" data-widget_type=\"text-editor.default\">\n\t\t\t\t<div class=\"elementor-widget-container\">\n\t\t\t\t\t\t\t\t\t<p>1. Bland sammen pulverhavre, sjokoladekasein, iskaffe, lettyoghurt, kakaopulver og en klype salt i en bolle. S\u00f8rg for at du f\u00e5r en jevn blanding.<br \/>2. Ta sm\u00e5 porsjoner av deigen med rene hender og form runde kuler<br \/>3. Rull dem i kokosflak<br \/>4. Legg kulene p\u00e5 en tallerken dekket med bakepapir, og la dem avkj\u00f8les i kj\u00f8leskapet i minst 30 minutter.<br \/>5. N\u00e5r kulene er avkj\u00f8lt, kan du servere dem umiddelbart eller oppbevare dem i en lufttett beholder i kj\u00f8leskapet i noen dager<\/p>\t\t\t\t\t\t\t\t<\/div>\n\t\t\t\t<\/div>\n\t\t\t\t<div class=\"elementor-element elementor-element-f57429 elementor-widget elementor-widget-heading\" data-id=\"f57429\" data-element_type=\"widget\" data-widget_type=\"heading.default\">\n\t\t\t\t<div class=\"elementor-widget-container\">\n\t\t\t\t\t<h2 class=\"elementor-heading-title elementor-size-default\">Tips<\/h2>\t\t\t\t<\/div>\n\t\t\t\t<\/div>\n\t\t\t\t<div class=\"elementor-element elementor-element-25d7ed36 elementor-widget-divider--view-line elementor-widget elementor-widget-divider\" data-id=\"25d7ed36\" data-element_type=\"widget\" data-widget_type=\"divider.default\">\n\t\t\t\t<div class=\"elementor-widget-container\">\n\t\t\t\t\t\t\t<div class=\"elementor-divider\">\n\t\t\t<span class=\"elementor-divider-separator\">\n\t\t\t\t\t\t<\/span>\n\t\t<\/div>\n\t\t\t\t\t\t<\/div>\n\t\t\t\t<\/div>\n\t\t\t\t<div class=\"elementor-element elementor-element-5ffb3705 elementor-widget elementor-widget-text-editor\" data-id=\"5ffb3705\" data-element_type=\"widget\" data-widget_type=\"text-editor.default\">\n\t\t\t\t<div class=\"elementor-widget-container\">\n\t\t\t\t\t\t\t\t\t<p>Hvis du \u00f8nsker en s\u00f8tere smak, kan du tilsette litt s\u00f8tningsmiddel som stevia, honning eller l\u00f8nnesirup. Pass p\u00e5 \u00e5 balansere s\u00f8dmen godt slik at kulene ikke blir for tunge. I tillegg til kokosflak kan du ogs\u00e5 pr\u00f8ve \u00e5 overtrekke kulene med andre alternativer som kakaopulver, hakkede m\u00f8rke sjokoladebiter, hakkede n\u00f8tter eller chiafr\u00f8.<\/p>\t\t\t\t\t\t\t\t<\/div>\n\t\t\t\t<\/div>\n\t\t\t\t<\/div>\n\t\t\t\t\t<\/div>\n\t\t\t\t<\/div>\n\t\t\t\t<\/div>","protected":false},"excerpt":{"rendered":"<p>Sjokoladekuler Ingredienser 3,5 g Naturlig Instant Havrepulver 1,5 g sjokoladekasein 1 dl kald kaffe 1 dl lettyoghurt 2 ss kakao Klype salt Fremgangsm\u00e5te 1. Bland sammen havregryn, sjokoladekasein, iskaffe, yoghurt med lavt fettinnhold, kakaopulver og en klype salt i en bolle. S\u00f8rg for at du [...]<\/p>","protected":false},"author":22483,"featured_media":0,"parent":0,"menu_order":0,"comment_status":"closed","ping_status":"closed","template":"","meta":{"footnotes":""},"class_list":["post-9780","page","type-page","status-publish","hentry"],"aioseo_notices":[],"_links":{"self":[{"href":"https:\/\/www.selfprotein.com\/nb\/wp-json\/wp\/v2\/pages\/9780"}],"collection":[{"href":"https:\/\/www.selfprotein.com\/nb\/wp-json\/wp\/v2\/pages"}],"about":[{"href":"https:\/\/www.selfprotein.com\/nb\/wp-json\/wp\/v2\/types\/page"}],"author":[{"embeddable":true,"href":"https:\/\/www.selfprotein.com\/nb\/wp-json\/wp\/v2\/users\/22483"}],"replies":[{"embeddable":true,"href":"https:\/\/www.selfprotein.com\/nb\/wp-json\/wp\/v2\/comments?post=9780"}],"version-history":[{"count":37,"href":"https:\/\/www.selfprotein.com\/nb\/wp-json\/wp\/v2\/pages\/9780\/revisions"}],"predecessor-version":[{"id":10885,"href":"https:\/\/www.selfprotein.com\/nb\/wp-json\/wp\/v2\/pages\/9780\/revisions\/10885"}],"wp:attachment":[{"href":"https:\/\/www.selfprotein.com\/nb\/wp-json\/wp\/v2\/media?parent=9780"}],"curies":[{"name":"wp","href":"https:\/\/api.w.org\/{rel}","templated":true}]}}