{"id":10418,"date":"2024-10-01T00:05:03","date_gmt":"2024-09-30T22:05:03","guid":{"rendered":"https:\/\/www.selfprotein.com\/?post_type=product&#038;p=10418"},"modified":"2026-04-01T00:00:49","modified_gmt":"2026-03-31T22:00:49","slug":"morning-boost-pack","status":"publish","type":"product","link":"https:\/\/www.selfprotein.com\/nb\/produkt\/morning-boost-pack\/","title":{"rendered":"Morgen Boost-pakke"},"content":{"rendered":"<p><strong>Morgen Boost-pakke<\/strong><\/p>\n<p class=\" translation-block\">Gi morgenen et l\u00f8ft med <strong>Morning Boost Pack<\/strong>, et utvalg av produkter som er utviklet for \u00e5 gi deg smak, energi og velv\u00e6re allerede fra frokosten. Perfekt for \u00e5 starte dagen p\u00e5 riktig m\u00e5te og holde vitaliteten oppe!<\/p>\n<p><strong>Proti Cream<\/strong><\/p>\n<p>Den sm\u00f8rbare kremen som f\u00e5r deg til \u00e5 starte dagen med et smil! Rik p\u00e5 protein og supergod.<\/p>\n<ul>\n<li>Uimotst\u00e5elige smaker, perfekt for en frokost som f\u00e5r munnen til \u00e5 renne over<\/li>\n<li>100%-protein, 0%-skyld<\/li>\n<li>Uten tilsatt sukker, gir deg energi uten \u00e5 tynge deg ned<\/li>\n<\/ul>\n<p><\/p>\n<p><strong>Omega 3 (60 kapsler)<\/strong><\/p>\n<p>Dine allierte for et klart sinn og et sunt hjerte, hver dag.<\/p>\n<ul>\n<li>St\u00f8tter hjerte og sinn med essensielle fettsyrer<\/li>\n<li>Reduserer betennelser og forbedrer det generelle velv\u00e6ret<\/li>\n<li>Kraftig omega-3, med deg fra frokost til middag<\/li>\n<\/ul>\n<p><\/p>\n<p><strong>Protein Pancake<\/strong><\/p>\n<p>Dr\u00f8mmepannekaken din, fullpakket med protein og klar p\u00e5 et blunk!<\/p>\n<ul>\n<li>Enkel, rask og supern\u00e6ringsrik frokost<\/li>\n<li>Mye muskler, ingen tretthet, takket v\u00e6re h\u00f8yt proteininnhold<\/li>\n<li>Perfekt med frukt, honning, syltet\u00f8y eller v\u00e5r Proti Cream for en smakseksplosjon<\/li>\n<\/ul>","protected":false},"excerpt":{"rendered":"<p>Morning Boost Pack Gi morgenen et l\u00f8ft med Morning Boost Pack, et utvalg produkter som er utviklet for \u00e5 gi deg smak, energi og velv\u00e6re allerede fra frokosten. Perfekt for \u00e5 starte dagen p\u00e5 riktig m\u00e5te og holde vitaliteten oppe! Proti Cream Den sm\u00f8rbare kremen som f\u00e5r deg til \u00e5 starte dagen med en [...].<\/p>","protected":false},"featured_media":11550,"template":"","meta":[],"product_cat":[313,158,320,210],"product_tag":[316,18,321,223],"class_list":{"0":"post-10418","1":"product","2":"type-product","3":"status-publish","4":"has-post-thumbnail","6":"product_cat-protein-snacks-and-fit-food","7":"product_cat-proteins","8":"product_cat-self-bundles","9":"product_cat-snacks-meal-solutions","10":"product_tag-protein-snacks-fit-food","11":"product_tag-proteins","12":"product_tag-self-bundles","13":"product_tag-snacks-meal-solutions","15":"first","16":"instock","17":"taxable","18":"shipping-taxable","19":"purchasable","20":"product-type-variable","21":"has-default-attributes"},"aioseo_notices":[],"_links":{"self":[{"href":"https:\/\/www.selfprotein.com\/nb\/wp-json\/wp\/v2\/product\/10418"}],"collection":[{"href":"https:\/\/www.selfprotein.com\/nb\/wp-json\/wp\/v2\/product"}],"about":[{"href":"https:\/\/www.selfprotein.com\/nb\/wp-json\/wp\/v2\/types\/product"}],"wp:featuredmedia":[{"embeddable":true,"href":"https:\/\/www.selfprotein.com\/nb\/wp-json\/wp\/v2\/media\/11550"}],"wp:attachment":[{"href":"https:\/\/www.selfprotein.com\/nb\/wp-json\/wp\/v2\/media?parent=10418"}],"wp:term":[{"taxonomy":"product_cat","embeddable":true,"href":"https:\/\/www.selfprotein.com\/nb\/wp-json\/wp\/v2\/product_cat?post=10418"},{"taxonomy":"product_tag","embeddable":true,"href":"https:\/\/www.selfprotein.com\/nb\/wp-json\/wp\/v2\/product_tag?post=10418"}],"curies":[{"name":"wp","href":"https:\/\/api.w.org\/{rel}","templated":true}]}}