{"id":10422,"date":"2024-10-28T12:30:30","date_gmt":"2024-10-28T11:30:30","guid":{"rendered":"https:\/\/www.selfprotein.com\/?post_type=product&#038;p=10422"},"modified":"2026-05-01T00:24:27","modified_gmt":"2026-04-30T22:24:27","slug":"quicky","status":"publish","type":"product","link":"https:\/\/www.selfprotein.com\/nb\/produkt\/quicky\/","title":{"rendered":"Quicky"},"content":{"rendered":"<p><strong>Quicky<\/strong><\/p>\n<p>Quicky er et proteinpreparat som er utviklet for deg som har en hektisk livsstil og ikke \u00f8nsker \u00e5 g\u00e5 p\u00e5 akkord med ern\u00e6ringskvaliteten. Produktet er enkelt \u00e5 tilberede og kombinerer smak og n\u00e6ring i \u00e9n og samme l\u00f8sning.<\/p>\n<p>Fordeler<\/p>\n<p><strong>H\u00f8y proteinkonsentrasjon:<\/strong><\/p>\n<ul>\n<li>Med over 22 g protein per porsjon st\u00f8tter Quicky effektivt proteinsyntese og muskelvekst, noe som bidrar til \u00e5 opprettholde muskelmassen.<\/li>\n<\/ul>\n<p><\/p>\n<p><strong>Utvalgt ingrediensblanding:<\/strong><\/p>\n<ul>\n<li>Den inneholder havreflak og micell\u00e6rt kasein, et melkeprotein som absorberes langsomt, sammen med en kombinasjon av naturlige smaker som gir en deilig smak.<\/li>\n<\/ul>\n<p><\/p>\n<p><strong>Balansert absorpsjon:<\/strong><\/p>\n<ul>\n<li>Mikell\u00e6rt kasein kombinert med havreflak gir en gradvis frigj\u00f8ring av aminosyrer i blodoml\u00f8pet, noe som sikrer langvarig metthetsf\u00f8lelse og jevn tilf\u00f8rsel av n\u00e6ringsstoffer.<\/li>\n<\/ul>\n<p><\/p>\n<p><strong>Lett \u00e5 tilberede:<\/strong><\/p>\n<ul>\n<li>Tilsett vann eller melk, bland og kok i 60 sekunder i mikrob\u00f8lgeovnen. Quicky er klar til \u00e5 nytes hvor som helst, hjemme eller p\u00e5 kontoret.<\/li>\n<\/ul>\n<p><\/p>\n<p><strong>Glutenfri:<\/strong><\/p>\n<ul>\n<li>Quicky er egnet for glutenintolerante og passer til ulike diettbehov uten at det g\u00e5r p\u00e5 bekostning av smaken.<\/li>\n<\/ul>\n<p><\/p>\n<p><strong>Anbefalt bruk:<\/strong><\/p>\n<ul>\n<li>Spis 1-2 porsjoner per dag, avhengig av proteinbehov og fysisk aktivitet. Det er ideelt til frokost, som et mellomm\u00e5ltid etter trening eller som et raskt m\u00e5ltid n\u00e5r som helst p\u00e5 dagen.<\/li>\n<\/ul>\n<p><\/p>\n<p><strong>Merknad:<\/strong><\/p>\n<ul>\n<li>Kun for voksne og b\u00f8r brukes i et variert, balansert kosthold og en sunn livsstil.<\/li>\n<li>Ikke overskrid den anbefalte dosen.<\/li>\n<li>M\u00e5 ikke brukes under amming, graviditet eller i lengre perioder uten \u00e5 konsultere lege.<\/li>\n<li>Oppbevar produktet p\u00e5 et kj\u00f8lig, t\u00f8rt sted, i en godt lukket beholder og utilgjengelig for barn under 3 \u00e5r.<\/li>\n<li>Kan inneholde spor av egg og soya.<\/li>\n<li>Glutenfri.<\/li>\n<\/ul>","protected":false},"excerpt":{"rendered":"<p>Quicky Quicky er et proteinpreparat som er utviklet for deg som har en hektisk livsstil og ikke \u00f8nsker \u00e5 g\u00e5 p\u00e5 kompromiss med ern\u00e6ringskvaliteten. Produktet er enkelt \u00e5 tilberede og kombinerer smak og n\u00e6ring i \u00e9n og samme l\u00f8sning. Fordeler H\u00f8y proteinkonsentrasjon: Med over 22 g protein per porsjon st\u00f8tter Quicky effektivt proteininntaket [...].<\/p>","protected":false},"featured_media":10427,"template":"","meta":[],"product_cat":[210,309],"product_tag":[223,319],"class_list":{"0":"post-10422","1":"product","2":"type-product","3":"status-publish","4":"has-post-thumbnail","6":"product_cat-snacks-meal-solutions","7":"product_cat-weight-management-and-definition","8":"product_tag-snacks-meal-solutions","9":"product_tag-weight-management-and-definition","11":"first","12":"instock","13":"taxable","14":"shipping-taxable","15":"purchasable","16":"product-type-variable"},"aioseo_notices":[],"_links":{"self":[{"href":"https:\/\/www.selfprotein.com\/nb\/wp-json\/wp\/v2\/product\/10422"}],"collection":[{"href":"https:\/\/www.selfprotein.com\/nb\/wp-json\/wp\/v2\/product"}],"about":[{"href":"https:\/\/www.selfprotein.com\/nb\/wp-json\/wp\/v2\/types\/product"}],"wp:featuredmedia":[{"embeddable":true,"href":"https:\/\/www.selfprotein.com\/nb\/wp-json\/wp\/v2\/media\/10427"}],"wp:attachment":[{"href":"https:\/\/www.selfprotein.com\/nb\/wp-json\/wp\/v2\/media?parent=10422"}],"wp:term":[{"taxonomy":"product_cat","embeddable":true,"href":"https:\/\/www.selfprotein.com\/nb\/wp-json\/wp\/v2\/product_cat?post=10422"},{"taxonomy":"product_tag","embeddable":true,"href":"https:\/\/www.selfprotein.com\/nb\/wp-json\/wp\/v2\/product_tag?post=10422"}],"curies":[{"name":"wp","href":"https:\/\/api.w.org\/{rel}","templated":true}]}}