{"id":10554,"date":"2024-10-05T11:29:21","date_gmt":"2024-10-05T09:29:21","guid":{"rendered":"https:\/\/www.selfprotein.com\/?post_type=product&#038;p=10554"},"modified":"2026-04-01T00:00:49","modified_gmt":"2026-03-31T22:00:49","slug":"bundle-quicky","status":"publish","type":"product","link":"https:\/\/www.selfprotein.com\/nb\/produkt\/bundle-quicky\/","title":{"rendered":"Bundle Quicky"},"content":{"rendered":"<p><strong>Bundle Quicky: ditt valg, din smak!<\/strong><\/p>\n<p>Med Bundle Quicky har du friheten til \u00e5 velge seks pakker med v\u00e5r uimotst\u00e5elige Quicky, som finnes i tre deilige smaker: <strong>Eple og kanel<\/strong>, <strong>Sjokolade<\/strong> og <strong>Vanilje<\/strong>. Tilpass pakken slik du vil, med to alternativer:<\/p>\n<p><strong>Sett sammen pakken med din favorittsmak!<\/strong><\/p>\n<p>Hvis du har en favorittsmak, er dette det perfekte alternativet for deg. Velg seks pakker med samme smak og nyt Quicky akkurat slik du liker den.<\/p>\n<p><strong>Ta den med hvor som helst, n\u00e5r som helst!<\/strong><\/p>\n<p>Enten du er ute etter et n\u00e6ringsrikt mellomm\u00e5ltid, en rask frokost eller en alliert til f\u00f8r eller etter trening, er Quicky den ideelle l\u00f8sningen. Med ingredienser av h\u00f8y kvalitet og et h\u00f8yt proteininnhold er hver Quicky alltid klar til \u00e5 gi deg energi og smak, uansett hvor du er.<\/p>","protected":false},"excerpt":{"rendered":"<p>Bundle Quicky: ditt valg, din smak! Med Bundle Quicky har du friheten til \u00e5 velge seks pakker av v\u00e5re uimotst\u00e5elige Quicky, som finnes i tre deilige smaker: Eple og kanel, Sjokolade og Vanilje. Tilpass pakken slik du vil med to alternativer: Sett sammen pakken med din favorittsmak! Hvis du har en favorittsmak, [...]<\/p>","protected":false},"featured_media":10555,"template":"","meta":[],"product_cat":[210],"product_tag":[223],"class_list":{"0":"post-10554","1":"product","2":"type-product","3":"status-publish","4":"has-post-thumbnail","6":"product_cat-snacks-meal-solutions","7":"product_tag-snacks-meal-solutions","9":"first","10":"instock","11":"taxable","12":"shipping-taxable","13":"purchasable","14":"product-type-variable","15":"has-default-attributes"},"aioseo_notices":[],"_links":{"self":[{"href":"https:\/\/www.selfprotein.com\/nb\/wp-json\/wp\/v2\/product\/10554"}],"collection":[{"href":"https:\/\/www.selfprotein.com\/nb\/wp-json\/wp\/v2\/product"}],"about":[{"href":"https:\/\/www.selfprotein.com\/nb\/wp-json\/wp\/v2\/types\/product"}],"wp:featuredmedia":[{"embeddable":true,"href":"https:\/\/www.selfprotein.com\/nb\/wp-json\/wp\/v2\/media\/10555"}],"wp:attachment":[{"href":"https:\/\/www.selfprotein.com\/nb\/wp-json\/wp\/v2\/media?parent=10554"}],"wp:term":[{"taxonomy":"product_cat","embeddable":true,"href":"https:\/\/www.selfprotein.com\/nb\/wp-json\/wp\/v2\/product_cat?post=10554"},{"taxonomy":"product_tag","embeddable":true,"href":"https:\/\/www.selfprotein.com\/nb\/wp-json\/wp\/v2\/product_tag?post=10554"}],"curies":[{"name":"wp","href":"https:\/\/api.w.org\/{rel}","templated":true}]}}