{"id":11066,"date":"2024-10-22T16:21:01","date_gmt":"2024-10-22T14:21:01","guid":{"rendered":"https:\/\/www.selfprotein.com\/?post_type=product&#038;p=11066"},"modified":"2026-05-06T22:05:58","modified_gmt":"2026-05-06T20:05:58","slug":"large-mass-gainer","status":"publish","type":"product","link":"https:\/\/www.selfprotein.com\/nb\/produkt\/large-mass-gainer\/","title":{"rendered":"Large Mass Gainer"},"content":{"rendered":"<p><strong>Large Mass Gainer<\/strong><\/p>\n<p><strong>Blanding av aminosyrer, vitaminer og mineraler<\/strong><\/p>\n<p>Large Mass Gainer er et kosttilskudd utviklet for \u00e5 st\u00f8tte de som \u00f8nsker \u00e5 \u00f8ke vekten og muskelmassen p\u00e5 en effektiv m\u00e5te.<\/p>\n<p>Med en avansert formel som kombinerer h\u00f8ykvalitetsproteiner, karbohydrater, essensielle fettstoffer, vitaminer og mineraler, gir dette produktet komplett st\u00f8tte til muskelvekst, restitusjon og energiopprettholdelse under de mest intense trenings\u00f8ktene. Det hurtigabsorberende myseproteinet bidrar til muskelsyntese, bedre ytelse og restitusjon.<\/p>\n<p>V\u00e5r Large Mass Gainer har nettopp blitt beriket med en utrolig ny smak: en uimotst\u00e5elig blanding av vanilje, appelsin og et snev av rik sjokolade.<\/p>\n<p><strong>Fordeler<\/strong><\/p>\n<ul>\n<li><strong>Proteiner av h\u00f8y kvalitet for muskelvekst:<\/strong><\/li>\n<\/ul>\n<p>Myseprotein gir rask absorpsjon, noe som er viktig for \u00e5 stimulere muskelproteinsyntesen og bidra til restitusjon.<\/p>\n<ul>\n<li><strong>Lettford\u00f8yelige karbohydrater som gir energi:<\/strong><\/li>\n<\/ul>\n<p>Takket v\u00e6re karbohydrater fra maltodekstrin fyller Large Mass Gainer opp glykogenlagrene og gir en viktig energikilde under intense trenings\u00f8kter.<\/p>\n<ul>\n<li><strong>Balanserte n\u00e6ringsstoffer for sunn vekt\u00f8kning:<\/strong><\/li>\n<\/ul>\n<p>Den velbalanserte sammensetningen av proteiner, karbohydrater og fett er ideell for \u00e5 st\u00f8tte en kontrollert og sunn vekt\u00f8kning.<\/p>\n<ul>\n<li><strong>Viktige vitaminer og mineraler:<\/strong><\/li>\n<\/ul>\n<p>I tillegg til makron\u00e6ringsstoffer er Large Mass Gainer beriket med viktige vitaminer og mineraler for \u00e5 st\u00f8tte kroppens generelle velv\u00e6re og forbedre den fysiske ytelsen.<\/p>\n<ul>\n<li><strong>Optimal st\u00f8tte for muskelrestitusjon:<\/strong><\/li>\n<\/ul>\n<p>De viktigste n\u00e6ringsstoffene i produktet bidrar til \u00e5 redusere muskeltretthet etter trening, forbedrer restitusjonen og forbereder deg p\u00e5 fremtidige trenings\u00f8kter.<\/p>\n<p><strong>Anbefalt bruk<\/strong><\/p>\n<p>Ta \u00e9n porsjon umiddelbart etter fysisk aktivitet eller 1-2 porsjoner i l\u00f8pet av dagen for de som sliter med \u00e5 g\u00e5 opp i vekt.<\/p>\n<p><strong>Merknad:<\/strong><\/p>\n<ul>\n<li>Kun for voksne og erstatter ikke et variert og balansert kosthold eller en sunn livsstil.<\/li>\n<li>Ikke overskrid den anbefalte dosen.<\/li>\n<li>Ikke bruk under amming eller graviditet uten \u00e5 r\u00e5df\u00f8re deg med lege.<\/li>\n<li>Oppbevar produktet p\u00e5 et kj\u00f8lig, t\u00f8rt sted i en godt lukket beholder, og oppbevar det utilgjengelig for barn under 3 \u00e5r.<\/li>\n<li>Kan inneholde spor av havre, egg og soya.<\/li>\n<\/ul>","protected":false},"excerpt":{"rendered":"<p>Large Mass Gainer Amino acids, Vitamins &amp; Minerals Blend Large Mass Gainer er et kosttilskudd utviklet for \u00e5 st\u00f8tte de som \u00f8nsker \u00e5 \u00f8ke vekten og muskelmassen sin effektivt. Med en avansert formel som kombinerer proteiner, karbohydrater, essensielle fettstoffer, vitaminer og mineraler av h\u00f8y kvalitet, gir dette produktet fullstendig st\u00f8tte til muskelvekst, restitusjon og energivedlikehold under [...].<\/p>","protected":false},"featured_media":11100,"template":"","meta":[],"product_cat":[154,308],"product_tag":[162,318],"class_list":{"0":"post-11066","1":"product","2":"type-product","3":"status-publish","4":"has-post-thumbnail","6":"product_cat-gain-performance","7":"product_cat-strength-and-muscle-mass","8":"product_tag-gain-performance","9":"product_tag-strength-and-muscle-mass","11":"first","12":"instock","13":"taxable","14":"shipping-taxable","15":"purchasable","16":"product-type-variable"},"aioseo_notices":[],"_links":{"self":[{"href":"https:\/\/www.selfprotein.com\/nb\/wp-json\/wp\/v2\/product\/11066"}],"collection":[{"href":"https:\/\/www.selfprotein.com\/nb\/wp-json\/wp\/v2\/product"}],"about":[{"href":"https:\/\/www.selfprotein.com\/nb\/wp-json\/wp\/v2\/types\/product"}],"wp:featuredmedia":[{"embeddable":true,"href":"https:\/\/www.selfprotein.com\/nb\/wp-json\/wp\/v2\/media\/11100"}],"wp:attachment":[{"href":"https:\/\/www.selfprotein.com\/nb\/wp-json\/wp\/v2\/media?parent=11066"}],"wp:term":[{"taxonomy":"product_cat","embeddable":true,"href":"https:\/\/www.selfprotein.com\/nb\/wp-json\/wp\/v2\/product_cat?post=11066"},{"taxonomy":"product_tag","embeddable":true,"href":"https:\/\/www.selfprotein.com\/nb\/wp-json\/wp\/v2\/product_tag?post=11066"}],"curies":[{"name":"wp","href":"https:\/\/api.w.org\/{rel}","templated":true}]}}