{"id":11852,"date":"2025-01-21T13:30:28","date_gmt":"2025-01-21T12:30:28","guid":{"rendered":"https:\/\/www.selfprotein.com\/?post_type=product&#038;p=11852"},"modified":"2026-05-01T00:24:31","modified_gmt":"2026-04-30T22:24:31","slug":"oat-flakes","status":"publish","type":"product","link":"https:\/\/www.selfprotein.com\/nb\/produkt\/oat-flakes\/","title":{"rendered":"Oat Flakes"},"content":{"rendered":"<p style=\"text-align: left;\" align=\"center\"><strong><span lang=\"en-US\">Oat Flakes<\/span><\/strong><\/p>\n<p><span lang=\"en-US\">Instant Oat Flakes er et tilskudd av valset havremel som tilbyr en allsidig og n\u00e6ringsrik l\u00f8sning for \u00e5 berike det daglige kostholdet ditt. Takket v\u00e6re sin tilpasningsdyktighet kan denne formen for havremel enkelt inkorporeres i flere retter og m\u00e5ltider, noe som gir et bredt spekter av fordeler for helse og velv\u00e6re.<\/span><\/p>\n<p><span lang=\"en-US\">Fordeler med havreflak:<\/span><\/p>\n<ul>\n<li><strong><span lang=\"en-US\">Kilde til komplekse karbohydrater:<\/span><\/strong><span lang=\"en-US\"> Instant Havreflak er en sunn og b\u00e6rekraftig kilde til komplekse karbohydrater, som gir langvarig energi og bidrar til \u00e5 opprettholde et stabilt blodsukkerniv\u00e5.<\/span><\/li>\n<li><strong><span lang=\"en-US\">Rik p\u00e5 fiber:<\/span><\/strong><span lang=\"en-US\"> Havremel er rikt p\u00e5 fiber, noe som fremmer ford\u00f8yelsen, \u00f8ker metthetsf\u00f8lelsen og bidrar til \u00e5 regulere tarmbevegelsene.<\/span><\/li>\n<li><strong><span lang=\"en-US\">Viktige n\u00e6ringsstoffer:<\/span><\/strong><span lang=\"en-US\"> Disse flakene er en naturlig kilde til B-vitaminer og mineraler som jern og magnesium, som er avgj\u00f8rende for at kroppen skal fungere som den skal og for \u00e5 opprettholde helsen.<\/span><\/li>\n<li><strong><span lang=\"en-US\">Langsom frigj\u00f8ring av energi:<\/span><\/strong><span lang=\"en-US\"> P\u00e5 grunn av sammensetningen gir Instant Havreflakes en gradvis frigj\u00f8ring av energi over tid, noe som sikrer en langvarig metthetsf\u00f8lelse og st\u00f8tter fysisk og mental aktivitet.<\/span><\/li>\n<li><strong><span lang=\"en-US\">Kulinarisk allsidighet:<\/span><\/strong><span lang=\"en-US\"> Denne formen for havremel kan brukes p\u00e5 mange forskjellige m\u00e5ter p\u00e5 kj\u00f8kkenet, fra \u00e5 blande det i frokosten, smoothien eller yoghurten, til \u00e5 tilberede smakfulle retter som kaker, hjemmelagde proteinbarer eller gr\u00f8t, noe som gir et uendelig utvalg av alternativer for \u00e5 tilfredsstille din smak og dine kostholdsbehov.<\/span><\/li>\n<\/ul>\n<p>&nbsp;<\/p>\n<p><strong><span lang=\"en-US\">Anbefalt bruk<\/span><\/strong><\/p>\n<p><span lang=\"en-US\">1 porsjon til frokost, f\u00f8r eller etter trening.<\/span><\/p>\n<p class=\"xmprfx_MsoNormal\"><b>Merknad:<\/b><\/p>\n<ul>\n<li>Kun for voksne og erstatter ikke et variert og balansert kosthold og en sunn livsstil.<\/li>\n<li>Ikke overskrid den anbefalte dosen.<\/li>\n<li>Ikke bruk det under amming, graviditetsperioder uten \u00e5 konsultere legen.<\/li>\n<li>Oppbevar produktet p\u00e5 et kj\u00f8lig, t\u00f8rt sted i en godt forseglet emballasje utilgjengelig for barn under 3 \u00e5r.<\/li>\n<li>Kan inneholde spor av egg, soya og melk.<\/li>\n<li>Laktosefri og Glutenfri.<\/li>\n<\/ul>","protected":false},"excerpt":{"rendered":"<p>Oat Flakes Oat Flakes er et tilskudd av valset havremel som tilbyr en allsidig og n\u00e6ringsrik l\u00f8sning for \u00e5 berike det daglige kostholdet ditt. Takket v\u00e6re sin tilpasningsdyktighet kan denne formen for havremel enkelt inkorporeres i flere retter og m\u00e5ltider, noe som gir et bredt spekter av fordeler for helse og velv\u00e6re. Fordelene med havre [...]<\/p>","protected":false},"featured_media":11861,"template":"","meta":[],"product_cat":[313,210],"product_tag":[316,223],"class_list":{"0":"post-11852","1":"product","2":"type-product","3":"status-publish","4":"has-post-thumbnail","6":"product_cat-protein-snacks-and-fit-food","7":"product_cat-snacks-meal-solutions","8":"product_tag-protein-snacks-fit-food","9":"product_tag-snacks-meal-solutions","11":"first","12":"instock","13":"taxable","14":"shipping-taxable","15":"purchasable","16":"product-type-variable"},"aioseo_notices":[],"_links":{"self":[{"href":"https:\/\/www.selfprotein.com\/nb\/wp-json\/wp\/v2\/product\/11852"}],"collection":[{"href":"https:\/\/www.selfprotein.com\/nb\/wp-json\/wp\/v2\/product"}],"about":[{"href":"https:\/\/www.selfprotein.com\/nb\/wp-json\/wp\/v2\/types\/product"}],"wp:featuredmedia":[{"embeddable":true,"href":"https:\/\/www.selfprotein.com\/nb\/wp-json\/wp\/v2\/media\/11861"}],"wp:attachment":[{"href":"https:\/\/www.selfprotein.com\/nb\/wp-json\/wp\/v2\/media?parent=11852"}],"wp:term":[{"taxonomy":"product_cat","embeddable":true,"href":"https:\/\/www.selfprotein.com\/nb\/wp-json\/wp\/v2\/product_cat?post=11852"},{"taxonomy":"product_tag","embeddable":true,"href":"https:\/\/www.selfprotein.com\/nb\/wp-json\/wp\/v2\/product_tag?post=11852"}],"curies":[{"name":"wp","href":"https:\/\/api.w.org\/{rel}","templated":true}]}}