{"id":12152,"date":"2025-03-10T00:02:53","date_gmt":"2025-03-09T23:02:53","guid":{"rendered":"https:\/\/www.selfprotein.com\/?post_type=product&#038;p=12152"},"modified":"2026-04-01T00:00:54","modified_gmt":"2026-03-31T22:00:54","slug":"power-breakfast-pack","status":"publish","type":"product","link":"https:\/\/www.selfprotein.com\/nb\/produkt\/power-breakfast-pack\/","title":{"rendered":"Power Breakfast Pack"},"content":{"rendered":"<p><strong>Power Breakfast Pack<\/strong><\/p>\n<p class=\" translation-block\">Start dagen med den perfekte balansen mellom smak, energi og ern\u00e6ring! <strong>Proti Cream &amp; Oat Flakes Pack<\/strong> kombinerer den uimotst\u00e5elige kremetheten til Proti Cream med godheten til havreflak for en frokost som gir energi til kroppen din og tilfredsstiller lysten.<\/p>\n<p><strong>Proti Cream<\/strong><\/p>\n<p>P\u00e5legget som gj\u00f8r hver bit til et \u00f8yeblikk av ren nytelse! Fullpakket med proteiner og utrolig kremet.<\/p>\n<ul>\n<li>Uimotst\u00e5elige smaker, perfekt for en deilig frokost<\/li>\n<li>H\u00f8yt proteininnhold, lite sukker \u2013 for \u00e5 nytes uten skyld<\/li>\n<li>Jevn, rik tekstur, ideell med havre, pannekaker eller rett fra skjeen<\/li>\n<\/ul>\n<p><\/p>\n<p>\n<strong>Oat Flakes<\/strong><\/p>\n<p>Den perfekte allierte for en sunn og n\u00e6ringsrik frokost, designet for de som \u00f8nsker \u00e5 starte dagen riktig.<\/p>\n<ul>\n<li>\u00d8yeblikkelig energi med langsom-frigj\u00f8rende komplekse karbohydrater<\/li>\n<li>H\u00f8yt p\u00e5 fiber og naturlig tilfredsstillende \u2013 flott for ford\u00f8yelsen og velv\u00e6re<\/li>\n<\/ul>\n<\/p>\n<p><strong>Hvorfor velge denne pakken?<\/strong><\/p>\n<ul>\n<li>H\u00f8yt proteininnhold for optimal muskelst\u00f8tte<\/li>\n<li>Saktefrigj\u00f8rende karbohydrater for langvarig energi<\/li>\n<li>Uimotst\u00e5elige smaker for \u00e5 starte dagen med et smil<\/li>\n<li>Ingen tilsatt sukker, perfekt for enhver sunn livsstil<\/li>\n<\/ul>\n<p><\/p>\n<p>\n<strong>Hvordan nyte det?<\/strong><\/p>\n<ul>\n<li>Bland havreflakene med melk eller yoghurt for en kremet gr\u00f8t<\/li>\n<li>Tilsett en skje Proti Cream for en ekstra smak og protein<\/li>\n<li>Perfekt til pannekaker, smoothies og sunne desserter<\/li>\n<\/ul>\n<p><\/p>\n<p>Enten du foretrekker en varm gr\u00f8t eller en crunchy topping til yoghurten din, er denne kombinasjonen det perfekte valget for en balansert og deilig frokost!<\/p>","protected":false},"excerpt":{"rendered":"<p>Power Breakfast Pack Start dagen med den perfekte balansen mellom smak, energi og n\u00e6ring! Proti Cream &amp; Oat Flakes Pack kombinerer den uimotst\u00e5elige kremetheten til Proti Cream med det gode fra havreflak til en frokost som gir kroppen energi og tilfredsstiller s\u00f8tsuget. Proti Cream P\u00e5legget som gj\u00f8r hver bit til en [...]<\/p>","protected":false},"featured_media":12175,"template":"","meta":[],"product_cat":[313,320,210],"product_tag":[316,321,223],"class_list":{"0":"post-12152","1":"product","2":"type-product","3":"status-publish","4":"has-post-thumbnail","6":"product_cat-protein-snacks-and-fit-food","7":"product_cat-self-bundles","8":"product_cat-snacks-meal-solutions","9":"product_tag-protein-snacks-fit-food","10":"product_tag-self-bundles","11":"product_tag-snacks-meal-solutions","13":"first","14":"instock","15":"taxable","16":"shipping-taxable","17":"purchasable","18":"product-type-variable"},"aioseo_notices":[],"_links":{"self":[{"href":"https:\/\/www.selfprotein.com\/nb\/wp-json\/wp\/v2\/product\/12152"}],"collection":[{"href":"https:\/\/www.selfprotein.com\/nb\/wp-json\/wp\/v2\/product"}],"about":[{"href":"https:\/\/www.selfprotein.com\/nb\/wp-json\/wp\/v2\/types\/product"}],"wp:featuredmedia":[{"embeddable":true,"href":"https:\/\/www.selfprotein.com\/nb\/wp-json\/wp\/v2\/media\/12175"}],"wp:attachment":[{"href":"https:\/\/www.selfprotein.com\/nb\/wp-json\/wp\/v2\/media?parent=12152"}],"wp:term":[{"taxonomy":"product_cat","embeddable":true,"href":"https:\/\/www.selfprotein.com\/nb\/wp-json\/wp\/v2\/product_cat?post=12152"},{"taxonomy":"product_tag","embeddable":true,"href":"https:\/\/www.selfprotein.com\/nb\/wp-json\/wp\/v2\/product_tag?post=12152"}],"curies":[{"name":"wp","href":"https:\/\/api.w.org\/{rel}","templated":true}]}}