{"id":12534,"date":"2025-04-14T17:36:47","date_gmt":"2025-04-14T15:36:47","guid":{"rendered":"https:\/\/www.selfprotein.com\/?post_type=product&#038;p=12534"},"modified":"2026-04-01T16:49:05","modified_gmt":"2026-04-01T14:49:05","slug":"micro-whey-active","status":"publish","type":"product","link":"https:\/\/www.selfprotein.com\/nb\/produkt\/micro-whey-active\/","title":{"rendered":"Micro Whey Active"},"content":{"rendered":"<p><strong>Micro Whey Active<\/strong><\/p>\n<p>Micro Whey Active er et kosttilskudd basert p\u00e5 myseproteinisolat (WPI), ideelt for \u00e5 st\u00f8tte utvikling og vedlikehold av muskelmasse. Takket v\u00e6re mikrofiltreringsprosessen gir det et h\u00f8yt proteininnhold med et redusert inntak av fett og karbohydrater, noe som gj\u00f8r det perfekt for de som f\u00f8lger en aktiv livsstil.<\/p>\n<p><strong>De viktigste fordelene:<\/strong><\/p>\n<ul>\n<li><strong>H\u00f8y proteinkonsentrasjon<\/strong>: De isolerte proteinene hjelper deg med \u00e5 n\u00e5 ditt daglige proteininntak, og bidrar til muskelsyntese og vedlikehold.<\/li>\n<li><strong>Med utvalgte aminosyrer<\/strong>: formel beriket med glycin, alanin og lysin, nyttig for \u00e5 st\u00f8tte restitusjonsprosesser og muskelfunksjon.<\/li>\n<li><strong>Rask absorpsjon<\/strong>: den l\u00f8selige strukturen fremmer rask ford\u00f8yelse og effektiv assimilering, ideelt for etter trening.<\/li>\n<li><strong>Allsidig bruk<\/strong>: den blandes enkelt med vann, melk eller plantebaserte drikker, perfekt til smoothies og proteinoppskrifter.<\/li>\n<li><strong>Oppfyller proteinbehovet<\/strong>: Et regelmessig inntak av proteinisolater kan bidra til \u00e5 dekke det daglige proteinbehovet ditt, og st\u00f8tte muskelmasse og treningsm\u00e5l.<\/li>\n<\/ul>\n<p>&nbsp;<\/p>\n<p><strong>Anbefalt bruk<\/strong><\/p>\n<p>Ta <strong>1-3 porsjoner<\/strong> om dagen, basert p\u00e5 n\u00e6ringsbehovet ditt og med tanke p\u00e5 bidraget fra andre proteinkilder i det daglige kostholdet ditt.<\/p>\n<p><strong>Merknad<\/strong><\/p>\n<ul>\n<li>Produktet er beregnet for voksne.<\/li>\n<li>Ikke en erstatning for et balansert kosthold og en sunn livsstil.<\/li>\n<li>Ikke overskrid den anbefalte daglige dosen.<\/li>\n<li>M\u00e5 ikke brukes under graviditet eller amming uten \u00e5 r\u00e5df\u00f8re deg med lege.<\/li>\n<li>Oppbevares p\u00e5 et kj\u00f8lig, t\u00f8rt sted, utilgjengelig for barn under 3 \u00e5r.<\/li>\n<li>Kan inneholde spor av havre, egg og soya.<\/li>\n<li><strong>Glutenfri<\/strong>.<\/li>\n<\/ul>","protected":false},"excerpt":{"rendered":"<p>Micro Whey Active Micro Whey Active er et kosttilskudd basert p\u00e5 myseproteinisolat (WPI), ideelt for \u00e5 st\u00f8tte utvikling og vedlikehold av muskelmasse. Takket v\u00e6re mikrofiltreringsprosessen gir det et h\u00f8yt proteininnhold med et redusert inntak av fett og karbohydrater, noe som gj\u00f8r det perfekt for de som f\u00f8lger en aktiv livsstil. Hovedinnhold [...]<\/p>","protected":false},"featured_media":12553,"template":"","meta":[],"product_cat":[158,308],"product_tag":[18,318],"class_list":{"0":"post-12534","1":"product","2":"type-product","3":"status-publish","4":"has-post-thumbnail","6":"product_cat-proteins","7":"product_cat-strength-and-muscle-mass","8":"product_tag-proteins","9":"product_tag-strength-and-muscle-mass","11":"first","12":"instock","13":"sale","14":"taxable","15":"shipping-taxable","16":"purchasable","17":"product-type-variable"},"aioseo_notices":[],"_links":{"self":[{"href":"https:\/\/www.selfprotein.com\/nb\/wp-json\/wp\/v2\/product\/12534"}],"collection":[{"href":"https:\/\/www.selfprotein.com\/nb\/wp-json\/wp\/v2\/product"}],"about":[{"href":"https:\/\/www.selfprotein.com\/nb\/wp-json\/wp\/v2\/types\/product"}],"wp:featuredmedia":[{"embeddable":true,"href":"https:\/\/www.selfprotein.com\/nb\/wp-json\/wp\/v2\/media\/12553"}],"wp:attachment":[{"href":"https:\/\/www.selfprotein.com\/nb\/wp-json\/wp\/v2\/media?parent=12534"}],"wp:term":[{"taxonomy":"product_cat","embeddable":true,"href":"https:\/\/www.selfprotein.com\/nb\/wp-json\/wp\/v2\/product_cat?post=12534"},{"taxonomy":"product_tag","embeddable":true,"href":"https:\/\/www.selfprotein.com\/nb\/wp-json\/wp\/v2\/product_tag?post=12534"}],"curies":[{"name":"wp","href":"https:\/\/api.w.org\/{rel}","templated":true}]}}