{"id":12543,"date":"2025-04-15T15:17:02","date_gmt":"2025-04-15T13:17:02","guid":{"rendered":"https:\/\/www.selfprotein.com\/?post_type=product&#038;p=12543"},"modified":"2026-04-01T00:01:04","modified_gmt":"2026-03-31T22:01:04","slug":"pure-isolate-whey-protein","status":"publish","type":"product","link":"https:\/\/www.selfprotein.com\/nb\/produkt\/pure-isolate-whey-protein\/","title":{"rendered":"Pure Isolate Whey Protein"},"content":{"rendered":"<p><strong>Pure Isolate Whey Protein - 90% myseproteinisolat<\/strong><\/p>\n<p><strong>Det ideelle valget for deg som \u00f8nsker \u00e5 bygge muskler raskt, forbedre restitusjonen og opprettholde et rent kosthold.<\/strong><\/p>\n<p>Pure Isolate Whey Protein er det ideelle valget for deg som er ute etter et rent og kraftig proteintilskudd. Takket v\u00e6re det h\u00f8ye proteininnholdet og det lave innholdet av fett og karbohydrater er det perfekt for \u00e5 st\u00f8tte muskelvekst, forbedre restitusjon etter trening og vektkontroll. Det er laktosefritt og absorberes sv\u00e6rt raskt, og er det ideelle proteinet for alle idrettsut\u00f8vere og treningsentusiaster.<\/p>\n<p><strong>Derfor vil du elske den<\/strong><\/p>\n<ul>\n<li><strong>Raskere muskelvekst<\/strong>: den h\u00f8ye biologiske verdien av myseprotein fremmer muskelvekst og -reparasjon, noe som er viktig etter trening.<\/li>\n<li><strong>Lavt kaloriinnhold<\/strong>: perfekt for deg som \u00f8nsker \u00e5 bygge muskler uten \u00e5 tilf\u00f8re for mye fett eller kalorier.<\/li>\n<li><strong>Rask gjenoppretting<\/strong>: reduserer muskelsmerter og fremskynder restitusjonsprosessen, slik at du kan komme raskere tilbake til treningssenteret.<\/li>\n<li><strong>St\u00f8tter immunforsvaret<\/strong>: myseproteiner inneholder immunglobuliner og andre forbindelser som styrker kroppens naturlige forsvar.<\/li>\n<\/ul>\n<p>&nbsp;<\/p>\n<p><strong>Anbefalt dose<\/strong><\/p>\n<p>Bland <strong>30 g<\/strong> (ca. 1 skje) Pure Isolate Whey Protein med <strong>100 ml vann<\/strong> i en shaker.<\/p>\n<p>Maksimal renhet, minimal anstrengelse: det l\u00f8ses opp p\u00e5 et \u00f8yeblikk, og kroppen din absorberer det umiddelbart.<\/p>\n<p><strong>Merknad<\/strong><\/p>\n<ul>\n<li>Kun for voksne.<\/li>\n<li>Ikke en erstatning for et balansert kosthold og en sunn livsstil.<\/li>\n<li>Ikke overskrid den anbefalte dosen.<\/li>\n<li>R\u00e5df\u00f8r deg med legen din under graviditet eller amming.<\/li>\n<li>Oppbevares p\u00e5 et kj\u00f8lig, t\u00f8rt sted, borte fra direkte lys.<\/li>\n<li>Kan inneholde spor av havre, egg og soya.<\/li>\n<li><strong>Laktosefri og glutenfri<\/strong>.<\/li>\n<\/ul>\n<p>&nbsp;<\/p>\n<p><strong>Perfekt for: de som er ute etter et rent protein som absorberes raskt og er ideelt for restitusjon etter trening og for \u00e5 fremme muskelvekst.<\/strong><\/p>","protected":false},"excerpt":{"rendered":"<p>Pure Isolate Whey Protein - 90% myseproteinisolat Det ideelle valget for de som \u00f8nsker \u00e5 bygge muskler raskt, forbedre restitusjonen og opprettholde et rent kosthold. Pure Isolate Whey Protein er det ideelle valget for deg som er ute etter et rent og kraftig proteintilskudd. Takket v\u00e6re det h\u00f8ye proteininnholdet og det lave innholdet av fett og [...].<\/p>","protected":false},"featured_media":12597,"template":"","meta":[],"product_cat":[158,308],"product_tag":[18,318],"class_list":{"0":"post-12543","1":"product","2":"type-product","3":"status-publish","4":"has-post-thumbnail","6":"product_cat-proteins","7":"product_cat-strength-and-muscle-mass","8":"product_tag-proteins","9":"product_tag-strength-and-muscle-mass","11":"first","12":"instock","13":"taxable","14":"shipping-taxable","15":"purchasable","16":"product-type-variable"},"aioseo_notices":[],"_links":{"self":[{"href":"https:\/\/www.selfprotein.com\/nb\/wp-json\/wp\/v2\/product\/12543"}],"collection":[{"href":"https:\/\/www.selfprotein.com\/nb\/wp-json\/wp\/v2\/product"}],"about":[{"href":"https:\/\/www.selfprotein.com\/nb\/wp-json\/wp\/v2\/types\/product"}],"wp:featuredmedia":[{"embeddable":true,"href":"https:\/\/www.selfprotein.com\/nb\/wp-json\/wp\/v2\/media\/12597"}],"wp:attachment":[{"href":"https:\/\/www.selfprotein.com\/nb\/wp-json\/wp\/v2\/media?parent=12543"}],"wp:term":[{"taxonomy":"product_cat","embeddable":true,"href":"https:\/\/www.selfprotein.com\/nb\/wp-json\/wp\/v2\/product_cat?post=12543"},{"taxonomy":"product_tag","embeddable":true,"href":"https:\/\/www.selfprotein.com\/nb\/wp-json\/wp\/v2\/product_tag?post=12543"}],"curies":[{"name":"wp","href":"https:\/\/api.w.org\/{rel}","templated":true}]}}