{"id":12547,"date":"2025-04-14T17:45:48","date_gmt":"2025-04-14T15:45:48","guid":{"rendered":"https:\/\/www.selfprotein.com\/?post_type=product&#038;p=12547"},"modified":"2026-05-01T00:24:35","modified_gmt":"2026-04-30T22:24:35","slug":"whey-shake","status":"publish","type":"product","link":"https:\/\/www.selfprotein.com\/nb\/produkt\/whey-shake\/","title":{"rendered":"Whey Shake"},"content":{"rendered":"<p><strong>Whey Shake - myseproteinkonsentrat (WPC)<\/strong><\/p>\n<p><strong>Proteinet som st\u00f8tter deg under hver eneste trenings\u00f8kt.<\/strong><\/p>\n<p>Whey Shake er myseproteinkonsentratet som alle idrettsut\u00f8vere trenger \u00e5 integrere i rutinen sin. Med sitt h\u00f8ye proteininnhold og raske ford\u00f8yelighet er det den perfekte allierte for restitusjon etter trening og muskelvekst, og hvis det integreres i et balansert kosthold, kan det ogs\u00e5 bidra til vekttap.<\/p>\n<p><strong>Derfor vil du elske den<\/strong><\/p>\n<ul>\n<li><strong>Muskelvekst<\/strong>: et komplett protein som st\u00f8tter proteinsyntesen for muskelvekst og restitusjon.<\/li>\n<li><strong>Rask gjenoppretting<\/strong>: perfekt for inntak etter trening, hjelper den med \u00e5 lade opp musklene med viktige n\u00e6ringsstoffer og fremskynder restitusjonen.<\/li>\n<li><strong>St\u00f8tter vekttap<\/strong>: en mager proteinkilde som fremmer metthetsf\u00f8lelse og reduserer appetitten, noe som er nyttig for vektkontroll.<\/li>\n<li><strong>Med utvalgte aminosyrer<\/strong>: formel beriket med glycin, alanin og lysin, nyttig for \u00e5 st\u00f8tte restitusjonsprosesser og muskelfunksjon.<\/li>\n<li><strong>Lett \u00e5 ford\u00f8ye<\/strong>: takket v\u00e6re den raske assimileringen er det et lettford\u00f8yelig protein, uten gastrointestinale forstyrrelser.<\/li>\n<li><strong>Rask absorpsjon<\/strong>: umiddelbar frigj\u00f8ring av n\u00e6ringsstoffer for \u00e5 maksimere fordelene etter trening.<\/li>\n<\/ul>\n<p>&nbsp;<\/p>\n<p><strong>Anbefalt dose<\/strong><\/p>\n<p>Bland <strong>30 g<\/strong> (ca. 1 skje) med <strong>200 ml vann<\/strong> i en shaker, i henhold til dine ern\u00e6ringsmessige behov og med tanke p\u00e5 de andre proteinkildene i kostholdet ditt. Du kan ogs\u00e5 blande pulveret med melk eller favorittdrikken din for \u00e5 f\u00e5 en annen smak.<\/p>\n<p><strong>Merknad<\/strong><\/p>\n<ul>\n<li>Kun for voksne.<\/li>\n<li>Ikke en erstatning for et variert og balansert kosthold og en sunn livsstil.<\/li>\n<li>Ikke overskrid den anbefalte dosen.<\/li>\n<li>R\u00e5df\u00f8r deg med lege dersom du er gravid eller ammer.<\/li>\n<li>Oppbevares p\u00e5 et kj\u00f8lig, t\u00f8rt sted, borte fra direkte lys.<\/li>\n<li>Kan inneholde spor av havre, egg og soya.<\/li>\n<li><strong>Glutenfri<\/strong>.<\/li>\n<\/ul>\n<p>&nbsp;<\/p>\n<p><strong>Perfekt for: idrettsut\u00f8vere, treningsentusiaster og alle som er ute etter en rask proteinkilde av h\u00f8y kvalitet.<\/strong><\/p>","protected":false},"excerpt":{"rendered":"<p>Whey Shake - Whey Proteinkonsentrat (WPC) Proteinet som st\u00f8tter deg under hver eneste trenings\u00f8kt. Whey Shake er myseproteinkonsentratet som alle idrettsut\u00f8vere trenger \u00e5 integrere i treningsrutinen sin. Med sitt h\u00f8ye proteininnhold og raske ford\u00f8yelighet er det den perfekte allierte for restitusjon etter trening, muskelvekst og, hvis det er integrert i en balansert [...].<\/p>","protected":false},"featured_media":12559,"template":"","meta":[],"product_cat":[158,308],"product_tag":[18,318],"class_list":{"0":"post-12547","1":"product","2":"type-product","3":"status-publish","4":"has-post-thumbnail","6":"product_cat-proteins","7":"product_cat-strength-and-muscle-mass","8":"product_tag-proteins","9":"product_tag-strength-and-muscle-mass","11":"first","12":"instock","13":"taxable","14":"shipping-taxable","15":"purchasable","16":"product-type-variable"},"aioseo_notices":[],"_links":{"self":[{"href":"https:\/\/www.selfprotein.com\/nb\/wp-json\/wp\/v2\/product\/12547"}],"collection":[{"href":"https:\/\/www.selfprotein.com\/nb\/wp-json\/wp\/v2\/product"}],"about":[{"href":"https:\/\/www.selfprotein.com\/nb\/wp-json\/wp\/v2\/types\/product"}],"wp:featuredmedia":[{"embeddable":true,"href":"https:\/\/www.selfprotein.com\/nb\/wp-json\/wp\/v2\/media\/12559"}],"wp:attachment":[{"href":"https:\/\/www.selfprotein.com\/nb\/wp-json\/wp\/v2\/media?parent=12547"}],"wp:term":[{"taxonomy":"product_cat","embeddable":true,"href":"https:\/\/www.selfprotein.com\/nb\/wp-json\/wp\/v2\/product_cat?post=12547"},{"taxonomy":"product_tag","embeddable":true,"href":"https:\/\/www.selfprotein.com\/nb\/wp-json\/wp\/v2\/product_tag?post=12547"}],"curies":[{"name":"wp","href":"https:\/\/api.w.org\/{rel}","templated":true}]}}