{"id":15180,"date":"2026-04-07T12:47:11","date_gmt":"2026-04-07T10:47:11","guid":{"rendered":"https:\/\/www.selfprotein.com\/?post_type=product&#038;p=15180"},"modified":"2026-04-07T12:47:11","modified_gmt":"2026-04-07T10:47:11","slug":"creatine-gummies","status":"publish","type":"product","link":"https:\/\/www.selfprotein.com\/nb\/produkt\/creatine-gummies\/","title":{"rendered":"Creatine Gummies"},"content":{"rendered":"<p class=\" translation-block\"><strong>CREATINE GUMMIES<\/strong><br>\n<strong>Den nye formen for kreatin. N\u00e5r som helst, hvor som helst.<\/strong><br>\nEn enkel og rask m\u00e5te \u00e5 innlemme kreatin i din daglige rutine p\u00e5.<br>\n<strong>Kreatingummier<\/strong> kombinerer brukervennlighet og funksjonalitet, og tilbyr et alternativ til tradisjonelt kreatinpulver.<br>\nDen myke, bruksklare gummiformen gj\u00f8r det enkelt \u00e5 innta n\u00e5r som helst, hvor som helst, uten behov for vann eller shaker.<br>\nKreatin er en av de mest studerte ingrediensene innen sportsern\u00e6ring og bidrar til \u00f8kt fysisk ytelse under p\u00e5f\u00f8lgende utbrudd av kortvarig, h\u00f8yintensiv trening.*<\/p>\n<p><strong>Hvorfor du vil elske det<\/strong><br \/>\nPraktisk format, klar til bruk.<br \/>\n\u2022 Praktiske, spiseklare gummibonbons<br \/>\n\u2022 Ingen forberedelser n\u00f8dvendig<br \/>\n\u2022 Enkel \u00e5 ha med seg<br \/>\n\u2022 Kan brukes n\u00e5r som helst p\u00e5 dagen<\/p>\n<p><strong>Hvem er det beregnet p\u00e5?<\/strong><br \/>\nUtviklet for \u00e5 passe til ulike rutiner og livsstiler.<br \/>\n\u2022 Aktive mennesker og idrettsut\u00f8vere<br \/>\n\u2022 H\u00f8yintensiv trening<br \/>\n\u2022 Daglige treningsrutiner<br \/>\n\u2022 Alle som er p\u00e5 jakt etter et enkelt og lett tilgjengelig kosttilskudd<\/p>\n<p><strong>Anbefalt dose<\/strong><br \/>\nTa <strong>2 gummies om dagen<\/strong>.<br \/>\n\u2022 N\u00e5r som helst p\u00e5 dagen<br \/>\n\u2022 F\u00f8r eller etter treningen<br \/>\n\u2022 Ogs\u00e5 p\u00e5 hviledager<\/p>\n<p><strong>Kvalitet<\/strong><br \/>\n\u2022 Utvalgt kreatin<br \/>\n\u2022 Kontrollerte kvalitetsstandarder<br \/>\n\u2022 Utviklet for brukervennlighet<\/p>\n<p><strong>Merknad<\/strong><br \/>\n\u2022 Kosttilskudd b\u00f8r ikke brukes som erstatning for et variert og balansert kosthold og en sunn livsstil.<br \/>\n\u2022 Ikke overskrid den anbefalte daglige dosen.<br \/>\n\u2022 Oppbevares utilgjengelig for barn.<\/p>","protected":false},"excerpt":{"rendered":"<p>CREATINE GUMMIES The new form of creatine. Anytime, anywhere. A simple and immediate way to integrate creatine into your daily routine. Creatine Gummies combine ease of use and functionality, offering an alternative to traditional creatine powder. The soft, ready-to-use gummy format allows easy intake anytime, anywhere, no water or shaker needed. Creatine is one of [&hellip;]<\/p>","protected":false},"featured_media":15240,"template":"","meta":[],"product_cat":[151,308],"product_tag":[161,318],"class_list":{"0":"post-15180","1":"product","2":"type-product","3":"status-publish","4":"has-post-thumbnail","6":"product_cat-amino-acids-creatine","7":"product_cat-strength-and-muscle-mass","8":"product_tag-amino-acids-creatine","9":"product_tag-strength-and-muscle-mass","11":"first","12":"instock","13":"sale","14":"taxable","15":"shipping-taxable","16":"purchasable","17":"product-type-variable"},"aioseo_notices":[],"_links":{"self":[{"href":"https:\/\/www.selfprotein.com\/nb\/wp-json\/wp\/v2\/product\/15180"}],"collection":[{"href":"https:\/\/www.selfprotein.com\/nb\/wp-json\/wp\/v2\/product"}],"about":[{"href":"https:\/\/www.selfprotein.com\/nb\/wp-json\/wp\/v2\/types\/product"}],"wp:featuredmedia":[{"embeddable":true,"href":"https:\/\/www.selfprotein.com\/nb\/wp-json\/wp\/v2\/media\/15240"}],"wp:attachment":[{"href":"https:\/\/www.selfprotein.com\/nb\/wp-json\/wp\/v2\/media?parent=15180"}],"wp:term":[{"taxonomy":"product_cat","embeddable":true,"href":"https:\/\/www.selfprotein.com\/nb\/wp-json\/wp\/v2\/product_cat?post=15180"},{"taxonomy":"product_tag","embeddable":true,"href":"https:\/\/www.selfprotein.com\/nb\/wp-json\/wp\/v2\/product_tag?post=15180"}],"curies":[{"name":"wp","href":"https:\/\/api.w.org\/{rel}","templated":true}]}}