{"id":16,"date":"2023-10-10T18:16:27","date_gmt":"2023-10-10T16:16:27","guid":{"rendered":"https:\/\/34.88.231.180\/?post_type=product&#038;p=16"},"modified":"2026-05-01T00:23:38","modified_gmt":"2026-04-30T22:23:38","slug":"l-arginine","status":"publish","type":"product","link":"https:\/\/www.selfprotein.com\/nb\/produkt\/l-arginine\/","title":{"rendered":"L-Arginine"},"content":{"rendered":"<p style=\"text-align: left;\" align=\"center\"><strong><span lang=\"en-US\">L-Arginine<\/span><\/strong><\/p>\n<p><span lang=\"en-US\">L-arginin er en semi-essensiell aminosyre som finnes i proteinrike matvarer som kj\u00f8tt, fisk, meieriprodukter og belgfrukter. Selv om kroppen kan produsere arginin, er det ikke sikkert at den syntetiserer nok til \u00e5 dekke de fysiologiske behovene. Denne aminosyren spiller en avgj\u00f8rende rolle i en rekke kroppsfunksjoner, inkludert produksjonen av nitrogenoksid, som er viktig for \u00e5 opprettholde kardiovaskul\u00e6r helse og optimal blodstr\u00f8m.<\/span><\/p>\n<p><span lang=\"en-US\">\u00c5 tilsette arginin i kostholdet kan v\u00e6re en effektiv m\u00e5te \u00e5 st\u00f8tte generell helse og velv\u00e6re p\u00e5.<\/span><\/p>\n<p><span lang=\"en-US\">Fordeler med L-Arginin:<\/span><\/p>\n<ul>\n<li><strong><span lang=\"en-US\">Forbedring av treningsytelsen<\/span><\/strong><span lang=\"en-US\"><strong>:<\/strong> \u00c5 integrere arginin i kostholdet kan bidra til \u00e5 forbedre den fysiske prestasjonen under trening. Denne aminosyren er kjent for \u00e5 \u00f8ke blodgjennomstr\u00f8mningen og oksygentilf\u00f8rselen til musklene, noe som forbedrer utholdenheten og evnen til \u00e5 delta i intens fysisk aktivitet.<\/span><\/li>\n<li><strong><span lang=\"en-US\">Forbedring av kardiovaskul\u00e6r helse:<\/span><\/strong><span lang=\"en-US\"> Arginin er forbundet med en rekke fordeler for hjerte- og karsystemet. Ved \u00e5 forbedre blodstr\u00f8mmen og utvide blod\u00e5rene gjennom produksjon av nitrogenoksid, kan arginin bidra til \u00e5 redusere blodtrykket og risikoen for blodpropp, og dermed fremme hjerte- og arteriehelsen.<\/span><\/li>\n<li><strong><span lang=\"en-US\">Forbedring av immunforsvaret: <\/span><\/strong><span lang=\"en-US\">\u00c5 integrere arginin i kostholdet kan st\u00f8tte og forbedre immunforsvaret. Denne aminosyren kan \u00f8ke produksjonen av immunceller og forbedre deres evne til \u00e5 bekjempe infeksjoner, og dermed bidra til \u00e5 opprettholde et sterkt og responsivt immunsystem.<\/span><\/li>\n<li><strong><span lang=\"en-US\">Forbedret erektil funksjon:<\/span><\/strong><span lang=\"en-US\"> For menn med erektil dysfunksjon kan arginin gi betydelige fordeler. Denne aminosyren er kjent for \u00e5 \u00f8ke blodgjennomstr\u00f8mningen til penis, og dermed forbedre erektil funksjon og seksuell helse.<\/span><\/li>\n<\/ul>\n<p>&nbsp;<\/p>\n<p><strong><span lang=\"en-US\">Anbefalt bruk<\/span><\/strong><\/p>\n<p><span lang=\"en-US\">Ta 1 porsjon 30-45 minutter f\u00f8r sportsaktivitet og 1 porsjon f\u00f8r sengetid.<\/span><\/p>\n<p><strong>Merknad:<\/strong><\/p>\n<ul>\n<li>Kun for voksne og erstatter ikke et variert og balansert kosthold og en sunn livsstil.<\/li>\n<li>Ikke overskrid den anbefalte dosen.<\/li>\n<li>Ikke bruk det under amming, graviditetsperioder uten \u00e5 konsultere legen.<\/li>\n<li>Oppbevar produktet p\u00e5 et kj\u00f8lig, t\u00f8rt sted i en godt forseglet emballasje utilgjengelig for barn under 3 \u00e5r.<\/li>\n<li>Kan inneholde spor av melk, havre, egg og soya.<\/li>\n<li>Laktosefri og Glutenfri.<\/li>\n<\/ul>","protected":false},"excerpt":{"rendered":"<details>\n<summary>Ingredienser<\/summary>\n<table style=\"text-align: center;\">\n<tbody>\n<tr>\n<th>INGREDIENSER<\/th>\n<th>per porsjon<\/th>\n<\/tr>\n<tr>\n<td>L-Arginine<\/td>\n<td>5g<\/td>\n<\/tr>\n<\/tbody>\n<\/table>\n<\/details>\n<p>&nbsp;<\/p>","protected":false},"featured_media":11848,"template":"","meta":[],"product_cat":[151,310],"product_tag":[161,315],"class_list":{"0":"post-16","1":"product","2":"type-product","3":"status-publish","4":"has-post-thumbnail","6":"product_cat-amino-acids-creatine","7":"product_cat-performance-and-endurance","8":"product_tag-amino-acids-creatine","9":"product_tag-performance-and-endurance","11":"first","12":"instock","13":"sale","14":"taxable","15":"shipping-taxable","16":"purchasable","17":"product-type-simple"},"aioseo_notices":[],"_links":{"self":[{"href":"https:\/\/www.selfprotein.com\/nb\/wp-json\/wp\/v2\/product\/16"}],"collection":[{"href":"https:\/\/www.selfprotein.com\/nb\/wp-json\/wp\/v2\/product"}],"about":[{"href":"https:\/\/www.selfprotein.com\/nb\/wp-json\/wp\/v2\/types\/product"}],"wp:featuredmedia":[{"embeddable":true,"href":"https:\/\/www.selfprotein.com\/nb\/wp-json\/wp\/v2\/media\/11848"}],"wp:attachment":[{"href":"https:\/\/www.selfprotein.com\/nb\/wp-json\/wp\/v2\/media?parent=16"}],"wp:term":[{"taxonomy":"product_cat","embeddable":true,"href":"https:\/\/www.selfprotein.com\/nb\/wp-json\/wp\/v2\/product_cat?post=16"},{"taxonomy":"product_tag","embeddable":true,"href":"https:\/\/www.selfprotein.com\/nb\/wp-json\/wp\/v2\/product_tag?post=16"}],"curies":[{"name":"wp","href":"https:\/\/api.w.org\/{rel}","templated":true}]}}