{"id":214,"date":"2023-11-27T12:57:46","date_gmt":"2023-11-27T11:57:46","guid":{"rendered":"https:\/\/34.88.231.180\/product\/3-phase-protein\/"},"modified":"2026-05-01T00:23:41","modified_gmt":"2026-04-30T22:23:41","slug":"3-phase-protein","status":"publish","type":"product","link":"https:\/\/www.selfprotein.com\/nb\/produkt\/3-phase-protein\/","title":{"rendered":"3 Phase Protein"},"content":{"rendered":"<p><strong>3 Phase Protein<\/strong><\/p>\n<p><strong>Trippel virkning, maksimal muskelst\u00f8tte.<\/strong><\/p>\n<p>3 Phase Protein er et avansert proteintilskudd som er sammensatt av tre ulike proteinkilder av h\u00f8y kvalitet: myseproteinisolat (WPI), myseproteinhydrolysat (WPH) og micell\u00e6rt kasein. Denne synergien garanterer en sekvensiell og langvarig frigj\u00f8ring av aminosyrer, noe som gir kontinuerlig n\u00e6ring til musklene under de ulike restitusjonsfasene.<br \/>\nPerfekt etter trening eller som et strategisk mellomm\u00e5ltid, og det er det ideelle valget for de som \u00f8nsker \u00e5 optimalisere assimileringstiden uten \u00e5 tilf\u00f8re for mye karbohydrater eller fett.<\/p>\n<p><strong>Derfor vil du like den<\/strong><\/p>\n<ul>\n<li><strong>Trippel proteinkilde<\/strong>: rask, middels og langsom frigj\u00f8ring for kontinuerlig tilf\u00f8rsel av n\u00e6ringsstoffer.<\/li>\n<li><strong>Konstant muskelst\u00f8tte<\/strong>: fremmer proteinsyntese og muskelrestitusjon, selv flere timer etter inntak.<\/li>\n<li><strong>Med naturlig BCAA<\/strong>: leucin, isoleucin og valin for \u00e5 \u00f8ke restitusjonen og forbedre ytelsen.<\/li>\n<li><strong>Lavkarbo og lite fett<\/strong>: ogs\u00e5 perfekt under definisjonsfasen eller p\u00e5 en kalorifattig diett<\/li>\n<li><strong>Optimal proteinbalanse<\/strong>: st\u00f8tter det daglige behovet, og bidrar til vekst og vedlikehold av mager masse.<\/li>\n<\/ul>\n<p>&nbsp;<\/p>\n<p><strong>Anbefalt dose<\/strong><\/p>\n<p>Bland <strong>30 g<\/strong> (ca. 1 skje) med <strong>200 ml vann<\/strong> i en shaker.<\/p>\n<p>Ta etter trening eller mellom m\u00e5ltidene, i henhold til proteinbehovet ditt.<\/p>\n<p><strong>Merknad<\/strong><\/p>\n<ul>\n<li>Kun for voksne.<\/li>\n<li>Ikke en erstatning for et variert og balansert kosthold og en sunn livsstil.<\/li>\n<li>Ikke overskrid den anbefalte daglige dosen.<\/li>\n<li>M\u00e5 ikke brukes under graviditet eller amming uten \u00e5 r\u00e5df\u00f8re deg med lege.<\/li>\n<li>Oppbevares p\u00e5 et kj\u00f8lig, t\u00f8rt sted, utilgjengelig for barn under 3 \u00e5r.<\/li>\n<li>Kan inneholde spor av havre, egg og soya.<\/li>\n<li><strong>Glutenfri<\/strong>.<\/li>\n<\/ul>\n<p>&nbsp;<\/p>\n<p><strong>Ett protein, tre frigj\u00f8ringshastigheter: Gi musklene n\u00e6ring n\u00e5r som helst p\u00e5 dagen.<\/strong><\/p>","protected":false},"excerpt":{"rendered":"<p>3 Phase Protein Trippel virkning, maksimal muskelst\u00f8tte. 3 Phase Protein er et avansert proteintilskudd, sammensatt av tre ulike proteinkilder av h\u00f8y kvalitet: myseproteinisolat (WPI), myseproteinhydrolysat (WPH) og micell\u00e6rt kasein. Denne synergien garanterer en sekvensiell og langvarig frigj\u00f8ring av aminosyrer, noe som gir kontinuerlig n\u00e6ring til musklene under de ulike [...].<\/p>","protected":false},"featured_media":234,"template":"","meta":[],"product_cat":[158,308],"product_tag":[18,318],"class_list":{"0":"post-214","1":"product","2":"type-product","3":"status-publish","4":"has-post-thumbnail","6":"product_cat-proteins","7":"product_cat-strength-and-muscle-mass","8":"product_tag-proteins","9":"product_tag-strength-and-muscle-mass","11":"first","12":"instock","13":"taxable","14":"shipping-taxable","15":"purchasable","16":"product-type-variable"},"aioseo_notices":[],"_links":{"self":[{"href":"https:\/\/www.selfprotein.com\/nb\/wp-json\/wp\/v2\/product\/214"}],"collection":[{"href":"https:\/\/www.selfprotein.com\/nb\/wp-json\/wp\/v2\/product"}],"about":[{"href":"https:\/\/www.selfprotein.com\/nb\/wp-json\/wp\/v2\/types\/product"}],"wp:featuredmedia":[{"embeddable":true,"href":"https:\/\/www.selfprotein.com\/nb\/wp-json\/wp\/v2\/media\/234"}],"wp:attachment":[{"href":"https:\/\/www.selfprotein.com\/nb\/wp-json\/wp\/v2\/media?parent=214"}],"wp:term":[{"taxonomy":"product_cat","embeddable":true,"href":"https:\/\/www.selfprotein.com\/nb\/wp-json\/wp\/v2\/product_cat?post=214"},{"taxonomy":"product_tag","embeddable":true,"href":"https:\/\/www.selfprotein.com\/nb\/wp-json\/wp\/v2\/product_tag?post=214"}],"curies":[{"name":"wp","href":"https:\/\/api.w.org\/{rel}","templated":true}]}}