{"id":243,"date":"2023-11-27T12:58:01","date_gmt":"2023-11-27T11:58:01","guid":{"rendered":"https:\/\/34.88.231.180\/product\/acetyl-l-carnitine-1000\/"},"modified":"2026-05-01T00:23:38","modified_gmt":"2026-04-30T22:23:38","slug":"acetyl-l-carnitine-1000","status":"publish","type":"product","link":"https:\/\/www.selfprotein.com\/nb\/produkt\/acetyl-l-carnitine-1000\/","title":{"rendered":"Acetyl L-Carnitine 1000"},"content":{"rendered":"<p style=\"text-align: left;\" align=\"center\"><strong><span lang=\"en-US\">Acetyl L-Carnitine 1000<\/span><\/strong><\/p>\n<p><span lang=\"en-US\">Oppdag potensialet til acetyl-L-karnitin (ALCAR), et aminosyrederivat som spiller en avgj\u00f8rende rolle i fettmetabolismen og energiproduksjonen i menneskekroppen. ALCAR finnes i naturen og kan hentes fra matkilder som r\u00f8dt kj\u00f8tt, fisk og meieriprodukter, men er ogs\u00e5 tilgjengelig i form av kosttilskudd og er mye brukt til ulike form\u00e5l, blant annet for \u00e5 forbedre kognitiv funksjon, st\u00f8tte vekttap og fremme sunn aldring.<\/span><\/p>\n<p><span lang=\"en-US\">Fordelene med acetyl-L-karnitin (ALCAR):<\/span><\/p>\n<ul>\n<li><strong><span lang=\"en-US\">Forbedring av kognitiv funksjon:<\/span><\/strong><span lang=\"en-US\"> ALCAR kan bidra til \u00e5 forbedre hukommelsen, konsentrasjonen og den generelle kognitive ytelsen, noe som gir potensielle fordeler for hjernens helse.<\/span><\/li>\n<li><strong><span lang=\"en-US\">\u00d8kt energi:<\/span><\/strong><span lang=\"en-US\"> Ved \u00e5 stimulere produksjonen av ATP, kroppens prim\u00e6re energivaluta, kan ALCAR bidra til \u00f8kt energiniv\u00e5, noe som gir st\u00f8tte til \u00e5 takle krevende fysiske og mentale aktiviteter.<\/span><\/li>\n<li><strong><span lang=\"en-US\">Forbedring av hum\u00f8ret<\/span><\/strong><span lang=\"en-US\"><strong>:<\/strong> ALCAR kan ha en positiv innvirkning p\u00e5 hum\u00f8ret ved \u00e5 redusere symptomer p\u00e5 depresjon og angst og fremme en f\u00f8lelse av mentalt velv\u00e6re.<\/span><\/li>\n<li><strong><span lang=\"en-US\">Anti-aldringseffekter:<\/span><\/strong><span lang=\"en-US\"> Takket v\u00e6re sin evne til \u00e5 redusere oksidativt stress og inflammasjon kan ALCAR bidra til \u00e5 st\u00f8tte sunn aldring og beskytte mot aldersrelaterte kroniske sykdommer.<\/span><\/li>\n<\/ul>\n<p>&nbsp;<\/p>\n<p><span lang=\"en-US\">Ved \u00e5 integrere acetyl-L-karnitin (ALCAR) i din daglige rutine kan du oppleve en rekke fordeler som ikke bare fremmer ditt fysiske velv\u00e6re, men ogs\u00e5 din mentale og kognitive helse, slik at du kan takle livet med vitalitet og mental klarhet.<\/span><\/p>\n<p><strong><span lang=\"en-US\">Anbefalt bruk<\/span><\/strong><\/p>\n<p><span lang=\"en-US\">1 tablett i l\u00f8pet av dagen eller 30-45 minutter f\u00f8r trening.<\/span><\/p>\n<p><strong>Merknad:<\/strong><\/p>\n<ul>\n<li>Kun for voksne og erstatter ikke et variert og balansert kosthold og en sunn livsstil.<\/li>\n<li>Ikke overskrid den anbefalte dosen.<\/li>\n<li>Ikke bruk det under amming, graviditetsperioder uten \u00e5 konsultere legen.<\/li>\n<li>Oppbevar produktet p\u00e5 et kj\u00f8lig, t\u00f8rt sted i en godt forseglet emballasje utilgjengelig for barn under 3 \u00e5r.<\/li>\n<li>Kan inneholde spor av melk, havre, egg og soya.<\/li>\n<li>Laktosefri og Glutenfri.<\/li>\n<\/ul>","protected":false},"excerpt":{"rendered":"<details>\n<summary>Ingredienser<\/summary>\n<table style=\"text-align: center;\">\n<tbody>\n<tr>\n<th>Ingredienser<\/th>\n<th>per 1 tablett<\/th>\n<\/tr>\n<tr>\n<td>Acetyl-L-karnitin<\/td>\n<td>1000 mg<\/td>\n<\/tr>\n<tr>\n<td colspan=\"2\"><strong>Andre ingredienser: <\/strong>stabiliseringsmidler E460, E470b, E551<\/td>\n<\/tr>\n<\/tbody>\n<\/table>\n<\/details>\n<p>&nbsp;<\/p>","protected":false},"featured_media":246,"template":"","meta":[],"product_cat":[155,309],"product_tag":[163,319],"class_list":{"0":"post-243","1":"product","2":"type-product","3":"status-publish","4":"has-post-thumbnail","6":"product_cat-weight-control-metabolism","7":"product_cat-weight-management-and-definition","8":"product_tag-weight-control-metabolism","9":"product_tag-weight-management-and-definition","11":"first","12":"instock","13":"taxable","14":"shipping-taxable","15":"purchasable","16":"product-type-simple"},"aioseo_notices":[],"_links":{"self":[{"href":"https:\/\/www.selfprotein.com\/nb\/wp-json\/wp\/v2\/product\/243"}],"collection":[{"href":"https:\/\/www.selfprotein.com\/nb\/wp-json\/wp\/v2\/product"}],"about":[{"href":"https:\/\/www.selfprotein.com\/nb\/wp-json\/wp\/v2\/types\/product"}],"wp:featuredmedia":[{"embeddable":true,"href":"https:\/\/www.selfprotein.com\/nb\/wp-json\/wp\/v2\/media\/246"}],"wp:attachment":[{"href":"https:\/\/www.selfprotein.com\/nb\/wp-json\/wp\/v2\/media?parent=243"}],"wp:term":[{"taxonomy":"product_cat","embeddable":true,"href":"https:\/\/www.selfprotein.com\/nb\/wp-json\/wp\/v2\/product_cat?post=243"},{"taxonomy":"product_tag","embeddable":true,"href":"https:\/\/www.selfprotein.com\/nb\/wp-json\/wp\/v2\/product_tag?post=243"}],"curies":[{"name":"wp","href":"https:\/\/api.w.org\/{rel}","templated":true}]}}