{"id":251,"date":"2023-11-27T12:58:05","date_gmt":"2023-11-27T11:58:05","guid":{"rendered":"https:\/\/34.88.231.180\/product\/ala-alpha-lipoic-acid\/"},"modified":"2026-04-01T00:00:07","modified_gmt":"2026-03-31T22:00:07","slug":"ala-alpha-lipoic-acid","status":"publish","type":"product","link":"https:\/\/www.selfprotein.com\/nb\/produkt\/ala-alpha-lipoic-acid\/","title":{"rendered":"ALA Alpha Lipoic Acid"},"content":{"rendered":"<p style=\"text-align: left\" align=\"center\"><strong><span lang=\"en-US\">ALA Alpha Lipoic Acid<\/span><\/strong><\/p>\n<p><span lang=\"en-US\">Oppdag de potensielle fordelene med alfa-liponsyre (ALA), en antioksidant som finnes i matvarer som spinat, brokkoli og lever, og som kan gi verdifull st\u00f8tte til idrettsut\u00f8veres idrettsprestasjoner. Takket v\u00e6re de betennelsesdempende egenskapene og evnen til \u00e5 forbedre insulinf\u00f8lsomheten har ALA blitt et popul\u00e6rt kosttilskudd blant idrettsut\u00f8vere som \u00f8nsker ekstra fordeler i forbindelse med trening og restitusjon.<\/span><\/p>\n<p><span lang=\"en-US\">Fordelene med alfa-liponsyre (ALA):<\/span><\/p>\n<ul>\n<li><strong><span lang=\"en-US\">Reduksjon av betennelse:<\/span><\/strong><span lang=\"en-US\"> ALA kan bidra til \u00e5 redusere treningsindusert betennelse og muskels\u00e5rhet, slik at idrettsut\u00f8vere kan restituere seg raskere og takle p\u00e5f\u00f8lgende trenings\u00f8kter med st\u00f8rre komfort.<\/span><\/li>\n<li><strong><span lang=\"en-US\">Forbedring av insulinf\u00f8lsomheten: <\/span><\/strong><span lang=\"en-US\">ALA kan bidra til \u00e5 forbedre insulinf\u00f8lsomheten, noe som gir en stabil regulering av blodsukkerniv\u00e5et under trening, noe som er avgj\u00f8rende for \u00e5 opprettholde jevn energi og ytelse.<\/span><\/li>\n<li><strong><span lang=\"en-US\">Forbedring av utvinning:<\/span><\/strong><span lang=\"en-US\"> Ved \u00e5 integrere ALA i kostholdet kan idrettsut\u00f8vere oppleve bedre restitusjon etter trening, takket v\u00e6re ALAs evne til \u00e5 redusere oksidativt stress og fremme muskelreparasjon.<\/span><\/li>\n<li><strong><span lang=\"en-US\">St\u00f8tte for hjernens helse:<\/span><\/strong><span lang=\"en-US\"> De nevrobeskyttende egenskapene til ALA kan hjelpe idrettsut\u00f8vere med \u00e5 opprettholde kognitiv funksjon og konsentrasjon under trening og konkurranse, slik at de kan holde fokus og prestere i alle situasjoner.<\/span><\/li>\n<\/ul>\n<p><\/p>\n<p><span lang=\"en-US\">Med alfa-liponsyre (ALA) som en del av ern\u00e6ringsrutinen kan idrettsut\u00f8vere dra nytte av ekstra st\u00f8tte for deres generelle velv\u00e6re og idrettsprestasjoner, slik at de kan n\u00e5 sine idrettslige m\u00e5l med \u00f8kt selvtillit og utholdenhet.<\/span><\/p>\n<p><strong><span lang=\"en-US\">Anbefalt bruk<\/span><\/strong><\/p>\n<p><span lang=\"en-US\">2 kapsler i l\u00f8pet av dagen.<\/span><\/p>\n<p><strong>Merknad:<\/strong><\/p>\n<ul>\n<li>Kun for voksne og erstatter ikke et variert og balansert kosthold og en sunn livsstil.<\/li>\n<li>Ikke overskrid den anbefalte dosen.<\/li>\n<li>Ikke bruk det under amming, graviditetsperioder uten \u00e5 konsultere legen.<\/li>\n<li>Oppbevar produktet p\u00e5 et kj\u00f8lig, t\u00f8rt sted i en godt forseglet emballasje utilgjengelig for barn under 3 \u00e5r.<\/li>\n<li>Kan inneholde spor av melk, havre, egg og soya.<\/li>\n<li>Laktosefri og Glutenfri.<\/li>\n<\/ul>","protected":false},"excerpt":{"rendered":"<details>\n<summary>Ingredienser<\/summary>\n<table style=\"text-align: center\">\n<tbody>\n<tr>\n<th>Ingredienser<\/th>\n<th>per 2 cps<\/th>\n<\/tr>\n<tr>\n<td>Alpha Lipoic Acid<\/td>\n<td>400 mg<\/td>\n<\/tr>\n<tr>\n<td>Biotin<\/td>\n<td>225 \u03bcg (450%*)<\/td>\n<\/tr>\n<tr>\n<td>Krom<\/td>\n<td>200 \u03bcg (450%*)<\/td>\n<\/tr>\n<tr>\n<td colspan=\"2\"><strong>Andre ingredienser:<\/strong>stabiliseringsmidler E460, E470b, vegansk kapsel (E1204)<\/td>\n<\/tr>\n<tr>\n<td colspan=\"2\">*(NRV) N\u00e6ringsmessig referanseverdi<\/td>\n<\/tr>\n<\/tbody>\n<\/table>\n<\/details>\n<p>&nbsp;<\/p>","protected":false},"featured_media":12756,"template":"","meta":[],"product_cat":[155,309],"product_tag":[163,319],"class_list":{"0":"post-251","1":"product","2":"type-product","3":"status-publish","4":"has-post-thumbnail","6":"product_cat-weight-control-metabolism","7":"product_cat-weight-management-and-definition","8":"product_tag-weight-control-metabolism","9":"product_tag-weight-management-and-definition","11":"first","12":"instock","13":"sale","14":"taxable","15":"shipping-taxable","16":"purchasable","17":"product-type-simple"},"aioseo_notices":[],"_links":{"self":[{"href":"https:\/\/www.selfprotein.com\/nb\/wp-json\/wp\/v2\/product\/251"}],"collection":[{"href":"https:\/\/www.selfprotein.com\/nb\/wp-json\/wp\/v2\/product"}],"about":[{"href":"https:\/\/www.selfprotein.com\/nb\/wp-json\/wp\/v2\/types\/product"}],"wp:featuredmedia":[{"embeddable":true,"href":"https:\/\/www.selfprotein.com\/nb\/wp-json\/wp\/v2\/media\/12756"}],"wp:attachment":[{"href":"https:\/\/www.selfprotein.com\/nb\/wp-json\/wp\/v2\/media?parent=251"}],"wp:term":[{"taxonomy":"product_cat","embeddable":true,"href":"https:\/\/www.selfprotein.com\/nb\/wp-json\/wp\/v2\/product_cat?post=251"},{"taxonomy":"product_tag","embeddable":true,"href":"https:\/\/www.selfprotein.com\/nb\/wp-json\/wp\/v2\/product_tag?post=251"}],"curies":[{"name":"wp","href":"https:\/\/api.w.org\/{rel}","templated":true}]}}