{"id":259,"date":"2023-11-27T12:58:09","date_gmt":"2023-11-27T11:58:09","guid":{"rendered":"https:\/\/34.88.231.180\/product\/alc-acetyl-l-carnitine\/"},"modified":"2026-05-01T00:23:39","modified_gmt":"2026-04-30T22:23:39","slug":"alc-acetyl-l-carnitine","status":"publish","type":"product","link":"https:\/\/www.selfprotein.com\/nb\/produkt\/alc-acetyl-l-carnitine\/","title":{"rendered":"ALC Acetyl L-Carnitine"},"content":{"rendered":"<p style=\"text-align: left;\" align=\"center\"><strong><span lang=\"en-US\">ALC Acetyl L-Carnitine<\/span><\/strong><\/p>\n<p><span lang=\"en-US\">Oppdag potensialet til ALC Acetyl L-karnitin (ALCAR) som en viktig forbindelse som er involvert i fettmetabolismen og energiproduksjonen i kroppen v\u00e5r. ALCAR finnes i naturen og er ogs\u00e5 tilgjengelig gjennom matkilder som r\u00f8dt kj\u00f8tt, fisk og meieriprodukter, og er viden kjent for sin avgj\u00f8rende rolle for helse og velv\u00e6re. ALCAR-tilskudd brukes ofte til ulike form\u00e5l, blant annet for \u00e5 forbedre kognitiv funksjon, fremme vekttap og st\u00f8tte sunn aldring.<\/span><\/p>\n<p><span lang=\"en-US\">Fordeler med ALC Acetyl L-karnitin (ALCAR):<\/span><\/p>\n<ul>\n<li><strong><span lang=\"en-US\">Forbedring av kognitiv funksjon:<\/span><\/strong><span lang=\"en-US\"> Med sine egenskaper kan ALCAR bidra til bedre hjernefunksjon ved \u00e5 forbedre hukommelse, konsentrasjon og generell kognitiv ytelse.<\/span><\/li>\n<li><strong><span lang=\"en-US\">\u00d8kt energi:<\/span><\/strong><span lang=\"en-US\"> ALCAR er i stand til \u00e5 \u00f8ke energiniv\u00e5et ved \u00e5 \u00f8ke ATP-produksjonen, den prim\u00e6re energikilden for menneskekroppen.<\/span><\/li>\n<li><strong><span lang=\"en-US\">Forbedring av hum\u00f8ret<\/span><\/strong><span lang=\"en-US\"><strong>:<\/strong> \u00c5 integrere ALCAR i kostholdet kan f\u00f8re til bedre hum\u00f8r ved \u00e5 redusere symptomer p\u00e5 depresjon og angst og fremme en f\u00f8lelse av f\u00f8lelsesmessig velv\u00e6re.<\/span><\/li>\n<li><strong><span lang=\"en-US\">Anti-aldringseffekter<\/span><\/strong><span lang=\"en-US\"><strong>:<\/strong> ALCAR kan bidra til \u00e5 st\u00f8tte sunn aldring ved \u00e5 redusere oksidativt stress og inflammasjon, faktorer som er forbundet med mange aldersrelaterte kroniske sykdommer.<\/span><\/li>\n<\/ul>\n<p>&nbsp;<\/p>\n<p><strong><span lang=\"en-US\">Anbefalt bruk<\/span><\/strong><\/p>\n<p><span lang=\"en-US\">2 kapsler i l\u00f8pet av dagen eller 30-45 minutter f\u00f8r trening.<\/span><\/p>\n<p><strong>Merknad:<\/strong><\/p>\n<ul>\n<li>Kun for voksne og erstatter ikke et variert og balansert kosthold og en sunn livsstil.<\/li>\n<li>Ikke overskrid den anbefalte dosen.<\/li>\n<li>Ikke bruk det under amming, graviditetsperioder uten \u00e5 konsultere legen.<\/li>\n<li>Oppbevar produktet p\u00e5 et kj\u00f8lig, t\u00f8rt sted i en godt forseglet emballasje utilgjengelig for barn under 3 \u00e5r.<\/li>\n<li>Kan inneholde spor av melk, havre, egg og soya.<\/li>\n<li>Laktosefri og Glutenfri.<\/li>\n<\/ul>","protected":false},"excerpt":{"rendered":"<details>\n<summary>Ingredienser<\/summary>\n<table style=\"text-align: center;\">\n<tbody>\n<tr>\n<th>Ingredienser<\/th>\n<th>2 cps<\/th>\n<\/tr>\n<tr>\n<td>Acetyl-L-karnitin<\/td>\n<td>1000 mg<\/td>\n<\/tr>\n<tr>\n<td colspan=\"2\"><strong>Andre ingredienser: <\/strong>stabiliseringsmidler E460, E470b, vegansk kapsel (E1024)<\/td>\n<\/tr>\n<\/tbody>\n<\/table>\n<\/details>\n<p>&nbsp;<\/p>","protected":false},"featured_media":262,"template":"","meta":[],"product_cat":[155,309],"product_tag":[163,319],"class_list":{"0":"post-259","1":"product","2":"type-product","3":"status-publish","4":"has-post-thumbnail","6":"product_cat-weight-control-metabolism","7":"product_cat-weight-management-and-definition","8":"product_tag-weight-control-metabolism","9":"product_tag-weight-management-and-definition","11":"first","12":"instock","13":"taxable","14":"shipping-taxable","15":"purchasable","16":"product-type-simple"},"aioseo_notices":[],"_links":{"self":[{"href":"https:\/\/www.selfprotein.com\/nb\/wp-json\/wp\/v2\/product\/259"}],"collection":[{"href":"https:\/\/www.selfprotein.com\/nb\/wp-json\/wp\/v2\/product"}],"about":[{"href":"https:\/\/www.selfprotein.com\/nb\/wp-json\/wp\/v2\/types\/product"}],"wp:featuredmedia":[{"embeddable":true,"href":"https:\/\/www.selfprotein.com\/nb\/wp-json\/wp\/v2\/media\/262"}],"wp:attachment":[{"href":"https:\/\/www.selfprotein.com\/nb\/wp-json\/wp\/v2\/media?parent=259"}],"wp:term":[{"taxonomy":"product_cat","embeddable":true,"href":"https:\/\/www.selfprotein.com\/nb\/wp-json\/wp\/v2\/product_cat?post=259"},{"taxonomy":"product_tag","embeddable":true,"href":"https:\/\/www.selfprotein.com\/nb\/wp-json\/wp\/v2\/product_tag?post=259"}],"curies":[{"name":"wp","href":"https:\/\/api.w.org\/{rel}","templated":true}]}}