{"id":3089,"date":"2024-10-26T11:18:43","date_gmt":"2024-10-26T09:18:43","guid":{"rendered":"https:\/\/34.88.231.180\/?post_type=product&#038;p=3089"},"modified":"2026-04-01T00:00:36","modified_gmt":"2026-03-31T22:00:36","slug":"sweet-protein","status":"publish","type":"product","link":"https:\/\/www.selfprotein.com\/nb\/produkt\/sweet-protein\/","title":{"rendered":"Sweet Protein"},"content":{"rendered":"<p>Sweet Protein er et velsmakende mellomm\u00e5ltid som er perfekt for \u00e5 tilfredsstille lysten p\u00e5 s\u00f8tt uten \u00e5 gi avkall p\u00e5 n\u00e6ring. Med en kombinasjon av utvalgte ingredienser tilbyr denne kjeksen en praktisk og komplett l\u00f8sning for deg som \u00f8nsker et n\u00e6ringsrikt og velsmakende alternativ for \u00e5 supplere kostholdet ditt med viktige proteiner og fiber.<\/p>\n<p><strong>Her er de viktigste fordelene med dette produktet:<\/strong><\/p>\n<ul>\n<li><strong>Proteiner av h\u00f8y kvalitet:<\/strong> Takket v\u00e6re hvete- og soyaproteiner gir denne kjeksen et viktig proteininntak, noe som er viktig for muskelhelsen og metthetsf\u00f8lelsen.<\/li>\n<li><strong>Redusert sukkerinnhold:<\/strong> Bruken av s\u00f8tningsmidler som maltitol og erytritol gj\u00f8r at du kan redusere sukkerinnholdet i kjeksen, noe som gj\u00f8r den egnet for deg som \u00f8nsker \u00e5 begrense sukkerinntaket i kostholdet ditt.<\/li>\n<li><strong>Kilde til fiber:<\/strong> Tilstedev\u00e6relsen av inulin og linfr\u00f8mel gir fiber som de hjelper ford\u00f8yelsen og bidrar til \u00e5 holde blodsukkerniv\u00e5et stabilt.<\/li>\n<li><strong>Egnet alternativ for ulike dietter:<\/strong> Kjeksen er fri for tilsatt sukker og rik p\u00e5 proteiner, og er derfor egnet for ulike diettbehov, inkludert de som f\u00f8lger en protein- eller kontrollert diett.<\/li>\n<\/ul>\n<p><\/p>\n<p><strong>Merknad:<\/strong><\/p>\n<ul>\n<li>Allergener: egg, gluten, pean\u00f8tter, hasseln\u00f8tter, soya og soyaderivater, melk, pean\u00f8tter, sesamfr\u00f8.<\/li>\n<li>Produsert i et anlegg som bruker n\u00f8tter, sesamfr\u00f8 og pean\u00f8tter.<\/li>\n<li>Inneholder polyoler.<\/li>\n<li>Overdrevent inntak kan virke avf\u00f8rende.<\/li>\n<\/ul>","protected":false},"excerpt":{"rendered":"<p>Sweet Protein er et velsmakende mellomm\u00e5ltid som er perfekt for \u00e5 tilfredsstille lysten p\u00e5 s\u00f8tt uten \u00e5 gi avkall p\u00e5 n\u00e6ring. Med en kombinasjon av utvalgte ingredienser tilbyr denne kjeksen en praktisk og komplett l\u00f8sning for deg som \u00f8nsker et n\u00e6ringsrikt og velsmakende alternativ for \u00e5 supplere kostholdet ditt med viktige proteiner og fiber. Her er de viktigste fordelene med [...]<\/p>","protected":false},"featured_media":8128,"template":"","meta":[],"product_cat":[313,210],"product_tag":[316,223],"class_list":{"0":"post-3089","1":"product","2":"type-product","3":"status-publish","4":"has-post-thumbnail","6":"product_cat-protein-snacks-and-fit-food","7":"product_cat-snacks-meal-solutions","8":"product_tag-protein-snacks-fit-food","9":"product_tag-snacks-meal-solutions","11":"first","12":"instock","13":"sale","14":"taxable","15":"shipping-taxable","16":"purchasable","17":"product-type-variable"},"aioseo_notices":[],"_links":{"self":[{"href":"https:\/\/www.selfprotein.com\/nb\/wp-json\/wp\/v2\/product\/3089"}],"collection":[{"href":"https:\/\/www.selfprotein.com\/nb\/wp-json\/wp\/v2\/product"}],"about":[{"href":"https:\/\/www.selfprotein.com\/nb\/wp-json\/wp\/v2\/types\/product"}],"wp:featuredmedia":[{"embeddable":true,"href":"https:\/\/www.selfprotein.com\/nb\/wp-json\/wp\/v2\/media\/8128"}],"wp:attachment":[{"href":"https:\/\/www.selfprotein.com\/nb\/wp-json\/wp\/v2\/media?parent=3089"}],"wp:term":[{"taxonomy":"product_cat","embeddable":true,"href":"https:\/\/www.selfprotein.com\/nb\/wp-json\/wp\/v2\/product_cat?post=3089"},{"taxonomy":"product_tag","embeddable":true,"href":"https:\/\/www.selfprotein.com\/nb\/wp-json\/wp\/v2\/product_tag?post=3089"}],"curies":[{"name":"wp","href":"https:\/\/api.w.org\/{rel}","templated":true}]}}