{"id":3097,"date":"2024-10-26T11:18:43","date_gmt":"2024-10-26T09:18:43","guid":{"rendered":"https:\/\/34.88.231.180\/?post_type=product&#038;p=3097"},"modified":"2026-04-01T00:00:35","modified_gmt":"2026-03-31T22:00:35","slug":"hydro-energy-gel","status":"publish","type":"product","link":"https:\/\/www.selfprotein.com\/nb\/produkt\/hydro-energy-gel\/","title":{"rendered":"Hydro Energy Gel"},"content":{"rendered":"<p style=\"text-align: left;\" align=\"center\"><strong><span lang=\"en-US\">Hydro Energy Gel<\/span><\/strong><\/p>\n<p><span lang=\"en-US\">Vi har utviklet dette produktet for \u00e5 tilby en effektiv l\u00f8sning for \u00e5 opprettholde et h\u00f8yt energiniv\u00e5 under fysisk trening, med kilder til hurtigvirkende karbohydrater og elektrolytter. Gelene v\u00e5re er beregnet p\u00e5 \u00e5 inntas under utholdenhetsaktiviteter som l\u00f8ping, sykling eller triatlon, og hjelper idrettsut\u00f8vere med \u00e5 opprettholde optimal ytelse og n\u00e5 m\u00e5lene sine.<\/span><\/p>\n<p><span lang=\"en-US\">Fordelene med Hydro Energy Gel:<\/span><\/p>\n<ul>\n<li><strong><span lang=\"en-US\">Umiddelbar energip\u00e5fylling:<\/span><\/strong><span lang=\"en-US\"> V\u00e5re geler inneholder hurtigvirkende karbohydrater som absorberes raskt av kroppen for \u00e5 sikre en rask \u00f8kning i energiniv\u00e5et under intens fysisk aktivitet.<\/span><\/li>\n<li><strong><span lang=\"en-US\">Elektrolyttbalanse:<\/span><\/strong><span lang=\"en-US\"> I tillegg til karbohydrater inneholder gelene v\u00e5re ogs\u00e5 viktige elektrolytter som natrium, kalium og magnesium, som bidrar til \u00e5 opprettholde kroppens v\u00e6ske- og elektrolyttbalanse, noe som reduserer risikoen for dehydrering og muskelkramper.<\/span><\/li>\n<li><strong><span lang=\"en-US\">Brukervennlighet:<\/span><\/strong><span lang=\"en-US\"> Den praktiske emballasjen gj\u00f8r gelene v\u00e5re enkle \u00e5 ta med seg og innta under trening eller konkurranse, uten at du trenger \u00e5 avbryte aktiviteten.<\/span><\/li>\n<li><strong><span lang=\"en-US\">Rask absorpsjon: <\/span><\/strong><span lang=\"en-US\">Gelformuleringen v\u00e5r er utviklet for \u00e5 sikre rask og effektiv absorpsjon, slik at idrettsut\u00f8veren umiddelbart kan dra nytte av de energigivende og fuktighetsgivende effektene.<\/span><\/li>\n<li><strong><span lang=\"en-US\">Tilpasningsevne til ulike aktiviteter:<\/span><\/strong><span lang=\"en-US\"> Gelene v\u00e5re er ideelle for et bredt spekter av idretter og utholdenhetsaktiviteter, og gir p\u00e5litelig og jevn st\u00f8tte til idrettsut\u00f8vere p\u00e5 alle niv\u00e5er.<\/span><\/li>\n<\/ul>\n<p>&nbsp;<\/p>\n<p><strong><span lang=\"en-US\">Anbefalt bruk<\/span><\/strong><\/p>\n<p><span lang=\"en-US\">1-2 timer f\u00f8r eller under trenings\u00f8kten.<\/span><\/p>\n<p><strong>Merknad:<\/strong><\/p>\n<ul>\n<li>Kun for voksne og erstatter ikke et variert og balansert kosthold og en sunn livsstil.<\/li>\n<li>Ikke overskrid den anbefalte dosen.<\/li>\n<li>Ikke bruk det under amming, graviditetsperioder uten \u00e5 konsultere legen.<\/li>\n<li>Oppbevar produktet p\u00e5 et kj\u00f8lig, t\u00f8rt sted i en godt forseglet emballasje.<\/li>\n<li>Laktosefri og Glutenfri.<\/li>\n<\/ul>","protected":false},"excerpt":{"rendered":"<details>\n<summary>N\u00e6ringsinnhold<\/summary>\n<table style=\"text-align: center;\">\n<tbody>\n<tr>\n<th>N\u00e6ringsinnhold<\/th>\n<th>100 ML<\/th>\n<th>30 ML<\/th>\n<\/tr>\n<tr>\n<td>Energi<\/td>\n<td>1037kj<br \/>\n244 kcal<\/td>\n<td>311kj<br \/>\n73 kcal<\/td>\n<\/tr>\n<tr>\n<td>Fett<\/td>\n<td>0g<\/td>\n<td>0,00g<\/td>\n<\/tr>\n<tr>\n<td>hvorav modnet<\/td>\n<td>0g<\/td>\n<td>0,00g<\/td>\n<\/tr>\n<tr>\n<td>Karbohydrater<\/td>\n<td>61,6g<\/td>\n<td>18,3<\/td>\n<\/tr>\n<tr>\n<td>hvorav sukkerarter<\/td>\n<td>44,2g<\/td>\n<td>13,3g<\/td>\n<\/tr>\n<tr>\n<td>Protein<\/td>\n<td>0g<\/td>\n<td>0g<\/td>\n<\/tr>\n<tr>\n<td>Salt<\/td>\n<td>0,09g<\/td>\n<td>0,03g<\/td>\n<\/tr>\n<tr>\n<td>Kostfiber<\/td>\n<td>0g<\/td>\n<td>0g<\/td>\n<\/tr>\n<tr>\n<td>Magnesium<\/td>\n<td>333 mg<\/td>\n<td>110 mg<\/td>\n<\/tr>\n<tr>\n<td>Kalium<\/td>\n<td>500 mg<\/td>\n<td>150 mg<\/td>\n<\/tr>\n<tr>\n<td>D-Ribose<\/td>\n<td>910 mg<\/td>\n<td>273 mg<\/td>\n<\/tr>\n<tr>\n<td colspan=\"3\"><strong>Andre ingredienser: <\/strong>vann, maltodekstrin DE19, dekstrose, isomaltulose, fruktose, magnesiumcitrat, kaliumglukonat, ribose, konserveringsmiddel: kaliumsorbat; aromaer, syrningsmiddel: sitronsyre; fortykningsmiddel: xanthan<\/td>\n<\/tr>\n<\/tbody>\n<\/table>\n<\/details>\n<p>&nbsp;<\/p>","protected":false},"featured_media":3098,"template":"","meta":[],"product_cat":[310,217],"product_tag":[315,230],"class_list":{"0":"post-3097","1":"product","2":"type-product","3":"status-publish","4":"has-post-thumbnail","6":"product_cat-performance-and-endurance","7":"product_cat-pre-workout-energy","8":"product_tag-performance-and-endurance","9":"product_tag-pre-workout-energy","11":"first","12":"instock","13":"taxable","14":"shipping-taxable","15":"purchasable","16":"product-type-simple"},"aioseo_notices":[],"_links":{"self":[{"href":"https:\/\/www.selfprotein.com\/nb\/wp-json\/wp\/v2\/product\/3097"}],"collection":[{"href":"https:\/\/www.selfprotein.com\/nb\/wp-json\/wp\/v2\/product"}],"about":[{"href":"https:\/\/www.selfprotein.com\/nb\/wp-json\/wp\/v2\/types\/product"}],"wp:featuredmedia":[{"embeddable":true,"href":"https:\/\/www.selfprotein.com\/nb\/wp-json\/wp\/v2\/media\/3098"}],"wp:attachment":[{"href":"https:\/\/www.selfprotein.com\/nb\/wp-json\/wp\/v2\/media?parent=3097"}],"wp:term":[{"taxonomy":"product_cat","embeddable":true,"href":"https:\/\/www.selfprotein.com\/nb\/wp-json\/wp\/v2\/product_cat?post=3097"},{"taxonomy":"product_tag","embeddable":true,"href":"https:\/\/www.selfprotein.com\/nb\/wp-json\/wp\/v2\/product_tag?post=3097"}],"curies":[{"name":"wp","href":"https:\/\/api.w.org\/{rel}","templated":true}]}}