{"id":3100,"date":"2024-10-26T11:18:44","date_gmt":"2024-10-26T09:18:44","guid":{"rendered":"https:\/\/34.88.231.180\/?post_type=product&#038;p=3100"},"modified":"2026-05-01T00:24:10","modified_gmt":"2026-04-30T22:24:10","slug":"carbo-energy-gel","status":"publish","type":"product","link":"https:\/\/www.selfprotein.com\/nb\/produkt\/carbo-energy-gel\/","title":{"rendered":"Carbo Energy Gel"},"content":{"rendered":"<p style=\"text-align: left;\" align=\"center\"><strong><span lang=\"en-US\">Carbo Energy Gel<\/span><\/strong><\/p>\n<p><span lang=\"en-US\">Carbo Energy Gel presenteres som en innovativ l\u00f8sning for sportsern\u00e6ring som er utviklet for \u00e5 gi en rask kilde til karbohydrater og elektrolytter under fysisk trening. Disse gelene er ideelle for idrettsut\u00f8vere som driver med utholdenhetsaktiviteter som l\u00f8ping, sykling og triatlon, og gir viktig st\u00f8tte for \u00e5 opprettholde h\u00f8ye energiniv\u00e5er og optimal ytelse.<\/span><\/p>\n<p><span lang=\"en-US\">Med Carbo Energy Gel kan idrettsut\u00f8vere stole p\u00e5 en p\u00e5litelig kilde til elektrolytisk energi for \u00e5 maksimere ytelsen og n\u00e5 sine utholdenhetsm\u00e5l med selvtillit og besluttsomhet.<\/span><\/p>\n<p><span lang=\"en-US\">Fordeler med Carbo Energy Gel:<\/span><\/p>\n<ul>\n<li><strong><span lang=\"en-US\">Rask kilde til karbohydrater og elektrolytter:<\/span><\/strong><span lang=\"en-US\"> Carbo Energy Gel gir en konsentrert l\u00f8sning av lettford\u00f8yelige og absorberbare karbohydrater, sammen med elektrolyttene som trengs for \u00e5 opprettholde v\u00e6skebalansen i kroppen under intens fysisk aktivitet.<\/span><\/li>\n<li><strong><span lang=\"en-US\">P\u00e5fyll av glykogenreserver:<\/span><\/strong><span lang=\"en-US\"> Inntak av karbohydratgeler under trening bidrar til \u00e5 fylle opp glykogenreservene i musklene, noe som forsinker utmattelse og forbedrer den langsiktige utholdenhetsprestasjonen.<\/span><\/li>\n<li><strong><span lang=\"en-US\">Opprettholdelse av blodsukkerniv\u00e5et:<\/span><\/strong><span lang=\"en-US\"> Karbohydratene i gelen bidrar til \u00e5 opprettholde et stabilt blodsukkerniv\u00e5, noe som forhindrer hypoglykemi og sikrer en konstant tilf\u00f8rsel av energi til muskler og hjerne.<\/span><\/li>\n<li><strong><span lang=\"en-US\">Forebygging av utmattelse:<\/span><\/strong><span lang=\"en-US\"> Takket v\u00e6re det raske opptaket og evnen til \u00e5 gi umiddelbar energi, bidrar Carbo Energy Gel til \u00e5 forhindre muskeltretthet og mental utmattelse under trening, slik at idrettsut\u00f8vere kan opprettholde h\u00f8y ytelse til slutten av aktiviteten.<\/span><\/li>\n<li><strong><span lang=\"en-US\">Brukervennlighet og b\u00e6rbarhet:<\/span><\/strong><span lang=\"en-US\"> Carbo Energy-geler er pakket i praktiske enportions-pakker som er enkle \u00e5 ta med seg og innta under trening eller konkurranser, og er et praktisk alternativ for \u00e5 dekke n\u00e6ringsbehovet til idrettsut\u00f8vere p\u00e5 farten.<\/span><\/li>\n<\/ul>\n<p>&nbsp;<\/p>\n<p><strong><span lang=\"en-US\">Anbefalt bruk<\/span><\/strong><\/p>\n<p><span lang=\"en-US\">1-2 timer f\u00f8r eller under trenings\u00f8kten.<\/span><\/p>\n<p><strong>Merknad:<\/strong><\/p>\n<ul>\n<li>Kun for voksne og erstatter ikke et variert og balansert kosthold og en sunn livsstil.<\/li>\n<li>Ikke overskrid den anbefalte dosen.<\/li>\n<li>Ikke bruk det under amming, graviditetsperioder uten \u00e5 konsultere legen.<\/li>\n<li>Oppbevar produktet p\u00e5 et kj\u00f8lig, t\u00f8rt sted i en godt forseglet emballasje.<\/li>\n<li>Laktosefri og Glutenfri.<\/li>\n<\/ul>","protected":false},"excerpt":{"rendered":"<details>\n<summary>N\u00e6ringsinnhold<\/summary>\n<table style=\"text-align: center;\">\n<tbody>\n<tr>\n<th>N\u00e6ringsinnhold<\/th>\n<th>100 ML<\/th>\n<th>50 ML<\/th>\n<\/tr>\n<tr>\n<td>Energi<\/td>\n<td>728kj<br \/>\n172 kcal<\/td>\n<td>364kj<br \/>\n86 kcal<\/td>\n<\/tr>\n<tr>\n<td>Fett<\/td>\n<td>0g<\/td>\n<td>0,00g<\/td>\n<\/tr>\n<tr>\n<td>hvorav modnet<\/td>\n<td>0g<\/td>\n<td>0,00g<\/td>\n<\/tr>\n<tr>\n<td>Karbohydrater<\/td>\n<td>42,8g<\/td>\n<td>21,4<\/td>\n<\/tr>\n<tr>\n<td>hvorav sukkerarter<\/td>\n<td>19,8g<\/td>\n<td>9,9g<\/td>\n<\/tr>\n<tr>\n<td>Protein<\/td>\n<td>0g<\/td>\n<td>0g<\/td>\n<\/tr>\n<tr>\n<td>Salt<\/td>\n<td>0,14g<\/td>\n<td>0,07g<\/td>\n<\/tr>\n<tr>\n<td>Caffeine<\/td>\n<td>300 mg<\/td>\n<td>150 mg<\/td>\n<\/tr>\n<tr>\n<td colspan=\"3\"><strong>Andre ingredienser: <\/strong>vann, maltodekstrin DE19, fruktose, syrningsmiddel: sitronsyre; koffein, fortykningsmiddel: xantan; natriumbikarbonat, konserveringsmiddel: kaliumsorbat; aromaer, s\u00f8tningsmiddel: sukralose<\/td>\n<\/tr>\n<\/tbody>\n<\/table>\n<\/details>\n<p>&nbsp;<\/p>","protected":false},"featured_media":3170,"template":"","meta":[],"product_cat":[310,217],"product_tag":[315,230],"class_list":{"0":"post-3100","1":"product","2":"type-product","3":"status-publish","4":"has-post-thumbnail","6":"product_cat-performance-and-endurance","7":"product_cat-pre-workout-energy","8":"product_tag-performance-and-endurance","9":"product_tag-pre-workout-energy","11":"first","12":"instock","13":"taxable","14":"shipping-taxable","15":"purchasable","16":"product-type-simple"},"aioseo_notices":[],"_links":{"self":[{"href":"https:\/\/www.selfprotein.com\/nb\/wp-json\/wp\/v2\/product\/3100"}],"collection":[{"href":"https:\/\/www.selfprotein.com\/nb\/wp-json\/wp\/v2\/product"}],"about":[{"href":"https:\/\/www.selfprotein.com\/nb\/wp-json\/wp\/v2\/types\/product"}],"wp:featuredmedia":[{"embeddable":true,"href":"https:\/\/www.selfprotein.com\/nb\/wp-json\/wp\/v2\/media\/3170"}],"wp:attachment":[{"href":"https:\/\/www.selfprotein.com\/nb\/wp-json\/wp\/v2\/media?parent=3100"}],"wp:term":[{"taxonomy":"product_cat","embeddable":true,"href":"https:\/\/www.selfprotein.com\/nb\/wp-json\/wp\/v2\/product_cat?post=3100"},{"taxonomy":"product_tag","embeddable":true,"href":"https:\/\/www.selfprotein.com\/nb\/wp-json\/wp\/v2\/product_tag?post=3100"}],"curies":[{"name":"wp","href":"https:\/\/api.w.org\/{rel}","templated":true}]}}