{"id":3136,"date":"2024-10-26T11:18:45","date_gmt":"2024-10-26T09:18:45","guid":{"rendered":"https:\/\/34.88.231.180\/?post_type=product&#038;p=3136"},"modified":"2026-05-01T00:24:17","modified_gmt":"2026-04-30T22:24:17","slug":"proti-break","status":"publish","type":"product","link":"https:\/\/www.selfprotein.com\/nb\/produkt\/proti-break\/","title":{"rendered":"Proti Break"},"content":{"rendered":"<p style=\"text-align: left;\" align=\"center\"><span lang=\"en-US\"><strong>Proti Break<\/strong> <\/span><\/p>\n<p><span lang=\"en-US\">Proti Break er en proteinbar som er utviklet for \u00e5 gi en kilde til protein av h\u00f8y kvalitet med redusert sukkerinnhold. Dette n\u00e6ringsrike mellomm\u00e5ltidet er utviklet for \u00e5 dekke behovene til de som \u00f8nsker \u00e5 \u00f8ke proteininntaket i kostholdet sitt, for eksempel idrettsut\u00f8vere eller de som f\u00f8lger spesifikke diettregimer.<\/span><\/p>\n<p><span lang=\"en-US\">Fordelene med Proti Break:<\/span><\/p>\n<ul>\n<li><strong><span lang=\"en-US\">H\u00f8yt proteininnhold:<\/span><\/strong><span lang=\"en-US\"> Proti Break-barer inneholder en sjener\u00f8s mengde protein av h\u00f8y kvalitet, ideelt for \u00e5 st\u00f8tte muskelvekst og restitusjon, samt opprettholde metthetsf\u00f8lelsen.<\/span><\/li>\n<li><strong><span lang=\"en-US\">Lavt sukkerinnhold:<\/span><\/strong><span lang=\"en-US\"> Med redusert sukkerinnhold er Proti Break-barer et ideelt valg for dem som \u00f8nsker \u00e5 begrense sukkerinntaket i kostholdet, uten at det g\u00e5r p\u00e5 bekostning av smak eller snacksglede.<\/span><\/li>\n<li><strong><span lang=\"en-US\">Bekvemmelighet:<\/span><\/strong><span lang=\"en-US\"> Proti Break er et praktisk alternativ for deg som er p\u00e5 farten og trenger et n\u00e6ringsrikt og raskt mellomm\u00e5ltid som du kan innta hvor som helst og n\u00e5r som helst.<\/span><\/li>\n<li><strong><span lang=\"en-US\">Ulike alternativer:<\/span><\/strong><span lang=\"en-US\"> Med en rekke tilgjengelige smaker finnes det en Proti Break-bar for enhver smak, noe som gj\u00f8r det enklere \u00e5 integrere protein av h\u00f8y kvalitet i det daglige kostholdet.<\/span><\/li>\n<\/ul>\n<p><\/p>\n<p><strong><span lang=\"en-US\">Anbefalt bruk<\/span><\/strong><\/p>\n<p><span lang=\"en-US\">1-2 barer per dag etter behov.<\/span><\/p>\n<p><strong>Merknad:<\/strong><\/p>\n<ul>\n<li>Kan inneholde spor av melk, havre, egg og soya.<\/li>\n<li>Overdrevent inntak kan virke avf\u00f8rende.<\/li>\n<\/ul>","protected":false},"excerpt":{"rendered":"<p>Proti Break Proti Break er en proteinbar som er utviklet for \u00e5 gi en kilde til protein av h\u00f8y kvalitet med redusert sukkerinnhold. Dette n\u00e6ringsrike mellomm\u00e5ltidet er utviklet for \u00e5 dekke behovene til de som \u00f8nsker \u00e5 \u00f8ke proteininntaket i kostholdet, for eksempel idrettsut\u00f8vere eller de som f\u00f8lger spesifikke kostholdsregimer. Fordeler med Proti Break: H\u00f8yt proteininnhold: [...]<\/p>","protected":false},"featured_media":3165,"template":"","meta":[],"product_cat":[313,210],"product_tag":[316,223],"class_list":{"0":"post-3136","1":"product","2":"type-product","3":"status-publish","4":"has-post-thumbnail","6":"product_cat-protein-snacks-and-fit-food","7":"product_cat-snacks-meal-solutions","8":"product_tag-protein-snacks-fit-food","9":"product_tag-snacks-meal-solutions","11":"first","12":"instock","13":"taxable","14":"shipping-taxable","15":"purchasable","16":"product-type-variable","17":"has-default-attributes"},"aioseo_notices":[],"_links":{"self":[{"href":"https:\/\/www.selfprotein.com\/nb\/wp-json\/wp\/v2\/product\/3136"}],"collection":[{"href":"https:\/\/www.selfprotein.com\/nb\/wp-json\/wp\/v2\/product"}],"about":[{"href":"https:\/\/www.selfprotein.com\/nb\/wp-json\/wp\/v2\/types\/product"}],"wp:featuredmedia":[{"embeddable":true,"href":"https:\/\/www.selfprotein.com\/nb\/wp-json\/wp\/v2\/media\/3165"}],"wp:attachment":[{"href":"https:\/\/www.selfprotein.com\/nb\/wp-json\/wp\/v2\/media?parent=3136"}],"wp:term":[{"taxonomy":"product_cat","embeddable":true,"href":"https:\/\/www.selfprotein.com\/nb\/wp-json\/wp\/v2\/product_cat?post=3136"},{"taxonomy":"product_tag","embeddable":true,"href":"https:\/\/www.selfprotein.com\/nb\/wp-json\/wp\/v2\/product_tag?post=3136"}],"curies":[{"name":"wp","href":"https:\/\/api.w.org\/{rel}","templated":true}]}}