{"id":3195,"date":"2024-10-26T11:18:45","date_gmt":"2024-10-26T09:18:45","guid":{"rendered":"https:\/\/34.88.231.180\/?post_type=product&#038;p=3195"},"modified":"2026-04-01T00:00:41","modified_gmt":"2026-03-31T22:00:41","slug":"protein-bites","status":"publish","type":"product","link":"https:\/\/www.selfprotein.com\/nb\/produkt\/protein-bites\/","title":{"rendered":"Protein Bites"},"content":{"rendered":"<p><strong>Protein Bites<\/strong><\/p>\n<p>Protein Bites er ideelle for \u00e5 tilfredsstille mellomm\u00e5ltidssuget uten at det g\u00e5r p\u00e5 bekostning av n\u00e6ringsbalansen. Med en kombinasjon av ingredienser av h\u00f8y kvalitet og en ern\u00e6ringsmessig balansert profil er dette mellomm\u00e5ltidet et godt valg for deg som er ute etter et sunt og mettende mellomm\u00e5ltid.<\/p>\n<p><strong>Produktfordeler:<\/strong><\/p>\n<ul>\n<li><strong>Redusert karbohydratinnhold:<\/strong> Dette mellomm\u00e5ltidet er laget med tapioka og resistent stivelse av hvetegluten og har et redusert innhold av karbohydrater, noe som er ideelt for deg som f\u00f8lger en lavkarbohydratdiett eller \u00f8nsker \u00e5 kontrollere inntaket av karbohydrater.<\/li>\n<li><strong>Rik p\u00e5 fiber:<\/strong> Med tilsetning av resistent tapiokastivelse og klihvete er snacksen beriket med fiber, noe som fremmer bedre ford\u00f8yelse og bidrar til tarmens velv\u00e6re.<\/li>\n<li><strong>Proteinkilde:<\/strong> Soyaproteiner gir et betydelig proteinbidrag som er viktig for vekst og vedlikehold av muskelmasse.<\/li>\n<li><strong>Ekstra jomfru olivenolje:<\/strong> Ekstra jomfruolivenolje inneholder enumettet fett som er sunt, fremmer hjerte- og karsystemet og bidrar til velv\u00e6re generelt.<\/li>\n<\/ul>\n<p>&nbsp;<\/p>\n<p><strong>Merknad:<\/strong><\/p>\n<ul>\n<li>allergener: gluten, soya.<\/li>\n<li>krysskontaminering: n\u00f8tter, sesamfr\u00f8.<\/li>\n<\/ul>","protected":false},"excerpt":{"rendered":"<p>Protein Bites Protein Bites er ideelle for \u00e5 tilfredsstille mellomm\u00e5ltidssuget uten at det g\u00e5r p\u00e5 bekostning av n\u00e6ringsbalansen. Med en kombinasjon av ingredienser av h\u00f8y kvalitet og en ern\u00e6ringsmessig balansert profil er dette mellomm\u00e5ltidet et godt valg for deg som er ute etter et sunt og mettende mellomm\u00e5ltid. Produktets fordeler: Redusert karbohydratinnhold: Laget med tapioka og resistent stivelse av hvetegluten, gj\u00f8r dette mellomm\u00e5ltidet [...].<\/p>","protected":false},"featured_media":8125,"template":"","meta":[],"product_cat":[313,210],"product_tag":[316,223],"class_list":{"0":"post-3195","1":"product","2":"type-product","3":"status-publish","4":"has-post-thumbnail","6":"product_cat-protein-snacks-and-fit-food","7":"product_cat-snacks-meal-solutions","8":"product_tag-protein-snacks-fit-food","9":"product_tag-snacks-meal-solutions","11":"first","12":"instock","13":"sale","14":"taxable","15":"shipping-taxable","16":"purchasable","17":"product-type-variable","18":"has-default-attributes"},"aioseo_notices":[],"_links":{"self":[{"href":"https:\/\/www.selfprotein.com\/nb\/wp-json\/wp\/v2\/product\/3195"}],"collection":[{"href":"https:\/\/www.selfprotein.com\/nb\/wp-json\/wp\/v2\/product"}],"about":[{"href":"https:\/\/www.selfprotein.com\/nb\/wp-json\/wp\/v2\/types\/product"}],"wp:featuredmedia":[{"embeddable":true,"href":"https:\/\/www.selfprotein.com\/nb\/wp-json\/wp\/v2\/media\/8125"}],"wp:attachment":[{"href":"https:\/\/www.selfprotein.com\/nb\/wp-json\/wp\/v2\/media?parent=3195"}],"wp:term":[{"taxonomy":"product_cat","embeddable":true,"href":"https:\/\/www.selfprotein.com\/nb\/wp-json\/wp\/v2\/product_cat?post=3195"},{"taxonomy":"product_tag","embeddable":true,"href":"https:\/\/www.selfprotein.com\/nb\/wp-json\/wp\/v2\/product_tag?post=3195"}],"curies":[{"name":"wp","href":"https:\/\/api.w.org\/{rel}","templated":true}]}}