{"id":3212,"date":"2024-02-28T15:23:56","date_gmt":"2024-02-28T14:23:56","guid":{"rendered":"https:\/\/34.88.231.180\/?post_type=product&#038;p=3212"},"modified":"2026-04-01T00:00:49","modified_gmt":"2026-03-31T22:00:49","slug":"100-micro-whey-active","status":"publish","type":"product","link":"https:\/\/www.selfprotein.com\/nb\/produkt\/100-micro-whey-active\/","title":{"rendered":"100% Micro Whey Active"},"content":{"rendered":"<p style=\"text-align: left\" align=\"center\"><strong><span lang=\"en-US\">100% Micro Whey Active<\/span><\/strong><\/p>\n<p><span lang=\"en-US\">Whey Protein Isolate (WPI) er en verdifull alliert innen fitness og kroppsbygging. Dette melkeproteinekstraktet er fremstilt gjennom en m\u00e5lrettet filtreringsprosess og skiller seg ut med sin h\u00f8ye proteinkonsentrasjon, og eliminerer de fleste karbohydrater og fettstoffer. Dette gj\u00f8r det til et ideelt alternativ for de som s\u00f8ker proteinst\u00f8tte av h\u00f8y kvalitet.<\/span><\/p>\n<p><span lang=\"en-US\">Myseproteinisolat har en rekke klare fordeler som gj\u00f8r det til et av de foretrukne alternativene innen fitness og kroppsbygging:<\/span><\/p>\n<ul>\n<li><strong><span lang=\"en-US\">H\u00f8y proteinkonsentrasjon:<\/span><\/strong><span lang=\"en-US\"> Isolasjonsprosessen reduserer tilstedev\u00e6relsen av karbohydrater og fett betydelig, og maksimerer proteininnholdet. Dette sikrer et h\u00f8yt proteininntak, noe som er avgj\u00f8rende for proteinsyntese og muskelvekst.<\/span><\/li>\n<li><strong><span lang=\"en-US\">Komplett aminosyreprofil<\/span><\/strong><span lang=\"en-US\"><strong>:<\/strong> Whey Protein Isolate inneholder alle essensielle aminosyrer, noe som gir kroppen alle n\u00e6ringsstoffene den trenger for \u00e5 bygge opp og vedlikeholde muskelvev.<\/span><\/li>\n<li><strong><span lang=\"en-US\">Rask absorpsjon:<\/span><\/strong><span lang=\"en-US\"> P\u00e5 grunn av sin sv\u00e6rt oppl\u00f8selige natur absorberes WPI raskt av kroppen. Denne egenskapen gj\u00f8r det ideelt for inntak f\u00f8r eller etter trening, noe som bidrar til \u00e5 optimalisere restitusjons- og muskelvekstprosesser.<\/span><\/li>\n<li><strong><span lang=\"en-US\">Lett ford\u00f8yelighet:<\/span><\/strong><span lang=\"en-US\"> Myseproteinisolat tolereres generelt godt av ford\u00f8yelsessystemet, noe som reduserer risikoen for gastrointestinalt ubehag. Dette gj\u00f8r det egnet selv for de som kan ha matoverf\u00f8lsomhet eller intoleranse.<\/span><\/li>\n<li><span lang=\"en-US\"><strong>Allsidighet i forbruket<\/strong>: <\/span><span lang=\"en-US\">Whey Protein Isolate er tilgjengelig i ulike former, inkludert pulver som kan blandes med v\u00e6sker eller drikkeklare kosttilskudd, og gir fleksibilitet i det daglige kostholdet.<\/span><\/li>\n<li><strong><span lang=\"en-US\">Oppfyller proteinbehovet:<\/span><\/strong><span lang=\"en-US\"> Regelmessig inntak av myseproteinisolat kan bidra til \u00e5 dekke det daglige proteinbehovet, bidra til \u00e5 bevare muskelmassen og st\u00f8tte treningsarbeidet.<\/span><\/li>\n<\/ul>\n<p>&nbsp;<\/p>\n<p><strong><span lang=\"en-US\">Anbefalt bruk<\/span><\/strong><\/p>\n<p><span lang=\"en-US\">1-3 porsjoner per dag, avhengig av individuelle behov og med tanke p\u00e5 andre proteinkilder i kosten.<\/span><\/p>\n<p><strong>Merknad:<\/strong><\/p>\n<ul>\n<li>Kun for voksne og erstatter ikke et variert og balansert kosthold og en sunn livsstil.<\/li>\n<li>Ikke overskrid den anbefalte dosen.<\/li>\n<li>Ikke bruk det under amming, graviditetsperioder uten \u00e5 konsultere legen.<\/li>\n<li>Oppbevar produktet p\u00e5 et kj\u00f8lig, t\u00f8rt sted i en godt forseglet emballasje utilgjengelig for barn under 3 \u00e5r.<\/li>\n<li>Kan inneholde spor av havre, egg og soya.<\/li>\n<li>Glutenfri.<\/li>\n<\/ul>","protected":false},"excerpt":{"rendered":"<p>100% Micro Whey Active Whey Protein Isolate (WPI) er en verdifull alliert innen fitness og kroppsbygging. Dette melkeproteinekstraktet er fremstilt gjennom en m\u00e5lrettet filtreringsprosess, og utmerker seg med en h\u00f8y proteinkonsentrasjon som eliminerer de fleste karbohydrater og fettstoffer. Dette gj\u00f8r det til et ideelt alternativ for de som s\u00f8ker proteinst\u00f8tte av h\u00f8y kvalitet. Myseprotein [...]<\/p>","protected":false},"featured_media":5673,"template":"","meta":[],"product_cat":[158,308],"product_tag":[18,318],"class_list":{"0":"post-3212","1":"product","2":"type-product","3":"status-publish","4":"has-post-thumbnail","6":"product_cat-proteins","7":"product_cat-strength-and-muscle-mass","8":"product_tag-proteins","9":"product_tag-strength-and-muscle-mass","11":"first","12":"instock","13":"taxable","14":"shipping-taxable","15":"purchasable","16":"product-type-variable"},"aioseo_notices":[],"_links":{"self":[{"href":"https:\/\/www.selfprotein.com\/nb\/wp-json\/wp\/v2\/product\/3212"}],"collection":[{"href":"https:\/\/www.selfprotein.com\/nb\/wp-json\/wp\/v2\/product"}],"about":[{"href":"https:\/\/www.selfprotein.com\/nb\/wp-json\/wp\/v2\/types\/product"}],"wp:featuredmedia":[{"embeddable":true,"href":"https:\/\/www.selfprotein.com\/nb\/wp-json\/wp\/v2\/media\/5673"}],"wp:attachment":[{"href":"https:\/\/www.selfprotein.com\/nb\/wp-json\/wp\/v2\/media?parent=3212"}],"wp:term":[{"taxonomy":"product_cat","embeddable":true,"href":"https:\/\/www.selfprotein.com\/nb\/wp-json\/wp\/v2\/product_cat?post=3212"},{"taxonomy":"product_tag","embeddable":true,"href":"https:\/\/www.selfprotein.com\/nb\/wp-json\/wp\/v2\/product_tag?post=3212"}],"curies":[{"name":"wp","href":"https:\/\/api.w.org\/{rel}","templated":true}]}}