{"id":322,"date":"2023-11-27T12:58:55","date_gmt":"2023-11-27T11:58:55","guid":{"rendered":"https:\/\/34.88.231.180\/product\/arginine-alpha-ketoglutarate-aakg\/"},"modified":"2026-04-01T00:00:07","modified_gmt":"2026-03-31T22:00:07","slug":"arginine-alpha-ketoglutarate-akg","status":"publish","type":"product","link":"https:\/\/www.selfprotein.com\/nb\/produkt\/arginine-alpha-ketoglutarate-akg\/","title":{"rendered":"Arginine Alpha Ketoglutarate (AKG)"},"content":{"rendered":"<p style=\"text-align: left;\" align=\"center\"><strong><span lang=\"en-US\">Arginin alfa-ketoglutarat<\/span><\/strong><\/p>\n<p><span lang=\"en-US\">Arginin-alfa-ketoglutarat (AAKG) er en forbindelse som er laget av aminosyren arginin og alfa-ketoglutarat, et mellomprodukt i den metabolske prosessen kjent som sitronsyresyklusen. AAKG markedsf\u00f8res ofte som et kosttilskudd i bodybuilding- og fitnessindustrien, og tilskrives \u00e5 forbedre blodgjennomstr\u00f8mningen, \u00f8ke energiniv\u00e5et og forbedre atletiske prestasjoner.<\/span><\/p>\n<p><span lang=\"en-US\">Fordeler med produktet:<\/span><\/p>\n<ul>\n<li><strong><span lang=\"en-US\">Forbedret blodgjennomstr\u00f8mning:<\/span><\/strong><span lang=\"en-US\"> AAKG kan bidra til \u00e5 forbedre blodgjennomstr\u00f8mningen ved \u00e5 \u00f8ke produksjonen av nitrogenoksid, et molekyl som bidrar til \u00e5 f\u00e5 blod\u00e5rene til \u00e5 slappe av og forbedrer blodsirkulasjonen.<\/span><\/li>\n<li><strong><span lang=\"en-US\">\u00d8kt energiniv\u00e5:<\/span><\/strong><span lang=\"en-US\"> Tilsetning av AAKG i kostholdet kan f\u00f8re til \u00f8kt energiniv\u00e5, og dermed st\u00f8tte intense og langvarige fysiske aktiviteter.<\/span><\/li>\n<li><strong><span lang=\"en-US\">Forbedret atletisk ytelse:<\/span><\/strong><span lang=\"en-US\"> AAKG antas \u00e5 forbedre idrettsprestasjonene ved \u00e5 gi bedre vasodilatasjon og st\u00f8rre tilf\u00f8rsel av n\u00e6ringsstoffer og oksygen til musklene under trening.<\/span><\/li>\n<li><strong><span lang=\"en-US\">St\u00f8tte for kroppsbygging:<\/span><\/strong><span lang=\"en-US\"> P\u00e5 grunn av sin p\u00e5st\u00e5tte effekt p\u00e5 blodgjennomstr\u00f8mning og energi, brukes AAKG ofte i forbindelse med kroppsbygging for \u00e5 fremme muskelvekst og forbedre restitusjonen etter intense trenings\u00f8kter.<\/span><\/li>\n<\/ul>\n<p>&nbsp;<\/p>\n<p><strong><span lang=\"en-US\">Anbefalt bruk<\/span><\/strong><\/p>\n<p><span lang=\"en-US\">1 porsjon 30-45 minutter f\u00f8r fysisk aktivitet og 1 porsjon f\u00f8r leggetid.<\/span><\/p>\n<p><strong>Merknad:<\/strong><\/p>\n<ul>\n<li>Kun for voksne og erstatter ikke et variert og balansert kosthold og en sunn livsstil.<\/li>\n<li>Ikke overskrid den anbefalte dosen.<\/li>\n<li>Ikke bruk det under amming, graviditetsperioder uten \u00e5 konsultere legen.<\/li>\n<li>Oppbevar produktet p\u00e5 et kj\u00f8lig, t\u00f8rt sted i en godt forseglet emballasje utilgjengelig for barn under 3 \u00e5r.<\/li>\n<li>Kan inneholde spor av havre, egg, soya og melk.<\/li>\n<li>Laktosefri og Glutenfri.<\/li>\n<\/ul>","protected":false},"excerpt":{"rendered":"<details>\n<summary>Ingredienser<\/summary>\n<table style=\"text-align: center;\">\n<tbody>\n<tr>\n<th>Ingredienser<\/th>\n<th>Per 3 faner<\/th>\n<\/tr>\n<tr>\n<td>Arginin-alfa-ketoglutarat<\/td>\n<td>3000 mg<\/td>\n<\/tr>\n<tr>\n<td colspan=\"2\"><strong>Andre ingredienser: <\/strong>stabiliseringsmidler (E460, E470b, E551)<\/td>\n<\/tr>\n<\/tbody>\n<\/table>\n<\/details>\n<p>&nbsp;<\/p>","protected":false},"featured_media":323,"template":"","meta":[],"product_cat":[310,217],"product_tag":[315,230],"class_list":{"0":"post-322","1":"product","2":"type-product","3":"status-publish","4":"has-post-thumbnail","6":"product_cat-performance-and-endurance","7":"product_cat-pre-workout-energy","8":"product_tag-performance-and-endurance","9":"product_tag-pre-workout-energy","11":"first","12":"instock","13":"taxable","14":"shipping-taxable","15":"purchasable","16":"product-type-simple"},"aioseo_notices":[],"_links":{"self":[{"href":"https:\/\/www.selfprotein.com\/nb\/wp-json\/wp\/v2\/product\/322"}],"collection":[{"href":"https:\/\/www.selfprotein.com\/nb\/wp-json\/wp\/v2\/product"}],"about":[{"href":"https:\/\/www.selfprotein.com\/nb\/wp-json\/wp\/v2\/types\/product"}],"wp:featuredmedia":[{"embeddable":true,"href":"https:\/\/www.selfprotein.com\/nb\/wp-json\/wp\/v2\/media\/323"}],"wp:attachment":[{"href":"https:\/\/www.selfprotein.com\/nb\/wp-json\/wp\/v2\/media?parent=322"}],"wp:term":[{"taxonomy":"product_cat","embeddable":true,"href":"https:\/\/www.selfprotein.com\/nb\/wp-json\/wp\/v2\/product_cat?post=322"},{"taxonomy":"product_tag","embeddable":true,"href":"https:\/\/www.selfprotein.com\/nb\/wp-json\/wp\/v2\/product_tag?post=322"}],"curies":[{"name":"wp","href":"https:\/\/api.w.org\/{rel}","templated":true}]}}