{"id":3228,"date":"2024-02-28T16:10:02","date_gmt":"2024-02-28T15:10:02","guid":{"rendered":"https:\/\/34.88.231.180\/?post_type=product&#038;p=3228"},"modified":"2026-05-01T00:24:15","modified_gmt":"2026-04-30T22:24:15","slug":"beta-alanine","status":"publish","type":"product","link":"https:\/\/www.selfprotein.com\/nb\/produkt\/beta-alanine\/","title":{"rendered":"Beta Alanine"},"content":{"rendered":"<p style=\"text-align: left;\" align=\"center\"><strong><span lang=\"en-US\">Beta Alanine<\/span><\/strong><\/p>\n<p><span lang=\"en-US\">Beta-alanin er en ikke-essensiell aminosyre som menneskekroppen kan produsere naturlig, og som ogs\u00e5 kan tilf\u00f8res gjennom kosten. Det brukes ofte som kosttilskudd for \u00e5 forbedre idrettsprestasjoner, spesielt under h\u00f8yintensive aktiviteter som krever gjentatte kraftige anstrengelser. Beta-alanin spiller en avgj\u00f8rende rolle i produksjonen av karnosin, et molekyl som bidrar til \u00e5 n\u00f8ytralisere syreopphopning i musklene under h\u00f8yintensiv trening. Denne prosessen kan forsinke muskeltretthet og forbedre den generelle fysiske prestasjonen.<\/span><\/p>\n<p><span lang=\"en-US\">Fordeler med Beta Alanin:<\/span><\/p>\n<ul>\n<li><strong><span lang=\"en-US\">Forbedring av fysisk ytelse<\/span><\/strong><span lang=\"en-US\"><strong>:<\/strong> Tilskudd av beta-alanin kan bidra til \u00e5 forbedre den fysiske prestasjonen ved \u00e5 forsinke muskeltretthet og forlenge utholdenheten under trening.<\/span><\/li>\n<li><strong><span lang=\"en-US\">\u00d8kning i muskelmasse:<\/span><\/strong><span lang=\"en-US\"> Beta-alanin kan bidra til \u00e5 \u00f8ke muskelmassen og redusere kroppsfettet n\u00e5r det kombineres med riktig styrketrening, noe som gir b\u00e5de estetiske og funksjonelle fordeler.<\/span><\/li>\n<li><strong><span lang=\"en-US\">Forbedring av kardiovaskul\u00e6r helse<\/span><\/strong><span lang=\"en-US\"><strong>:<\/strong> \u00c5 inkludere beta-alanin i rutinen din kan bidra til \u00e5 forbedre hjerte- og karsystemet ved \u00e5 fremme bedre blodgjennomstr\u00f8mning og redusere risikoen for hjertesykdom gjennom sine positive effekter p\u00e5 energimetabolismen og fysisk utholdenhet.<\/span><\/li>\n<\/ul>\n<p>&nbsp;<\/p>\n<p><strong><span lang=\"en-US\">Anbefalt bruk<\/span><\/strong><\/p>\n<p><span lang=\"en-US\">\u00c9n porsjon 30-45 minutter f\u00f8r trening.<\/span><\/p>\n<p>&nbsp;<\/p>\n<p><strong>Merknad:<\/strong><\/p>\n<ul>\n<li>Kun for voksne og erstatter ikke et variert og balansert kosthold og en sunn livsstil.<\/li>\n<li>Ikke overskrid den anbefalte dosen.<\/li>\n<li>Ikke bruk det under amming, graviditetsperioder uten \u00e5 konsultere legen.<\/li>\n<li>Oppbevar produktet p\u00e5 et kj\u00f8lig, t\u00f8rt sted i en godt forseglet emballasje utilgjengelig for barn under 3 \u00e5r.<\/li>\n<li>Kan inneholde spor av melk, havre, egg og soya.<\/li>\n<li>Laktosefri og Glutenfri.<\/li>\n<\/ul>","protected":false},"excerpt":{"rendered":"<details>\n<summary>Ingredienser<\/summary>\n<table style=\"text-align: center;\">\n<tbody>\n<tr>\n<th>Ingredienser<\/th>\n<th>Per porsjon<\/th>\n<\/tr>\n<tr>\n<td>Beta Alanine<\/td>\n<td>3g<\/td>\n<\/tr>\n<\/tbody>\n<\/table>\n<\/details>\n<p>&nbsp;<\/p>","protected":false},"featured_media":14334,"template":"","meta":[],"product_cat":[310,217],"product_tag":[315,230],"class_list":{"0":"post-3228","1":"product","2":"type-product","3":"status-publish","4":"has-post-thumbnail","6":"product_cat-performance-and-endurance","7":"product_cat-pre-workout-energy","8":"product_tag-performance-and-endurance","9":"product_tag-pre-workout-energy","11":"first","12":"instock","13":"taxable","14":"shipping-taxable","15":"purchasable","16":"product-type-simple"},"aioseo_notices":[],"_links":{"self":[{"href":"https:\/\/www.selfprotein.com\/nb\/wp-json\/wp\/v2\/product\/3228"}],"collection":[{"href":"https:\/\/www.selfprotein.com\/nb\/wp-json\/wp\/v2\/product"}],"about":[{"href":"https:\/\/www.selfprotein.com\/nb\/wp-json\/wp\/v2\/types\/product"}],"wp:featuredmedia":[{"embeddable":true,"href":"https:\/\/www.selfprotein.com\/nb\/wp-json\/wp\/v2\/media\/14334"}],"wp:attachment":[{"href":"https:\/\/www.selfprotein.com\/nb\/wp-json\/wp\/v2\/media?parent=3228"}],"wp:term":[{"taxonomy":"product_cat","embeddable":true,"href":"https:\/\/www.selfprotein.com\/nb\/wp-json\/wp\/v2\/product_cat?post=3228"},{"taxonomy":"product_tag","embeddable":true,"href":"https:\/\/www.selfprotein.com\/nb\/wp-json\/wp\/v2\/product_tag?post=3228"}],"curies":[{"name":"wp","href":"https:\/\/api.w.org\/{rel}","templated":true}]}}