{"id":325,"date":"2023-11-27T12:59:00","date_gmt":"2023-11-27T11:59:00","guid":{"rendered":"https:\/\/34.88.231.180\/product\/b-complex-vitamin-c-zinc\/"},"modified":"2026-05-01T00:23:41","modified_gmt":"2026-04-30T22:23:41","slug":"b-complex-vitamin-c-zinc","status":"publish","type":"product","link":"https:\/\/www.selfprotein.com\/nb\/produkt\/b-complex-vitamin-c-zinc\/","title":{"rendered":"B Complex Vitamin C + Zinc"},"content":{"rendered":"<p style=\"text-align: left;\" align=\"center\"><strong><span lang=\"en-US\">B-kompleks C-vitamin + sink<\/span><\/strong><\/p>\n<p><span lang=\"en-US\">B-vitaminer er en gruppe p\u00e5 \u00e5tte vannl\u00f8selige vitaminer som er essensielle for en rekke kroppsfunksjoner, blant annet energimetabolismen, nervesystemets funksjon og cellenes vekst og utvikling.<\/span><\/p>\n<p><span lang=\"en-US\">Et tilstrekkelig inntak av B-vitaminer gjennom kosthold eller tilskudd kan fremme energiomsetningen, nervesystemets funksjon og cellevekst, og dermed bidra til generell helse og velv\u00e6re.<\/span><\/p>\n<p><span lang=\"en-US\">Her er fordelene med vitamin B:<\/span><\/p>\n<ul>\n<li><strong><span lang=\"en-US\">Tiamin (B1): <\/span><\/strong><span lang=\"en-US\">Hjelper kroppen med \u00e5 omdanne mat til energi og spiller en rolle i nerve-, muskel- og hjertefunksjon.<\/span><\/li>\n<li><strong><span lang=\"en-US\">Riboflavin (B2):<\/span><\/strong><span lang=\"en-US\"> Bidrar til \u00e5 omdanne mat til energi og er viktig for helsen til hud, \u00f8yne og nervesystem.<\/span><\/li>\n<li><strong><span lang=\"en-US\">Niacin (B3):<\/span><\/strong><span lang=\"en-US\"> Bidrar til \u00e5 omdanne mat til energi og fremmer helsen til huden, ford\u00f8yelsessystemet og nervesystemet.<\/span><\/li>\n<li><strong><span lang=\"en-US\">Pantotensyre (B5):<\/span><\/strong><span lang=\"en-US\"> Essensielt for \u00e5 omdanne mat til energi og avgj\u00f8rende for hud-, h\u00e5r- og \u00f8yehelse.<\/span><\/li>\n<li><strong><span lang=\"en-US\">Pyridoksin (B6):<\/span><\/strong><span lang=\"en-US\"> Hjelper kroppen med \u00e5 produsere nevrotransmittere som serotonin og dopamin, og st\u00f8tter immunforsvarets funksjon.<\/span><\/li>\n<li><strong><span lang=\"en-US\">Biotin (B7):<\/span><\/strong><span lang=\"en-US\"> Bidrar til stoffskiftet og er viktig for h\u00e5r-, hud- og neglehelse.<\/span><\/li>\n<li><strong><span lang=\"en-US\">Folsyre (B9):<\/span><\/strong><span lang=\"en-US\"> Viktig for cellenes vekst og utvikling, spesielt under graviditet, og st\u00f8tter syntesen av DNA og r\u00f8de blodlegemer.<\/span><\/li>\n<li><strong><span lang=\"en-US\">Kobalamin (B12):<\/span><\/strong><span lang=\"en-US\"> Viktig for nervesystemets helse og produksjonen av r\u00f8de blodlegemer.<\/span><\/li>\n<\/ul>\n<p>&nbsp;<\/p>\n<p><strong><span lang=\"en-US\">Anbefalt bruk<\/span><\/strong><\/p>\n<p><span lang=\"en-US\">Ta 1 kapsel daglig.<\/span><\/p>\n<p><strong>Merknad:<\/strong><\/p>\n<ul>\n<li>Kun for voksne og erstatter ikke et variert og balansert kosthold og en sunn livsstil.<\/li>\n<li>Ikke overskrid den anbefalte dosen.<\/li>\n<li>Ikke bruk det under amming, graviditetsperioder uten \u00e5 konsultere legen.<\/li>\n<li>Oppbevar produktet p\u00e5 et kj\u00f8lig, t\u00f8rt sted i en godt forseglet emballasje utilgjengelig for barn under 3 \u00e5r.<\/li>\n<li>Kan inneholde spor av egg, soya, havre og melk.<\/li>\n<li>Laktosefri og Glutenfri.<\/li>\n<\/ul>","protected":false},"excerpt":{"rendered":"<p>B Complex Vitamin C + sink B-vitamin er en gruppe p\u00e5 \u00e5tte vannl\u00f8selige vitaminer som er essensielle for ulike kroppsfunksjoner, inkludert energimetabolisme, nervesystemets funksjon og cellul\u00e6r vekst og utvikling. Et tilstrekkelig inntak av B-vitaminer gjennom kosthold eller tilskudd kan fremme energimetabolismen, nervesystemets funksjon og cellevekst, og dermed bidra til [...].<\/p>","protected":false},"featured_media":13898,"template":"","meta":[],"product_cat":[312,214],"product_tag":[314,258],"class_list":{"0":"post-325","1":"product","2":"type-product","3":"status-publish","4":"has-post-thumbnail","6":"product_cat-health-and-wellness","7":"product_cat-vitamins-wellness","8":"product_tag-health-and-wellness","9":"product_tag-vitamins-wellness","11":"first","12":"instock","13":"sale","14":"taxable","15":"shipping-taxable","16":"purchasable","17":"product-type-variable"},"aioseo_notices":[],"_links":{"self":[{"href":"https:\/\/www.selfprotein.com\/nb\/wp-json\/wp\/v2\/product\/325"}],"collection":[{"href":"https:\/\/www.selfprotein.com\/nb\/wp-json\/wp\/v2\/product"}],"about":[{"href":"https:\/\/www.selfprotein.com\/nb\/wp-json\/wp\/v2\/types\/product"}],"wp:featuredmedia":[{"embeddable":true,"href":"https:\/\/www.selfprotein.com\/nb\/wp-json\/wp\/v2\/media\/13898"}],"wp:attachment":[{"href":"https:\/\/www.selfprotein.com\/nb\/wp-json\/wp\/v2\/media?parent=325"}],"wp:term":[{"taxonomy":"product_cat","embeddable":true,"href":"https:\/\/www.selfprotein.com\/nb\/wp-json\/wp\/v2\/product_cat?post=325"},{"taxonomy":"product_tag","embeddable":true,"href":"https:\/\/www.selfprotein.com\/nb\/wp-json\/wp\/v2\/product_tag?post=325"}],"curies":[{"name":"wp","href":"https:\/\/api.w.org\/{rel}","templated":true}]}}