{"id":3255,"date":"2024-10-26T11:18:45","date_gmt":"2024-10-26T09:18:45","guid":{"rendered":"https:\/\/34.88.231.180\/?post_type=product&#038;p=3255"},"modified":"2026-04-01T00:00:41","modified_gmt":"2026-03-31T22:00:41","slug":"proti-cream","status":"publish","type":"product","link":"https:\/\/www.selfprotein.com\/nb\/produkt\/proti-cream\/","title":{"rendered":"Proti Cream"},"content":{"rendered":"<p style=\"text-align: left;\" align=\"center\"><strong><span lang=\"en-US\">Proti Cream<\/span><\/strong><\/p>\n<p><span lang=\"en-US\">Proti Cream er en deilig sm\u00f8rbar krem beriket med 20% isolert myseprotein. Denne kremen er glutenfri, noe som gj\u00f8r den egnet for dem som f\u00f8lger en bestemt diett eller har spesielle diettbehov.<\/span><\/p>\n<p><span lang=\"en-US\">Fordeler med Proti Cream:<\/span><\/p>\n<ul>\n<li><strong><span lang=\"en-US\">Fantastisk smak:<\/span><\/strong><span lang=\"en-US\"> Proti Cream har en uimotst\u00e5elig smak som gj\u00f8r hver frokost eller hvert mellomm\u00e5ltid til en ekte nytelse.<\/span><\/li>\n<li><strong><span lang=\"en-US\">Isolert myseprotein:<\/span><\/strong><span lang=\"en-US\"> Med 20% isolert myseprotein gir denne kremen en viktig proteinkilde som er ideell for \u00e5 st\u00f8tte muskelmassen og fremme metthetsf\u00f8lelsen.<\/span><\/li>\n<li><strong><span lang=\"en-US\">Ideell til frokost eller mellomm\u00e5ltid<\/span><\/strong><span lang=\"en-US\"><strong>:<\/strong> Takket v\u00e6re sin allsidighet kan Proti Cream inntas om morgenen for \u00e5 starte dagen med energi eller som et velsmakende mellomm\u00e5ltid i l\u00f8pet av dagen.<\/span><\/li>\n<li><strong><span lang=\"en-US\">Glutenfri<\/span><\/strong><span lang=\"en-US\"><strong>:<\/strong> Proti Cream er glutenfri og passer ogs\u00e5 for dem som f\u00f8lger en glutenfri diett av helsemessige \u00e5rsaker eller andre preferanser, og tilbyr et trygt og velsmakende alternativ.<\/span><\/li>\n<\/ul>\n<p><span lang=\"en-US\">Proti Cream kombinerer uimotst\u00e5elig smak med bekvemmeligheten og kvaliteten til isolert myseprotein, noe som gir en sm\u00f8rbar krem som tilfredsstiller b\u00e5de ganen og n\u00e6ringsbehovet.<\/span><\/p>\n<p><strong><span lang=\"en-US\">Anbefalt bruk<\/span><\/strong><\/p>\n<p><span lang=\"en-US\">Inntas helst til frokost eller som mellomm\u00e5ltid.<\/span><\/p>\n<p><strong>Merknad:<\/strong><\/p>\n<ul>\n<li>Kan inneholde spor av soyaprodukter, egg og eggprodukter.<\/li>\n<li>Overdrevent inntak kan virke avf\u00f8rende.<\/li>\n<li>Glutenfri.<\/li>\n<\/ul>","protected":false},"excerpt":{"rendered":"<p>Proti Cream Proti Cream er en deilig sm\u00f8rbar krem beriket med 20% isolert myseprotein. Denne kremen er glutenfri, noe som gj\u00f8r den egnet for de som f\u00f8lger en bestemt diett eller har spesielle diettbehov. Fordelene med Proti Cream: Fantastisk smak: Proti Cream har en uimotst\u00e5elig smak [...].<\/p>","protected":false},"featured_media":3281,"template":"","meta":[],"product_cat":[313,210],"product_tag":[316,223],"class_list":{"0":"post-3255","1":"product","2":"type-product","3":"status-publish","4":"has-post-thumbnail","6":"product_cat-protein-snacks-and-fit-food","7":"product_cat-snacks-meal-solutions","8":"product_tag-protein-snacks-fit-food","9":"product_tag-snacks-meal-solutions","11":"first","12":"instock","13":"taxable","14":"shipping-taxable","15":"purchasable","16":"product-type-variable"},"aioseo_notices":[],"_links":{"self":[{"href":"https:\/\/www.selfprotein.com\/nb\/wp-json\/wp\/v2\/product\/3255"}],"collection":[{"href":"https:\/\/www.selfprotein.com\/nb\/wp-json\/wp\/v2\/product"}],"about":[{"href":"https:\/\/www.selfprotein.com\/nb\/wp-json\/wp\/v2\/types\/product"}],"wp:featuredmedia":[{"embeddable":true,"href":"https:\/\/www.selfprotein.com\/nb\/wp-json\/wp\/v2\/media\/3281"}],"wp:attachment":[{"href":"https:\/\/www.selfprotein.com\/nb\/wp-json\/wp\/v2\/media?parent=3255"}],"wp:term":[{"taxonomy":"product_cat","embeddable":true,"href":"https:\/\/www.selfprotein.com\/nb\/wp-json\/wp\/v2\/product_cat?post=3255"},{"taxonomy":"product_tag","embeddable":true,"href":"https:\/\/www.selfprotein.com\/nb\/wp-json\/wp\/v2\/product_tag?post=3255"}],"curies":[{"name":"wp","href":"https:\/\/api.w.org\/{rel}","templated":true}]}}