{"id":3293,"date":"2024-10-26T11:18:46","date_gmt":"2024-10-26T09:18:46","guid":{"rendered":"https:\/\/34.88.231.180\/?post_type=product&#038;p=3293"},"modified":"2026-04-01T00:00:39","modified_gmt":"2026-03-31T22:00:39","slug":"peanut-butter-smooth","status":"publish","type":"product","link":"https:\/\/www.selfprotein.com\/nb\/produkt\/peanut-butter-smooth\/","title":{"rendered":"Peanut Butter Smooth"},"content":{"rendered":"<p style=\"text-align: left;\" align=\"center\"><strong><span lang=\"en-US\">Peanut Butter Smooth<\/span><\/strong><\/p>\n<p><span lang=\"en-US\">Pean\u00f8ttsm\u00f8r er en smakfull sm\u00f8rbar krem som er laget av malte pean\u00f8tter, og som er sv\u00e6rt popul\u00e6rt over hele verden. I tillegg til \u00e5 bli brukt som p\u00e5legg og dip til frukt og gr\u00f8nnsaker, er pean\u00f8ttsm\u00f8r et n\u00e6ringsrikt og allsidig tilskudd til ethvert kosthold.<\/span><\/p>\n<p><span lang=\"en-US\">Fordeler med pean\u00f8ttsm\u00f8r:<\/span><\/p>\n<ul>\n<li><strong><span lang=\"en-US\">Rik p\u00e5 protein:<\/span><\/strong><span lang=\"en-US\"> Takket v\u00e6re det h\u00f8ye proteininnholdet gir pean\u00f8ttsm\u00f8r et utmerket bidrag til det daglige proteininntaket, noe som er viktig for muskelvekst og -vedlikehold.<\/span><\/li>\n<li><strong><span lang=\"en-US\">Kilde til sunt fett:<\/span><\/strong><span lang=\"en-US\"> Fettet i pean\u00f8ttsm\u00f8r er f\u00f8rst og fremst umettet, og det er kjent for sine fordeler for hjerte- og karsykdommer. Dette sunne fettet kan bidra til \u00e5 redusere risikoen for hjertesykdom n\u00e5r det inntas i moderate mengder.<\/span><\/li>\n<li><strong><span lang=\"en-US\">Rik p\u00e5 fiber:<\/span><\/strong><span lang=\"en-US\"> Pean\u00f8tter inneholder naturlig mye fiber, og pean\u00f8ttsm\u00f8r beholder denne egenskapen. Fiber er viktig for ford\u00f8yelsen og kan bidra til \u00e5 regulere blodsukkerniv\u00e5et og fremme metthetsf\u00f8lelsen.<\/span><\/li>\n<li><strong><span lang=\"en-US\">Allsidighet i matlaging:<\/span><\/strong><span lang=\"en-US\"> Pean\u00f8ttsm\u00f8r er en utrolig allsidig ingrediens i matlagingen og kan brukes i et bredt spekter av s\u00f8te og salte retter. Fra s\u00f8tsaker som sm\u00e5kaker og kaker til salte retter som sauser og nudeldressinger - de kulinariske mulighetene er uendelige.<\/span><\/li>\n<li><strong><span lang=\"en-US\">Kilde til viktige n\u00e6ringsstoffer:<\/span><\/strong><span lang=\"en-US\"> I tillegg til proteiner, sunt fett og fiber inneholder pean\u00f8ttsm\u00f8r ogs\u00e5 en rekke andre viktige n\u00e6ringsstoffer, blant annet B-vitaminer, vitamin E, magnesium, sink og kalium, som bidrar til \u00e5 st\u00f8tte den generelle helsen.<\/span><\/li>\n<\/ul>\n<p>&nbsp;<\/p>\n<p><strong>Merknad:<\/strong><\/p>\n<ul>\n<li>Inneholder allergener: n\u00f8tter.<\/li>\n<li>Glutenfri.<\/li>\n<\/ul>","protected":false},"excerpt":{"rendered":"<details>\n<summary>N\u00e6ringsinnhold<\/summary>\n<table style=\"text-align: center;\">\n<tbody>\n<tr>\n<th>N\u00e6ringsinnhold<\/th>\n<th>Per 100 g<\/th>\n<th>Per porsjon 25 g<\/th>\n<\/tr>\n<tr>\n<td>Energi<\/td>\n<td>2569kj\/620kcal<\/td>\n<td>642kj\/155kcal<\/td>\n<\/tr>\n<tr>\n<td>Fett<\/td>\n<td>50g<\/td>\n<td>12,5g<\/td>\n<\/tr>\n<tr>\n<td>hvorav mettet<\/td>\n<td>7,4g<\/td>\n<td>1,8g<\/td>\n<\/tr>\n<tr>\n<td>Karbohydrater<\/td>\n<td>9g<\/td>\n<td>2,2g<\/td>\n<\/tr>\n<tr>\n<td>hvorav sukkerarter*<\/td>\n<td>5,7g<\/td>\n<td>1,4g<\/td>\n<\/tr>\n<tr>\n<td>Protein<\/td>\n<td>30g<\/td>\n<td>7,5g<\/td>\n<\/tr>\n<tr>\n<td>Fibre<\/td>\n<td>7g<\/td>\n<td>1,75g<\/td>\n<\/tr>\n<tr>\n<td>Salt<\/td>\n<td>0,30g<\/td>\n<td>0,075g<\/td>\n<\/tr>\n<tr>\n<td colspan=\"3\">*Naturlig forekommende sukkerarter<\/td>\n<\/tr>\n<\/tbody>\n<\/table>\n<\/details>\n<p>&nbsp;<\/p>\n<details>\n<summary>Ingredienser<\/summary>\n<table style=\"text-align: center;\">\n<tbody>\n<tr>\n<td><strong>Ingredienser: <\/strong>100% ristede pean\u00f8tter<\/td>\n<\/tr>\n<\/tbody>\n<\/table>\n<\/details>\n<p>&nbsp;<\/p>","protected":false},"featured_media":3279,"template":"","meta":[],"product_cat":[313,210],"product_tag":[316,223],"class_list":{"0":"post-3293","1":"product","2":"type-product","3":"status-publish","4":"has-post-thumbnail","6":"product_cat-protein-snacks-and-fit-food","7":"product_cat-snacks-meal-solutions","8":"product_tag-protein-snacks-fit-food","9":"product_tag-snacks-meal-solutions","11":"first","12":"instock","13":"taxable","14":"shipping-taxable","15":"purchasable","16":"product-type-simple"},"aioseo_notices":[],"_links":{"self":[{"href":"https:\/\/www.selfprotein.com\/nb\/wp-json\/wp\/v2\/product\/3293"}],"collection":[{"href":"https:\/\/www.selfprotein.com\/nb\/wp-json\/wp\/v2\/product"}],"about":[{"href":"https:\/\/www.selfprotein.com\/nb\/wp-json\/wp\/v2\/types\/product"}],"wp:featuredmedia":[{"embeddable":true,"href":"https:\/\/www.selfprotein.com\/nb\/wp-json\/wp\/v2\/media\/3279"}],"wp:attachment":[{"href":"https:\/\/www.selfprotein.com\/nb\/wp-json\/wp\/v2\/media?parent=3293"}],"wp:term":[{"taxonomy":"product_cat","embeddable":true,"href":"https:\/\/www.selfprotein.com\/nb\/wp-json\/wp\/v2\/product_cat?post=3293"},{"taxonomy":"product_tag","embeddable":true,"href":"https:\/\/www.selfprotein.com\/nb\/wp-json\/wp\/v2\/product_tag?post=3293"}],"curies":[{"name":"wp","href":"https:\/\/api.w.org\/{rel}","templated":true}]}}