{"id":3294,"date":"2024-02-29T10:13:27","date_gmt":"2024-02-29T09:13:27","guid":{"rendered":"https:\/\/34.88.231.180\/?post_type=product&#038;p=3294"},"modified":"2026-05-04T09:29:54","modified_gmt":"2026-05-04T07:29:54","slug":"bcaa-811-2","status":"publish","type":"product","link":"https:\/\/www.selfprotein.com\/nb\/produkt\/bcaa-811-2\/","title":{"rendered":"BCAA 8:1:1"},"content":{"rendered":"<p style=\"text-align: left;\" align=\"center\"><strong><span lang=\"en-US\">BCAA 8:1:1<\/span><\/strong><\/p>\n<p><span lang=\"en-US\">BCAA, eller forgrenede aminosyrer, er en essensiell gruppe som best\u00e5r av leucin, isoleucin og valin, med et forhold p\u00e5 8:1:1.<\/span><\/p>\n<p><span lang=\"en-US\">BCAA utgj\u00f8r omtrent en tredjedel av muskelproteinene i menneskekroppen, og spiller en avgj\u00f8rende rolle i muskelvekst og -reparasjon. BCAA-tilskudd er mye brukt av idrettsut\u00f8vere og treningsentusiaster for \u00e5 forbedre ytelsen og fremme restitusjon etter trening.<\/span><\/p>\n<p><span lang=\"en-US\">Fordeler med BCAA 8:1:1<\/span><\/p>\n<ul>\n<li><strong><span lang=\"en-US\">St\u00f8tte for muskelvekst:<\/span><\/strong><span lang=\"en-US\"> BCAA fremmer proteinsyntesen, noe som bidrar til vekst og vedlikehold av muskelmasse. Den dominerende tilstedev\u00e6relsen av leucin i forholdet 8:1:1 forsterker denne fordelen, ettersom leucin er spesielt involvert i \u00e5 stimulere proteinsyntesen.<\/span><\/li>\n<li><strong><span lang=\"en-US\">Reduksjon av muskels\u00e5rhet:<\/span><\/strong><span lang=\"en-US\"> Studier tyder p\u00e5 at BCAA-tilskudd kan bidra til \u00e5 redusere muskel\u00f8mhet etter trening, noe som gir raskere restitusjon og bedre toleranse for senere anstrengelser.<\/span><\/li>\n<li><strong><span lang=\"en-US\">Redusert utmattelse:<\/span><\/strong><span lang=\"en-US\"> Idrettsut\u00f8vere opplever ofte en nedgang i energi under langvarig trening. BCAA kan bidra til \u00e5 forsinke utmattelsen og gi en alternativ energikilde under fysisk aktivitet.<\/span><\/li>\n<\/ul>\n<p>&nbsp;<\/p>\n<p><span lang=\"en-US\">Forbedring av fysisk ytelse: <\/span><span lang=\"en-US\">Tilskudd av BCAA har blitt assosiert med en potensiell forbedring av fysisk ytelse, noe som gj\u00f8r det mulig for personer \u00e5 opprettholde intense anstrengelser i lengre perioder.<\/span><\/p>\n<p><strong><span lang=\"en-US\">Anbefalt bruk<\/span><\/strong><\/p>\n<p><span lang=\"en-US\">1 porsjon som skal tas f\u00f8r, under eller etter fysisk aktivitet.<\/span><\/p>\n<p><strong>Merknad:<\/strong><\/p>\n<ul>\n<li>Kun for voksne og erstatter ikke et variert og balansert kosthold og en sunn livsstil.<\/li>\n<li>Ikke overskrid den anbefalte dosen.<\/li>\n<li>Anbefalt daglig dose: Bland 1 skje (ca. 8 g) med 200 ml vann.<\/li>\n<li>Ikke bruk det under amming, graviditetsperioder uten \u00e5 konsultere legen.<\/li>\n<li>Oppbevar produktet p\u00e5 et kj\u00f8lig, t\u00f8rt sted i en godt forseglet emballasje utilgjengelig for barn under 3 \u00e5r.<\/li>\n<li>Kan inneholde spor av melk, havre, egg og soya.<\/li>\n<li>Laktosefri og Glutenfri.<\/li>\n<\/ul>","protected":false},"excerpt":{"rendered":"<p>BCAA 8:1:1 BCAA, eller forgrenede aminosyrer, er en essensiell gruppe som best\u00e5r av leucin, isoleucin og valin, med et forhold p\u00e5 8:1:1. BCAA utgj\u00f8r omtrent en tredjedel av muskelproteinene i menneskekroppen, og spiller en avgj\u00f8rende rolle i muskelvekst og -reparasjon. BCAA-tilskudd er mye brukt av idrettsut\u00f8vere og treningsentusiaster for \u00e5 forbedre ytelsen [...].<\/p>","protected":false},"featured_media":3303,"template":"","meta":[],"product_cat":[151,311],"product_tag":[161,317],"class_list":{"0":"post-3294","1":"product","2":"type-product","3":"status-publish","4":"has-post-thumbnail","6":"product_cat-amino-acids-creatine","7":"product_cat-recovery-and-regeneration","8":"product_tag-amino-acids-creatine","9":"product_tag-recovery-and-regeneration","11":"first","12":"instock","13":"taxable","14":"shipping-taxable","15":"purchasable","16":"product-type-variable"},"aioseo_notices":[],"_links":{"self":[{"href":"https:\/\/www.selfprotein.com\/nb\/wp-json\/wp\/v2\/product\/3294"}],"collection":[{"href":"https:\/\/www.selfprotein.com\/nb\/wp-json\/wp\/v2\/product"}],"about":[{"href":"https:\/\/www.selfprotein.com\/nb\/wp-json\/wp\/v2\/types\/product"}],"wp:featuredmedia":[{"embeddable":true,"href":"https:\/\/www.selfprotein.com\/nb\/wp-json\/wp\/v2\/media\/3303"}],"wp:attachment":[{"href":"https:\/\/www.selfprotein.com\/nb\/wp-json\/wp\/v2\/media?parent=3294"}],"wp:term":[{"taxonomy":"product_cat","embeddable":true,"href":"https:\/\/www.selfprotein.com\/nb\/wp-json\/wp\/v2\/product_cat?post=3294"},{"taxonomy":"product_tag","embeddable":true,"href":"https:\/\/www.selfprotein.com\/nb\/wp-json\/wp\/v2\/product_tag?post=3294"}],"curies":[{"name":"wp","href":"https:\/\/api.w.org\/{rel}","templated":true}]}}