{"id":365,"date":"2023-11-27T13:00:33","date_gmt":"2023-11-27T12:00:33","guid":{"rendered":"https:\/\/34.88.231.180\/product\/bcaa-811-tab\/"},"modified":"2026-04-01T00:00:10","modified_gmt":"2026-03-31T22:00:10","slug":"bcaa-811-tabs","status":"publish","type":"product","link":"https:\/\/www.selfprotein.com\/nb\/produkt\/bcaa-811-tabs\/","title":{"rendered":"BCAA 8:1:1 Tabs"},"content":{"rendered":"<p style=\"text-align: left;\" align=\"center\"><strong><span lang=\"en-US\">BCAA 8:1:1 Tabs<\/span><\/strong><\/p>\n<p><span lang=\"en-US\">BCAA, som er en forkortelse for forgrenede aminosyrer, best\u00e5r av tre essensielle aminosyrer: leucin, isoleucin og valin, med et forhold p\u00e5 8:1:1. Disse komponentene utgj\u00f8r omtrent en tredjedel av muskelproteinene i menneskekroppen og spiller en avgj\u00f8rende rolle i muskelvekst og -reparasjon. BCAA-tilskudd i pilleform er mye brukt av idrettsut\u00f8vere og treningsentusiaster for \u00e5 forbedre ytelsen og lette muskelrestitusjon etter trening.<\/span><\/p>\n<p><span lang=\"en-US\">Fordelene med BCAA 8:1:1-tabletter:<\/span><\/p>\n<ul>\n<li><strong><span lang=\"en-US\">Reduksjon av muskels\u00e5rhet<\/span><\/strong><span lang=\"en-US\"><strong>:<\/strong> BCAA-tabletter kan bidra til \u00e5 redusere muskel\u00f8mhet etter trening, slik at du raskt kan gjenoppta fysiske aktiviteter uten for mye ubehag.<\/span><\/li>\n<li><strong><span lang=\"en-US\">Minimering av muskeltretthet:<\/span><\/strong><span lang=\"en-US\"> Ved \u00e5 redusere muskeltretthet under trening bidrar BCAA-piller til \u00f8kt utholdenhet, noe som muliggj\u00f8r lengre og mer intense trenings\u00f8kter.<\/span><\/li>\n<li><strong><span lang=\"en-US\">Stimulering av muskelvekst<\/span><\/strong><span lang=\"en-US\"><strong>:<\/strong> BCAA er kjent for \u00e5 st\u00f8tte muskelproteinsyntesen, noe som fremmer vekst og vedlikehold av muskelmasse, et grunnleggende aspekt for de som driver med idrett og \u00f8nsker optimale resultater.<\/span><\/li>\n<li><strong><span lang=\"en-US\">Forbedring av fysisk ytelse:<\/span><\/strong><span lang=\"en-US\"> Integrering av BCAA i kostholdet kan f\u00f8re til en generell forbedring av den fysiske prestasjonen, slik at idrettsut\u00f8vere kan n\u00e5 sine treningsm\u00e5l p\u00e5 en mer effektiv og tilfredsstillende m\u00e5te.<\/span><\/li>\n<\/ul>\n<p>&nbsp;<\/p>\n<p><strong><span lang=\"en-US\">Anbefalt bruk<\/span><\/strong><\/p>\n<p><span lang=\"en-US\">1 porsjon som skal tas f\u00f8r, under eller etter fysisk aktivitet.<\/span><\/p>\n<p><strong>Merknad:<\/strong><\/p>\n<ul>\n<li>Kun for voksne og erstatter ikke et variert og balansert kosthold og en sunn livsstil.<\/li>\n<li>Ikke overskrid den anbefalte dosen.<\/li>\n<li>Anbefalt daglig dose: 5 tabletter.<\/li>\n<li>Ikke bruk det under amming, graviditetsperioder uten \u00e5 konsultere legen.<\/li>\n<li>Oppbevar produktet p\u00e5 et kj\u00f8lig, t\u00f8rt sted i en godt forseglet emballasje utilgjengelig for barn under 3 \u00e5r.<\/li>\n<li>Kan inneholde spor av melk, havre, egg og soya.<\/li>\n<li>Laktosefri og Glutenfri.<\/li>\n<\/ul>","protected":false},"excerpt":{"rendered":"<p>BCAA 8:1:1 Tabs BCAA, en forkortelse for forgrenede aminosyrer, inneholder tre essensielle aminosyrer: leucin, isoleucin og valin, med et forhold p\u00e5 8:1:1. Disse komponentene utgj\u00f8r omtrent en tredjedel av muskelproteinene i menneskekroppen og spiller en avgj\u00f8rende rolle i muskelvekst og -reparasjon. BCAA-tilskudd i pilleform er mye brukt [...].<\/p>","protected":false},"featured_media":367,"template":"","meta":[],"product_cat":[151,311],"product_tag":[161,317],"class_list":{"0":"post-365","1":"product","2":"type-product","3":"status-publish","4":"has-post-thumbnail","6":"product_cat-amino-acids-creatine","7":"product_cat-recovery-and-regeneration","8":"product_tag-amino-acids-creatine","9":"product_tag-recovery-and-regeneration","11":"first","12":"instock","13":"taxable","14":"shipping-taxable","15":"purchasable","16":"product-type-variable"},"aioseo_notices":[],"_links":{"self":[{"href":"https:\/\/www.selfprotein.com\/nb\/wp-json\/wp\/v2\/product\/365"}],"collection":[{"href":"https:\/\/www.selfprotein.com\/nb\/wp-json\/wp\/v2\/product"}],"about":[{"href":"https:\/\/www.selfprotein.com\/nb\/wp-json\/wp\/v2\/types\/product"}],"wp:featuredmedia":[{"embeddable":true,"href":"https:\/\/www.selfprotein.com\/nb\/wp-json\/wp\/v2\/media\/367"}],"wp:attachment":[{"href":"https:\/\/www.selfprotein.com\/nb\/wp-json\/wp\/v2\/media?parent=365"}],"wp:term":[{"taxonomy":"product_cat","embeddable":true,"href":"https:\/\/www.selfprotein.com\/nb\/wp-json\/wp\/v2\/product_cat?post=365"},{"taxonomy":"product_tag","embeddable":true,"href":"https:\/\/www.selfprotein.com\/nb\/wp-json\/wp\/v2\/product_tag?post=365"}],"curies":[{"name":"wp","href":"https:\/\/api.w.org\/{rel}","templated":true}]}}