{"id":371,"date":"2023-11-27T13:00:44","date_gmt":"2023-11-27T12:00:44","guid":{"rendered":"https:\/\/34.88.231.180\/product\/beta-carotene\/"},"modified":"2026-05-01T00:23:40","modified_gmt":"2026-04-30T22:23:40","slug":"beta-carotene","status":"publish","type":"product","link":"https:\/\/www.selfprotein.com\/nb\/produkt\/beta-carotene\/","title":{"rendered":"Beta Carotene"},"content":{"rendered":"<p style=\"text-align: left;\" align=\"center\"><strong><span lang=\"en-US\">Beta Carotene<\/span><\/strong><\/p>\n<p><span lang=\"en-US\">Betakaroten er en potent antioksidant som beskytter kroppen mot skader for\u00e5rsaket av frie radikaler ved \u00e5 hemme oksidasjonen av andre molekyler.<\/span><\/p>\n<p><span lang=\"en-US\">Tilskudd av betakaroten i kosten kan derfor bidra til \u00e5 forbedre den generelle helsen og redusere risikoen for en rekke kroniske sykdommer ved \u00e5 tilf\u00f8re kroppen en kraftig antioksidant og viktige n\u00e6ringsstoffer.<\/span><\/p>\n<p><span lang=\"en-US\">Her er fordelene med betakaroten:<\/span><\/p>\n<ul>\n<li><strong><span lang=\"en-US\">Antioksidant:<\/span><\/strong><span lang=\"en-US\"> Betakaroten motvirker den skadelige virkningen av frie radikaler i kroppen, og bidrar til \u00e5 beskytte celler og vev mot oksidasjon og oksidativt stress.<\/span><\/li>\n<li><strong><span lang=\"en-US\">Hudhelse:<\/span><\/strong><span lang=\"en-US\"> Inntak av betakaroten kan forbedre hudens helse ved \u00e5 redusere forekomsten av rynker, aldringstegn og skader for\u00e5rsaket av UV-str\u00e5ler.<\/span><\/li>\n<li><strong><span lang=\"en-US\">\u00d8yehelse:<\/span><\/strong><span lang=\"en-US\"> Betakaroten er en forl\u00f8per til vitamin A, som er viktig for synet. Det kan bidra til \u00e5 opprettholde \u00f8yehelsen og redusere risikoen for aldersrelaterte \u00f8yesykdommer som makuladegenerasjon.<\/span><\/li>\n<li><strong><span lang=\"en-US\">Immunsystemet:<\/span><\/strong><span lang=\"en-US\"> Det bidrar til \u00e5 st\u00f8tte immunforsvaret ved \u00e5 fremme produksjonen av immunceller som bekjemper infeksjoner og sykdommer.<\/span><\/li>\n<li><strong><span lang=\"en-US\">Hjertehelse:<\/span><\/strong><span lang=\"en-US\"> Betakaroten kan spille en rolle i \u00e5 beskytte hjertehelsen ved \u00e5 redusere betennelse og risikoen for hjerte- og karsykdommer.<\/span><\/li>\n<li><strong><span lang=\"en-US\">Lungehelse:<\/span><\/strong><span lang=\"en-US\"> Noen unders\u00f8kelser tyder p\u00e5 at betakaroten kan ha en beskyttende effekt p\u00e5 lungecellene og redusere risikoen for kroniske lungesykdommer som lungekreft.<\/span><\/li>\n<\/ul>\n<p>&nbsp;<\/p>\n<p><strong><span lang=\"en-US\">Anbefalt bruk<\/span><\/strong><\/p>\n<p><span lang=\"en-US\">Ta 1 kapsel daglig.<\/span><\/p>\n<p><strong>Merknad:<\/strong><\/p>\n<ul>\n<li>Kun for voksne og erstatter ikke et variert og balansert kosthold og en sunn livsstil.<\/li>\n<li>Ikke overskrid den anbefalte dosen.<\/li>\n<li>Ikke bruk det under amming, graviditetsperioder uten \u00e5 konsultere legen.<\/li>\n<li>Oppbevar produktet p\u00e5 et kj\u00f8lig, t\u00f8rt sted i en godt forseglet emballasje utilgjengelig for barn under 3 \u00e5r.<\/li>\n<li>Laktosefri og Glutenfri.<\/li>\n<\/ul>","protected":false},"excerpt":{"rendered":"<details>\n<summary>Ingredienser<\/summary>\n<table style=\"text-align: center;\">\n<tbody>\n<tr>\n<th>INGREDIENSER<\/th>\n<th>per 1cps<\/th>\n<\/tr>\n<tr>\n<td>Betakaroten (Pro Vitamin A 1200\u03bcg 150%*)<\/td>\n<td>7,5 mg<\/td>\n<\/tr>\n<tr>\n<td colspan=\"2\"><strong>Andre ingredienser: <\/strong>antioksidant (E300), stabiliseringsmidler (E460, veg. E470b), vegansk kapsel (E1204)<\/td>\n<\/tr>\n<tr>\n<td colspan=\"2\">*% Daglig referanseverdi for n\u00e6ringsstoffer (NRV)<\/td>\n<\/tr>\n<\/tbody>\n<\/table>\n<\/details>\n<p>&nbsp;<\/p>","protected":false},"featured_media":13880,"template":"","meta":[],"product_cat":[312,214],"product_tag":[314,258],"class_list":{"0":"post-371","1":"product","2":"type-product","3":"status-publish","4":"has-post-thumbnail","6":"product_cat-health-and-wellness","7":"product_cat-vitamins-wellness","8":"product_tag-health-and-wellness","9":"product_tag-vitamins-wellness","11":"first","12":"instock","13":"taxable","14":"shipping-taxable","15":"purchasable","16":"product-type-simple"},"aioseo_notices":[],"_links":{"self":[{"href":"https:\/\/www.selfprotein.com\/nb\/wp-json\/wp\/v2\/product\/371"}],"collection":[{"href":"https:\/\/www.selfprotein.com\/nb\/wp-json\/wp\/v2\/product"}],"about":[{"href":"https:\/\/www.selfprotein.com\/nb\/wp-json\/wp\/v2\/types\/product"}],"wp:featuredmedia":[{"embeddable":true,"href":"https:\/\/www.selfprotein.com\/nb\/wp-json\/wp\/v2\/media\/13880"}],"wp:attachment":[{"href":"https:\/\/www.selfprotein.com\/nb\/wp-json\/wp\/v2\/media?parent=371"}],"wp:term":[{"taxonomy":"product_cat","embeddable":true,"href":"https:\/\/www.selfprotein.com\/nb\/wp-json\/wp\/v2\/product_cat?post=371"},{"taxonomy":"product_tag","embeddable":true,"href":"https:\/\/www.selfprotein.com\/nb\/wp-json\/wp\/v2\/product_tag?post=371"}],"curies":[{"name":"wp","href":"https:\/\/api.w.org\/{rel}","templated":true}]}}