{"id":374,"date":"2023-11-27T13:03:49","date_gmt":"2023-11-27T12:03:49","guid":{"rendered":"https:\/\/34.88.231.180\/product\/bromelain\/"},"modified":"2026-05-01T00:23:40","modified_gmt":"2026-04-30T22:23:40","slug":"bromelain","status":"publish","type":"product","link":"https:\/\/www.selfprotein.com\/nb\/produkt\/bromelain\/","title":{"rendered":"Bromelain"},"content":{"rendered":"<p style=\"text-align: left;\" align=\"center\"><strong><span lang=\"en-US\">Bromelain<\/span><\/strong><\/p>\n<p><span lang=\"en-US\">Bromelain, en gruppe enzymer som utvinnes fra stammen og frukten av ananas (Ananas comosus), er en naturlig skatt som har blitt brukt i tradisjonell medisin i \u00e5rhundrer. Denne enzymklassen, kjent som proteaser, er ansvarlig for \u00e5 bryte ned proteiner.<\/span><\/p>\n<p><span lang=\"en-US\">Noen av de mange fordelene bromelain har for menneskers helse er blant annet<\/span><\/p>\n<ul>\n<li><strong><span lang=\"en-US\">Hjelp til ford\u00f8yelsen:<\/span><\/strong><span lang=\"en-US\"> Bromelain er kjent for sin evne til \u00e5 lette ford\u00f8yelsen av proteiner ved \u00e5 bryte dem ned til mindre peptider og aminosyrer. Dette kan v\u00e6re sv\u00e6rt gunstig for de med ford\u00f8yelsesproblemer eller de som har problemer med \u00e5 ford\u00f8ye proteiner.<\/span><\/li>\n<li><strong><span lang=\"en-US\">Anti-inflammatoriske egenskaper<\/span><\/strong><span lang=\"en-US\"><strong>:<\/strong> En annen bemerkelsesverdig egenskap ved bromelain er dets betennelsesdempende evne. Flere studier har vist at dette stoffet kan redusere betennelse og hevelse betydelig, noe som gir verdifull lindring ved tilstander som slitasjegikt, revmatoid artritt og idrettsskader. Det antas at det oppn\u00e5r dette ved \u00e5 redusere pro-inflammatoriske molekyler i kroppen.<\/span><\/li>\n<li><strong><span lang=\"en-US\">Lindring av bihulebetennelse:<\/span><\/strong><span lang=\"en-US\"> Bromelain har vist seg \u00e5 v\u00e6re en effektiv alliert i kampen mot de ubehagelige symptomene p\u00e5 bihulebetennelse. Studier indikerer at det kan bidra til \u00e5 redusere nesetetthet, forbedre pusten og redusere overdreven slimproduksjon, og dermed gi lindring til de som lider av denne luftveissykdommen.<\/span><\/li>\n<\/ul>\n<p>&nbsp;<\/p>\n<p><strong><span lang=\"en-US\">Anbefalt bruk<\/span><\/strong><\/p>\n<p><span lang=\"en-US\">Opptil maksimalt 3 kapsler per dag.<\/span><\/p>\n<p><strong>Merknad:<\/strong><\/p>\n<ul>\n<li>Kun for voksne og erstatter ikke et variert og balansert kosthold og en sunn livsstil.<\/li>\n<li>Ikke overskrid den anbefalte dosen.<\/li>\n<li>Ikke bruk det under amming, graviditetsperioder uten \u00e5 konsultere legen.<\/li>\n<li>Oppbevar produktet p\u00e5 et kj\u00f8lig, t\u00f8rt sted i en godt forseglet emballasje utilgjengelig for barn under 3 \u00e5r.<\/li>\n<li>Kan inneholde spor av havre, egg og soya.<\/li>\n<li>Laktosefri og Glutenfri.<\/li>\n<\/ul>","protected":false},"excerpt":{"rendered":"<details>\n<summary>Ingredienser<\/summary>\n<table style=\"text-align: center;\">\n<tbody>\n<tr>\n<th>Ingredienser<\/th>\n<th>per 3 cps<\/th>\n<\/tr>\n<tr>\n<td>Bromelain (1200 GDU\/g)(da Ananas comosus (L.) Merr. stamme)<\/td>\n<td>1500 mg<\/td>\n<\/tr>\n<tr>\n<td colspan=\"3\"><strong>Andre ingredienser: <\/strong>stabiliseringsmidler (E460, E470b, E551), vegansk kapsel (E1204)<\/td>\n<\/tr>\n<\/tbody>\n<\/table>\n<\/details>\n<p>&nbsp;<\/p>","protected":false},"featured_media":375,"template":"","meta":[],"product_cat":[312,214],"product_tag":[314,258],"class_list":{"0":"post-374","1":"product","2":"type-product","3":"status-publish","4":"has-post-thumbnail","6":"product_cat-health-and-wellness","7":"product_cat-vitamins-wellness","8":"product_tag-health-and-wellness","9":"product_tag-vitamins-wellness","11":"first","12":"instock","13":"sale","14":"taxable","15":"shipping-taxable","16":"purchasable","17":"product-type-simple"},"aioseo_notices":[],"_links":{"self":[{"href":"https:\/\/www.selfprotein.com\/nb\/wp-json\/wp\/v2\/product\/374"}],"collection":[{"href":"https:\/\/www.selfprotein.com\/nb\/wp-json\/wp\/v2\/product"}],"about":[{"href":"https:\/\/www.selfprotein.com\/nb\/wp-json\/wp\/v2\/types\/product"}],"wp:featuredmedia":[{"embeddable":true,"href":"https:\/\/www.selfprotein.com\/nb\/wp-json\/wp\/v2\/media\/375"}],"wp:attachment":[{"href":"https:\/\/www.selfprotein.com\/nb\/wp-json\/wp\/v2\/media?parent=374"}],"wp:term":[{"taxonomy":"product_cat","embeddable":true,"href":"https:\/\/www.selfprotein.com\/nb\/wp-json\/wp\/v2\/product_cat?post=374"},{"taxonomy":"product_tag","embeddable":true,"href":"https:\/\/www.selfprotein.com\/nb\/wp-json\/wp\/v2\/product_tag?post=374"}],"curies":[{"name":"wp","href":"https:\/\/api.w.org\/{rel}","templated":true}]}}