{"id":377,"date":"2023-11-27T13:03:53","date_gmt":"2023-11-27T12:03:53","guid":{"rendered":"https:\/\/34.88.231.180\/product\/caffeine\/"},"modified":"2026-04-01T00:00:09","modified_gmt":"2026-03-31T22:00:09","slug":"caffeine","status":"publish","type":"product","link":"https:\/\/www.selfprotein.com\/nb\/produkt\/caffeine\/","title":{"rendered":"Caffeine"},"content":{"rendered":"<p style=\"text-align: left;\" align=\"center\"><strong><span lang=\"en-US\">Caffeine<\/span><\/strong><\/p>\n<p><span lang=\"en-US\">Oppdag de mange fordelene koffein kan ha for idrettsut\u00f8vere og de som driver med regelmessig fysisk aktivitet. Dette sentralstimulerende stoffet, som ofte inntas i ulike former som kaffe, te, energidrikker og kosttilskudd, har vist seg \u00e5 v\u00e6re en verdifull alliert n\u00e5r det gjelder \u00e5 forbedre idrettsprestasjoner.<\/span><\/p>\n<p><span lang=\"en-US\">Fordeler med koffein:<\/span><\/p>\n<ul>\n<li><strong><span lang=\"en-US\">Forbedret utholdenhet:<\/span><\/strong><span lang=\"en-US\"> Koffein er kjent for \u00e5 \u00f8ke kroppens evne til \u00e5 bruke fett som drivstoffkilde under trening, og bidrar dermed til \u00e5 forbedre utholdenhetsprestasjonene.<\/span><\/li>\n<li><strong><span lang=\"en-US\">\u00d8kt fokus og \u00e5rv\u00e5kenhet:<\/span><\/strong><span lang=\"en-US\"> Den stimulerende effekten av koffein kan hjelpe idrettsut\u00f8vere med \u00e5 opprettholde et h\u00f8yt niv\u00e5 av fokus og \u00e5rv\u00e5kenhet under trening og konkurranse, og dermed forbedre den kognitive ytelsen.<\/span><\/li>\n<li><strong><span lang=\"en-US\">Reduksjon av muskelsmerter:<\/span><\/strong><span lang=\"en-US\"> Takket v\u00e6re sine smertelindrende egenskaper kan koffein bidra til \u00e5 redusere muskelsmerter og \u00f8mhet etter trening, slik at idrettsut\u00f8vere kan restituere seg raskere og m\u00f8te p\u00e5f\u00f8lgende \u00f8kter med mindre ubehag.<\/span><\/li>\n<li><strong><span lang=\"en-US\">\u00d8kt stoffskifte:<\/span><\/strong><span lang=\"en-US\"> Koffein kan \u00f8ke stoffskiftet, og dermed fremme forbrenningen av overfl\u00f8dige kalorier og potensielt st\u00f8tte idrettsut\u00f8veres fors\u00f8k p\u00e5 \u00e5 g\u00e5 ned i vekt eller opprettholde en optimal kroppssammensetning.<\/span><\/li>\n<\/ul>\n<p><\/p>\n<p><span lang=\"en-US\">Med koffein som en del av trenings- eller konkurranserutinen din kan du oppleve en rekke fordeler som kan forbedre ytelsen og restitusjonen din, slik at du lettere kan n\u00e5 dine idrettslige m\u00e5l.<\/span>\n<\/p>\n<p><strong><span lang=\"en-US\">Anbefalt bruk<\/span><\/strong><\/p>\n<p><span lang=\"en-US\">1 porsjon 30-45 minutter f\u00f8r trening eller i perioder med fysisk eller mental utmattelse.<\/span><\/p>\n<p><strong>Merknad:<\/strong><\/p>\n<ul>\n<li>Kun for voksne og erstatter ikke et variert og balansert kosthold og en sunn livsstil.<\/li>\n<li>Ikke overskrid den anbefalte dosen.<\/li>\n<li>Ikke bruk det under amming, graviditetsperioder uten \u00e5 konsultere legen.<\/li>\n<li>Oppbevar produktet p\u00e5 et kj\u00f8lig, t\u00f8rt sted i en godt forseglet emballasje utilgjengelig for barn under 3 \u00e5r.<\/li>\n<li>Kan inneholde spor av melk, havre, egg og soya.<\/li>\n<li>Laktosefri og Glutenfri.<\/li>\n<\/ul>","protected":false},"excerpt":{"rendered":"<details>\n<summary>Ingredienser<\/summary>\n<table style=\"text-align: center;\">\n<tbody>\n<tr>\n<th>Ingredienser<\/th>\n<th>per porsjon 1 tab<\/th>\n<\/tr>\n<tr>\n<td>Caffeine<\/td>\n<td>200 mg<\/td>\n<\/tr>\n<tr>\n<td colspan=\"3\"><strong>Andre ingredienser: <\/strong>stabilisatorer (E953, E470b, E551, E460)<\/td>\n<\/tr>\n<\/tbody>\n<\/table>\n<\/details>\n<p>&nbsp;<\/p>","protected":false},"featured_media":378,"template":"","meta":[],"product_cat":[310,217],"product_tag":[315,163],"class_list":{"0":"post-377","1":"product","2":"type-product","3":"status-publish","4":"has-post-thumbnail","6":"product_cat-performance-and-endurance","7":"product_cat-pre-workout-energy","8":"product_tag-performance-and-endurance","9":"product_tag-weight-control-metabolism","11":"first","12":"instock","13":"taxable","14":"shipping-taxable","15":"purchasable","16":"product-type-simple"},"aioseo_notices":[],"_links":{"self":[{"href":"https:\/\/www.selfprotein.com\/nb\/wp-json\/wp\/v2\/product\/377"}],"collection":[{"href":"https:\/\/www.selfprotein.com\/nb\/wp-json\/wp\/v2\/product"}],"about":[{"href":"https:\/\/www.selfprotein.com\/nb\/wp-json\/wp\/v2\/types\/product"}],"wp:featuredmedia":[{"embeddable":true,"href":"https:\/\/www.selfprotein.com\/nb\/wp-json\/wp\/v2\/media\/378"}],"wp:attachment":[{"href":"https:\/\/www.selfprotein.com\/nb\/wp-json\/wp\/v2\/media?parent=377"}],"wp:term":[{"taxonomy":"product_cat","embeddable":true,"href":"https:\/\/www.selfprotein.com\/nb\/wp-json\/wp\/v2\/product_cat?post=377"},{"taxonomy":"product_tag","embeddable":true,"href":"https:\/\/www.selfprotein.com\/nb\/wp-json\/wp\/v2\/product_tag?post=377"}],"curies":[{"name":"wp","href":"https:\/\/api.w.org\/{rel}","templated":true}]}}