{"id":380,"date":"2023-11-27T13:03:57","date_gmt":"2023-11-27T12:03:57","guid":{"rendered":"https:\/\/34.88.231.180\/product\/calcium-pyruvate\/"},"modified":"2026-04-01T00:00:09","modified_gmt":"2026-03-31T22:00:09","slug":"calcium-pyruvate","status":"publish","type":"product","link":"https:\/\/www.selfprotein.com\/nb\/produkt\/calcium-pyruvate\/","title":{"rendered":"Calcium Pyruvate"},"content":{"rendered":"<p style=\"text-align: left;\" align=\"center\"><strong><span lang=\"en-US\">Calcium Pyruvate<\/span><\/strong><\/p>\n<p><span lang=\"en-US\">Kalsiumpyruvat er en form for pyruvat, en naturlig forbindelse som produseres i kroppen som et mellomprodukt i energimetabolismen. Kalsiumpyruvattilskudd inneholder dette stoffet i konsentrert form.<\/span><\/p>\n<p><span lang=\"en-US\">Her er de potensielle fordelene ved \u00e5 ta kalsiumpyruvat:<\/span><\/p>\n<ul>\n<li><strong><span lang=\"en-US\">St\u00f8tte for energimetabolismen:<\/span><\/strong><span lang=\"en-US\"> Kalsiumpyruvat er en konsentrert form av pyruvat, en naturlig forbindelse som er involvert i karbohydrat- og fettmetabolismen. Dette bidrar til energiproduksjonen i cellene. Kalsiumpyruvattilskudd kan gi verdifull st\u00f8tte til energimetabolismen, noe som gir ekstra energi under fysisk aktivitet og restitusjon.<\/span><\/li>\n<li><strong><span lang=\"en-US\">Potensiell prestasjonsforbedring:<\/span><\/strong><span lang=\"en-US\"> Nyere forskning tyder p\u00e5 at inntak av kalsiumpyruvat kan ha en positiv effekt p\u00e5 fysisk ytelse. Dette kan resultere i \u00f8kt utholdenhet og utholdenhet under trening, slik at idrettsut\u00f8vere kan overskride sine egne grenser.<\/span><\/li>\n<li><strong><span lang=\"en-US\">Mulig vektreduksjonseffekt:<\/span><\/strong><span lang=\"en-US\"> Noen studier har indikert at kalsiumpyruvat kan ha en positiv innvirkning p\u00e5 vekttap. Dette skjer gjennom \u00f8kt metabolisme og \u00f8kt fettforbrenning. Kalsiumpyruvattilskudd kan derfor v\u00e6re nyttig for dem som \u00f8nsker \u00e5 oppn\u00e5 sine vekttapsm\u00e5l p\u00e5 en effektiv m\u00e5te.<\/span><\/li>\n<\/ul>\n<p>&nbsp;<\/p>\n<p><span lang=\"en-US\">Det er viktig \u00e5 merke seg at effekten kan variere fra person til person, og det anbefales alltid \u00e5 r\u00e5df\u00f8re seg med helsepersonell f\u00f8r man starter et kosttilskudd.<\/span><\/p>\n<p><strong><span lang=\"en-US\">Anbefalt bruk<\/span><\/strong><\/p>\n<p><span lang=\"en-US\">Maksimalt 3 kapsler per dag.<\/span><\/p>\n<p><strong>Merknad:<\/strong><\/p>\n<ul>\n<li>Kun for voksne og erstatter ikke et variert og balansert kosthold og en sunn livsstil.<\/li>\n<li>Ikke overskrid den anbefalte dosen.<\/li>\n<li>Ikke bruk det under amming, graviditetsperioder uten \u00e5 konsultere legen.<\/li>\n<li>Oppbevar produktet p\u00e5 et kj\u00f8lig, t\u00f8rt sted i en godt forseglet emballasje utilgjengelig for barn under 3 \u00e5r.<\/li>\n<li>Kan inneholde spor av havre, egg og soya.<\/li>\n<li>Laktosefri og Glutenfri.<\/li>\n<\/ul>","protected":false},"excerpt":{"rendered":"<details>\n<summary>Ingredienser<\/summary>\n<table style=\"text-align: center;\">\n<tbody>\n<tr>\n<th>Ingredienser<\/th>\n<th>per 3 cps<\/th>\n<th>%NRV*<\/th>\n<\/tr>\n<tr>\n<td>Calcium Pyruvate<\/td>\n<td>1800 mg<\/td>\n<td><\/td>\n<\/tr>\n<tr>\n<td>hvorav<\/td>\n<td><\/td>\n<td><\/td>\n<\/tr>\n<tr>\n<td>Kalsium<\/td>\n<td>360 mg<\/td>\n<td>45<\/td>\n<\/tr>\n<tr>\n<td>Pyruvat<\/td>\n<td>1440 mg<\/td>\n<td><\/td>\n<\/tr>\n<tr>\n<td colspan=\"3\"><strong>Andre ingredienser: <\/strong>stabiliseringsmidler (E460, E470b) vegansk kapsel (E1204)<\/td>\n<\/tr>\n<tr>\n<td colspan=\"3\">*N\u00e6ringsmessig referanseverdi<\/td>\n<\/tr>\n<\/tbody>\n<\/table>\n<\/details>\n<p>&nbsp;<\/p>","protected":false},"featured_media":381,"template":"","meta":[],"product_cat":[312,214],"product_tag":[314,258],"class_list":{"0":"post-380","1":"product","2":"type-product","3":"status-publish","4":"has-post-thumbnail","6":"product_cat-health-and-wellness","7":"product_cat-vitamins-wellness","8":"product_tag-health-and-wellness","9":"product_tag-vitamins-wellness","11":"first","12":"instock","13":"taxable","14":"shipping-taxable","15":"purchasable","16":"product-type-simple"},"aioseo_notices":[],"_links":{"self":[{"href":"https:\/\/www.selfprotein.com\/nb\/wp-json\/wp\/v2\/product\/380"}],"collection":[{"href":"https:\/\/www.selfprotein.com\/nb\/wp-json\/wp\/v2\/product"}],"about":[{"href":"https:\/\/www.selfprotein.com\/nb\/wp-json\/wp\/v2\/types\/product"}],"wp:featuredmedia":[{"embeddable":true,"href":"https:\/\/www.selfprotein.com\/nb\/wp-json\/wp\/v2\/media\/381"}],"wp:attachment":[{"href":"https:\/\/www.selfprotein.com\/nb\/wp-json\/wp\/v2\/media?parent=380"}],"wp:term":[{"taxonomy":"product_cat","embeddable":true,"href":"https:\/\/www.selfprotein.com\/nb\/wp-json\/wp\/v2\/product_cat?post=380"},{"taxonomy":"product_tag","embeddable":true,"href":"https:\/\/www.selfprotein.com\/nb\/wp-json\/wp\/v2\/product_tag?post=380"}],"curies":[{"name":"wp","href":"https:\/\/api.w.org\/{rel}","templated":true}]}}