{"id":383,"date":"2023-11-27T13:04:01","date_gmt":"2023-11-27T12:04:01","guid":{"rendered":"https:\/\/34.88.231.180\/product\/carnitine\/"},"modified":"2026-05-01T00:23:40","modified_gmt":"2026-04-30T22:23:40","slug":"l-carnitine","status":"publish","type":"product","link":"https:\/\/www.selfprotein.com\/nb\/produkt\/l-carnitine\/","title":{"rendered":"L-Carnitine"},"content":{"rendered":"<p style=\"text-align: left;\" align=\"center\"><strong>L-Carnitine<\/strong><\/p>\n<p><span lang=\"en-US\">Utforsk den avgj\u00f8rende rollen L-karnitin, et essensielt aminosyrederivat i fettmetabolismen, spiller n\u00e5r det gjelder \u00e5 transportere fettsyrer inn i mitokondriene, der de omdannes til energi for kroppen. L-karnitin finnes i naturen og kan ogs\u00e5 hentes fra kostholdskilder som r\u00f8dt kj\u00f8tt, fisk og meieriprodukter. L-karnitin er integrert i matvarer eller allment tilgjengelige kosttilskudd, og brukes til ulike form\u00e5l, blant annet til \u00e5 forbedre idrettsprestasjoner, fremme vekttap og st\u00f8tte kognitiv funksjon.<\/span><\/p>\n<p><span lang=\"en-US\">Fordeler med tilskudd av L-karnitin:<\/span><\/p>\n<ul>\n<li><strong><span lang=\"en-US\">Forbedret fysisk ytelse<\/span><\/strong><span lang=\"en-US\"><strong>:<\/strong> Tilskudd med L-karnitin kan \u00f8ke utholdenheten og redusere tretthet under trening, optimalisere bruken av fett som energikilde og dermed forbedre den fysiske prestasjonen.<\/span><\/li>\n<li><strong><span lang=\"en-US\">Vektnedgang:<\/span><\/strong><span lang=\"en-US\"> L-karnitintilskudd kan stimulere fettmetabolismen og redusere appetitten, noe som gj\u00f8r det lettere \u00e5 g\u00e5 ned i vekt og gir ekstra st\u00f8tte til vektkontroll.<\/span><\/li>\n<li><strong><span lang=\"en-US\">Forbedring av kognitiv funksjon:<\/span><\/strong><span lang=\"en-US\"> L-karnitin kan v\u00e6re gunstig for hjernefunksjonen og bidra til \u00e5 forbedre konsentrasjonen og hukommelsen, spesielt hos eldre voksne, og dermed bidra til \u00e5 opprettholde mental smidighet.<\/span><\/li>\n<li><strong><span lang=\"en-US\">Forbedring av hjertehelsen:<\/span><\/strong><span lang=\"en-US\"> Tilskudd med L-karnitin kan forbedre hjertefunksjonen og redusere risikoen for hjerte- og karsykdommer, noe som gir verdifull st\u00f8tte til den generelle helsen til hjertet og sirkulasjonssystemet.<\/span><\/li>\n<\/ul>\n<p>&nbsp;<\/p>\n<p><strong><span lang=\"en-US\">Anbefalt bruk<\/span><\/strong><\/p>\n<p><span lang=\"en-US\">2 kapsler i l\u00f8pet av dagen eller 30-45 minutter f\u00f8r trening.<\/span><\/p>\n<p><strong>Merknad:<\/strong><\/p>\n<ul>\n<li>Kun for voksne og erstatter ikke et variert og balansert kosthold og en sunn livsstil.<\/li>\n<li>Ikke overskrid den anbefalte dosen.<\/li>\n<li>Ikke bruk det under amming, graviditetsperioder uten \u00e5 konsultere legen.<\/li>\n<li>Oppbevar produktet p\u00e5 et kj\u00f8lig, t\u00f8rt sted i en godt forseglet emballasje utilgjengelig for barn under 3 \u00e5r.<\/li>\n<li>Kan inneholde spor av melk, havre, egg og soya.<\/li>\n<li>Laktosefri og Glutenfri.<\/li>\n<\/ul>","protected":false},"excerpt":{"rendered":"<details>\n<summary>Ingredienser<\/summary>\n<table style=\"text-align: center;\">\n<tbody>\n<tr>\n<th>Ingredienser<\/th>\n<th>per 2 cps<\/th>\n<\/tr>\n<tr>\n<td>L-karnitin tartrat<\/td>\n<td>1000 mg<\/td>\n<\/tr>\n<tr>\n<td colspan=\"2\"><strong>Andre ingredienser: <\/strong>stabiliseringsmidler (E460, E470b, E551), vegansk kapsel (E1204)<\/td>\n<\/tr>\n<\/tbody>\n<\/table>\n<\/details>\n<p>&nbsp;<\/p>","protected":false},"featured_media":384,"template":"","meta":[],"product_cat":[155,309],"product_tag":[163,319],"class_list":{"0":"post-383","1":"product","2":"type-product","3":"status-publish","4":"has-post-thumbnail","6":"product_cat-weight-control-metabolism","7":"product_cat-weight-management-and-definition","8":"product_tag-weight-control-metabolism","9":"product_tag-weight-management-and-definition","11":"first","12":"instock","13":"taxable","14":"shipping-taxable","15":"purchasable","16":"product-type-simple"},"aioseo_notices":[],"_links":{"self":[{"href":"https:\/\/www.selfprotein.com\/nb\/wp-json\/wp\/v2\/product\/383"}],"collection":[{"href":"https:\/\/www.selfprotein.com\/nb\/wp-json\/wp\/v2\/product"}],"about":[{"href":"https:\/\/www.selfprotein.com\/nb\/wp-json\/wp\/v2\/types\/product"}],"wp:featuredmedia":[{"embeddable":true,"href":"https:\/\/www.selfprotein.com\/nb\/wp-json\/wp\/v2\/media\/384"}],"wp:attachment":[{"href":"https:\/\/www.selfprotein.com\/nb\/wp-json\/wp\/v2\/media?parent=383"}],"wp:term":[{"taxonomy":"product_cat","embeddable":true,"href":"https:\/\/www.selfprotein.com\/nb\/wp-json\/wp\/v2\/product_cat?post=383"},{"taxonomy":"product_tag","embeddable":true,"href":"https:\/\/www.selfprotein.com\/nb\/wp-json\/wp\/v2\/product_tag?post=383"}],"curies":[{"name":"wp","href":"https:\/\/api.w.org\/{rel}","templated":true}]}}