{"id":386,"date":"2023-11-27T13:04:05","date_gmt":"2023-11-27T12:04:05","guid":{"rendered":"https:\/\/34.88.231.180\/product\/carnitine-1000\/"},"modified":"2026-05-01T00:23:40","modified_gmt":"2026-04-30T22:23:40","slug":"l-carnitine-1000","status":"publish","type":"product","link":"https:\/\/www.selfprotein.com\/nb\/produkt\/l-carnitine-1000\/","title":{"rendered":"L-Carnitine 1000"},"content":{"rendered":"<p style=\"text-align: left;\" align=\"center\"><strong><span lang=\"en-US\">L-Carnitine 1000<\/span><\/strong><\/p>\n<p><span lang=\"en-US\">Oppdag den grunnleggende rollen til L-karnitin, et aminosyrederivat som finnes naturlig i naturen, og som er involvert i fettmetabolismen og transporten av fettsyrer inn i mitokondriene, der de utnyttes som energikilde for kroppen. L-karnitin produseres i sm\u00e5 mengder av kroppen og finnes i kosttilskudd som r\u00f8dt kj\u00f8tt, fisk og meieriprodukter, men er ogs\u00e5 allment tilgjengelig i form av kosttilskudd, som brukes til \u00e5 forbedre fysisk ytelse, fremme vekttap og st\u00f8tte kognitiv helse.<\/span><\/p>\n<p><span lang=\"en-US\">Fordeler med L-karnitin:<\/span><\/p>\n<ul>\n<li><strong><span lang=\"en-US\">Forbedret fysisk ytelse:<\/span><\/strong><span lang=\"en-US\"> Ved \u00e5 integrere L-karnitin i kostholdet ditt kan du oppleve \u00f8kt utholdenhet og redusert tretthet under trening, ettersom det fremmer bruken av fett som prim\u00e6r energikilde.<\/span><\/li>\n<li><strong><span lang=\"en-US\">Vektnedgang:<\/span><\/strong><span lang=\"en-US\"> L-karnitintilskudd kan stimulere fettforbrenningen og redusere appetitten, og dermed bidra til vekttap og appetittkontroll.<\/span><\/li>\n<li><strong><span lang=\"en-US\">Forbedring av kognitiv funksjon:<\/span><\/strong><span lang=\"en-US\"> L-karnitin kan ha en positiv effekt p\u00e5 hjernens helse ved \u00e5 forbedre den kognitive funksjonen, spesielt hos eldre voksne, og dermed bidra til \u00e5 holde hjernen skarp og aktiv.<\/span><\/li>\n<li><strong><span lang=\"en-US\">Forbedring av hjertehelsen:<\/span><\/strong><span lang=\"en-US\"> \u00c5 integrere L-karnitin i kostholdet kan bidra til \u00e5 forbedre hjertefunksjonen og redusere risikoen for hjerte- og karsykdommer, noe som gir fordeler for hjerte- og sirkulasjonssystemets helse.<\/span><\/li>\n<\/ul>\n<p>&nbsp;<\/p>\n<p><span lang=\"en-US\">L-karnitintilskudd finnes i en rekke ulike former, inkludert kapsler, tabletter og v\u00e6sker, og er en praktisk m\u00e5te \u00e5 dra nytte av de mange fordelene som denne aminosyren kan gi for helsen og det generelle velv\u00e6ret ditt.<\/span><\/p>\n<p><strong><span lang=\"en-US\">Anbefalt bruk<\/span><\/strong><\/p>\n<p><span lang=\"en-US\">1 tablett i l\u00f8pet av dagen eller 30-45 minutter f\u00f8r trening.<\/span><\/p>\n<p><strong>Merknad:<\/strong><\/p>\n<ul>\n<li>Kun for voksne og erstatter ikke et variert og balansert kosthold og en sunn livsstil.<\/li>\n<li>Ikke overskrid den anbefalte dosen.<\/li>\n<li>Ikke bruk det under amming, graviditetsperioder uten \u00e5 konsultere legen.<\/li>\n<li>Oppbevar produktet p\u00e5 et kj\u00f8lig, t\u00f8rt sted i en godt forseglet emballasje utilgjengelig for barn under 3 \u00e5r.<\/li>\n<li>Kan inneholde spor av melk, havre, egg og soya.<\/li>\n<li>Laktosefri og Glutenfri.<\/li>\n<\/ul>","protected":false},"excerpt":{"rendered":"<details>\n<summary>Ingredienser<\/summary>\n<table style=\"text-align: center;\">\n<tbody>\n<tr>\n<th>Ingredienser<\/th>\n<th>per 1 tablett<\/th>\n<\/tr>\n<tr>\n<td>L-karnitin tartrat<\/td>\n<td>1000 mg<\/td>\n<\/tr>\n<tr>\n<td colspan=\"2\"><strong>Andre ingredienser: <\/strong>stabiliseringsmidler (E460, E470b, E551)<\/td>\n<\/tr>\n<\/tbody>\n<\/table>\n<\/details>\n<p>&nbsp;<\/p>","protected":false},"featured_media":387,"template":"","meta":[],"product_cat":[155,309],"product_tag":[163,319],"class_list":{"0":"post-386","1":"product","2":"type-product","3":"status-publish","4":"has-post-thumbnail","6":"product_cat-weight-control-metabolism","7":"product_cat-weight-management-and-definition","8":"product_tag-weight-control-metabolism","9":"product_tag-weight-management-and-definition","11":"first","12":"instock","13":"taxable","14":"shipping-taxable","15":"purchasable","16":"product-type-simple"},"aioseo_notices":[],"_links":{"self":[{"href":"https:\/\/www.selfprotein.com\/nb\/wp-json\/wp\/v2\/product\/386"}],"collection":[{"href":"https:\/\/www.selfprotein.com\/nb\/wp-json\/wp\/v2\/product"}],"about":[{"href":"https:\/\/www.selfprotein.com\/nb\/wp-json\/wp\/v2\/types\/product"}],"wp:featuredmedia":[{"embeddable":true,"href":"https:\/\/www.selfprotein.com\/nb\/wp-json\/wp\/v2\/media\/387"}],"wp:attachment":[{"href":"https:\/\/www.selfprotein.com\/nb\/wp-json\/wp\/v2\/media?parent=386"}],"wp:term":[{"taxonomy":"product_cat","embeddable":true,"href":"https:\/\/www.selfprotein.com\/nb\/wp-json\/wp\/v2\/product_cat?post=386"},{"taxonomy":"product_tag","embeddable":true,"href":"https:\/\/www.selfprotein.com\/nb\/wp-json\/wp\/v2\/product_tag?post=386"}],"curies":[{"name":"wp","href":"https:\/\/api.w.org\/{rel}","templated":true}]}}