{"id":389,"date":"2023-11-27T13:04:09","date_gmt":"2023-11-27T12:04:09","guid":{"rendered":"https:\/\/34.88.231.180\/product\/carnitine-liquid\/"},"modified":"2026-04-14T12:18:32","modified_gmt":"2026-04-14T10:18:32","slug":"carnitine-liquid","status":"publish","type":"product","link":"https:\/\/www.selfprotein.com\/nb\/produkt\/carnitine-liquid\/","title":{"rendered":"Carnitine Liquid"},"content":{"rendered":"<p style=\"text-align: left;\" align=\"center\"><strong><span lang=\"en-US\">Carnitine Liquid<\/span><\/strong><\/p>\n<p><span lang=\"en-US\">Utforsk den grunnleggende rollen til L-karnitin, et aminosyrederivat som er involvert i fettmetabolismen og transporten av fettsyrer inn i mitokondriene, hvor de brukes som energikilde for kroppen. L-karnitin er tilgjengelig b\u00e5de gjennom kosttilskudd, som r\u00f8dt kj\u00f8tt, fisk og meieriprodukter, og gjennom kosttilskudd, som er mye brukt for \u00e5 forbedre idrettsprestasjoner, fremme vekttap og \u00f8ke kognitiv funksjon.<\/span><\/p>\n<p><span lang=\"en-US\">Fordeler med flytende L-karnitin:<\/span><\/p>\n<ul>\n<li><strong><span lang=\"en-US\">Rask absorpsjon<\/span><\/strong><span lang=\"en-US\"><strong>:<\/strong> Den flytende formen av L-karnitin gir raskere opptak i kroppen, slik at fordelene kan manifestere seg raskere sammenlignet med andre former for kosttilskudd.<\/span><\/li>\n<li><strong><span lang=\"en-US\">St\u00f8rre biotilgjengelighet:<\/span><\/strong><span lang=\"en-US\"> Flytende L-karnitin kan gi st\u00f8rre biotilgjengelighet sammenlignet med kapsler eller tabletter, noe som sikrer at en st\u00f8rre mengde av forbindelsen n\u00e5r sirkulasjonssystemet for \u00e5 bli utnyttet av kroppen.<\/span><\/li>\n<li><strong><span lang=\"en-US\">Fleksibel dosering:<\/span><\/strong><span lang=\"en-US\"> Med flytende L-karnitin er det lettere \u00e5 justere doseringen basert p\u00e5 individuelle behov, noe som gir st\u00f8rre kontroll over det daglige inntaket av stoffet.<\/span><\/li>\n<li><strong><span lang=\"en-US\">Bekvemmelighet:<\/span><\/strong><span lang=\"en-US\"> Flytende L-karnitin kan enkelt blandes med drikkevarer eller tilsettes i smoothies, noe som gj\u00f8r integreringen i den daglige rutinen mer praktisk og behagelig.<\/span><\/li>\n<li><strong><span lang=\"en-US\">Allsidighet:<\/span><\/strong><span lang=\"en-US\"> Takket v\u00e6re sin flytende form kan L-karnitin enkelt blandes med andre kosttilskudd eller drikkevarer for \u00e5 oppn\u00e5 en komplett og personlig tilpasset ern\u00e6ringsprofil.<\/span><\/li>\n<\/ul>\n<p>&nbsp;<\/p>\n<p><span lang=\"en-US\">Med flytende L-karnitin kan du raskt, effektivt og enkelt oppleve alle fordelene med denne viktige aminosyren, noe som st\u00f8tter din generelle helse og fysiske og mentale velv\u00e6re.<\/span><\/p>\n<p><strong><span lang=\"en-US\">Anbefalt bruk<\/span><\/strong><\/p>\n<p><span lang=\"en-US\">1 dose i l\u00f8pet av dagen eller 30-45 minutter f\u00f8r trening.<\/span><\/p>\n<p><strong>Merknad:<\/strong><\/p>\n<ul>\n<li>Kun for voksne og erstatter ikke et variert og balansert kosthold og en sunn livsstil.<\/li>\n<li>Ikke overskrid den anbefalte dosen.<\/li>\n<li>Ikke bruk det under amming, graviditetsperioder uten \u00e5 konsultere legen.<\/li>\n<li>Oppbevar produktet p\u00e5 et kj\u00f8lig, t\u00f8rt sted i en godt forseglet emballasje utilgjengelig for barn under 3 \u00e5r.<\/li>\n<li>Kan inneholde spor av melk, havre, egg og soya.<\/li>\n<li>Laktosefri og Glutenfri.<\/li>\n<\/ul>","protected":false},"excerpt":{"rendered":"<details>\n<summary>Ingredienser<\/summary>\n<table style=\"text-align: center;\">\n<tbody>\n<tr>\n<th>Ingredienser<\/th>\n<th>per 100 ml<\/th>\n<th>per porsjon 10 ml<\/th>\n<\/tr>\n<tr>\n<td>L-Carnitine<\/td>\n<td>10 000 mg<\/td>\n<td>1000 mg<\/td>\n<\/tr>\n<tr>\n<td colspan=\"3\"><strong>Andre ingredienser: <\/strong>vann, surhetsregulerende middel (E330), konserveringsmidler (E211, E202), aromaer, s\u00f8tningsmiddel (E955)<\/td>\n<\/tr>\n<\/tbody>\n<\/table>\n<\/details>\n<p>&nbsp;<\/p>","protected":false},"featured_media":390,"template":"","meta":[],"product_cat":[155,309],"product_tag":[163,319],"class_list":{"0":"post-389","1":"product","2":"type-product","3":"status-publish","4":"has-post-thumbnail","6":"product_cat-weight-control-metabolism","7":"product_cat-weight-management-and-definition","8":"product_tag-weight-control-metabolism","9":"product_tag-weight-management-and-definition","11":"first","12":"instock","13":"taxable","14":"shipping-taxable","15":"purchasable","16":"product-type-simple"},"aioseo_notices":[],"_links":{"self":[{"href":"https:\/\/www.selfprotein.com\/nb\/wp-json\/wp\/v2\/product\/389"}],"collection":[{"href":"https:\/\/www.selfprotein.com\/nb\/wp-json\/wp\/v2\/product"}],"about":[{"href":"https:\/\/www.selfprotein.com\/nb\/wp-json\/wp\/v2\/types\/product"}],"wp:featuredmedia":[{"embeddable":true,"href":"https:\/\/www.selfprotein.com\/nb\/wp-json\/wp\/v2\/media\/390"}],"wp:attachment":[{"href":"https:\/\/www.selfprotein.com\/nb\/wp-json\/wp\/v2\/media?parent=389"}],"wp:term":[{"taxonomy":"product_cat","embeddable":true,"href":"https:\/\/www.selfprotein.com\/nb\/wp-json\/wp\/v2\/product_cat?post=389"},{"taxonomy":"product_tag","embeddable":true,"href":"https:\/\/www.selfprotein.com\/nb\/wp-json\/wp\/v2\/product_tag?post=389"}],"curies":[{"name":"wp","href":"https:\/\/api.w.org\/{rel}","templated":true}]}}