{"id":402,"date":"2023-11-27T13:04:34","date_gmt":"2023-11-27T12:04:34","guid":{"rendered":"https:\/\/34.88.231.180\/product\/cassien-slow-release\/"},"modified":"2026-04-01T00:00:10","modified_gmt":"2026-03-31T22:00:10","slug":"casein-slow-release","status":"publish","type":"product","link":"https:\/\/www.selfprotein.com\/nb\/produkt\/casein-slow-release\/","title":{"rendered":"Casein Slow Release"},"content":{"rendered":"<p><strong>Casein Slow Release<\/strong><\/p>\n<p><strong>Proteinet som virker mens du sover.<\/strong><\/p>\n<p>Micell\u00e6rt kasein er et komplett melkeprotein som skiller seg ut med sin gradvise frigj\u00f8ring av aminosyrer. Takket v\u00e6re sin spesielle struktur danner det en gel i magen, noe som bremser ford\u00f8yelsen og garanterer en konstant tilf\u00f8rsel av n\u00e6ringsstoffer over tid. Det er den ideelle allierte for de som \u00f8nsker \u00e5 optimalisere muskelrestitusjon og opprettholde muskelmasse under lange fasteperioder, som for eksempel s\u00f8vn.<\/p>\n<p><strong>Hvorfor du vil like den:<\/strong><\/p>\n<ul>\n<li><strong>Langvarig frigj\u00f8ring av n\u00e6ringsstoffer<\/strong>: sikrer en konstant tilf\u00f8rsel av aminosyrer, noe som optimaliserer muskelrestitusjon og vekst p\u00e5 lang sikt.<\/li>\n<li><strong>Komplett protein<\/strong>: inneholder alle de essensielle aminosyrene for \u00e5 opprettholde muskelmassen.<\/li>\n<li><strong>Perfekt for kvelden<\/strong>: ideelt f\u00f8r du sover eller mellom hovedm\u00e5ltidene for \u00e5 opprettholde en konstant proteinbalanse gjennom dagen.<\/li>\n<li><strong>Kilde til naturlig kalsium<\/strong>: nyttig for beinhelse og muskelfunksjon.<\/li>\n<li><strong>Forlenger metthetsf\u00f8lelsen<\/strong>: langsom ford\u00f8yelse bidrar til \u00e5 opprettholde en metthetsf\u00f8lelse, perfekt for de som pr\u00f8ver \u00e5 definere eller kontrollere vekten sin.<\/li>\n<\/ul>\n<p>&nbsp;<\/p>\n<p><strong>Anbefalt dose<\/strong><\/p>\n<p>Bland <strong>30 g<\/strong> (ca. 1 skje) med <strong>300 ml vann<\/strong> i en shaker.<\/p>\n<p>Perfekt for restitusjon om natten, for \u00e5 holde musklene i gang mens du hviler.<\/p>\n<p><strong>Merknad<\/strong><\/p>\n<ul>\n<li>Kun for voksne.<\/li>\n<li>Ikke en erstatning for et variert og balansert kosthold og en sunn livsstil.<\/li>\n<li>Ikke overskrid den anbefalte dosen.<\/li>\n<li>R\u00e5df\u00f8r deg med legen din under graviditet eller amming.<\/li>\n<li>Oppbevares p\u00e5 et kj\u00f8lig, t\u00f8rt sted, borte fra direkte lys.<\/li>\n<li>Kan inneholde spor av havre, egg og soya.<\/li>\n<li><strong>Glutenfri<\/strong>.<\/li>\n<\/ul>\n<p>&nbsp;<\/p>\n<p><strong>Perfekt for: De som \u00f8nsker et konstant proteininntak i l\u00f8pet av natten eller under lengre fasteperioder.<\/strong><\/p>","protected":false},"excerpt":{"rendered":"<p>Kasein Slow Release Proteinet som virker mens du sover. Micell\u00e6rt kasein er et komplett melkeprotein som skiller seg ut med sin gradvise frigj\u00f8ring av aminosyrer. Takket v\u00e6re sin spesielle struktur danner det en gel i magen, noe som bremser ford\u00f8yelsen og garanterer en konstant tilf\u00f8rsel av n\u00e6ringsstoffer over tid. Det er det ideelle [...]<\/p>","protected":false},"featured_media":404,"template":"","meta":[],"product_cat":[158,311],"product_tag":[18,317],"class_list":{"0":"post-402","1":"product","2":"type-product","3":"status-publish","4":"has-post-thumbnail","6":"product_cat-proteins","7":"product_cat-recovery-and-regeneration","8":"product_tag-proteins","9":"product_tag-recovery-and-regeneration","11":"first","12":"instock","13":"taxable","14":"shipping-taxable","15":"purchasable","16":"product-type-variable"},"aioseo_notices":[],"_links":{"self":[{"href":"https:\/\/www.selfprotein.com\/nb\/wp-json\/wp\/v2\/product\/402"}],"collection":[{"href":"https:\/\/www.selfprotein.com\/nb\/wp-json\/wp\/v2\/product"}],"about":[{"href":"https:\/\/www.selfprotein.com\/nb\/wp-json\/wp\/v2\/types\/product"}],"wp:featuredmedia":[{"embeddable":true,"href":"https:\/\/www.selfprotein.com\/nb\/wp-json\/wp\/v2\/media\/404"}],"wp:attachment":[{"href":"https:\/\/www.selfprotein.com\/nb\/wp-json\/wp\/v2\/media?parent=402"}],"wp:term":[{"taxonomy":"product_cat","embeddable":true,"href":"https:\/\/www.selfprotein.com\/nb\/wp-json\/wp\/v2\/product_cat?post=402"},{"taxonomy":"product_tag","embeddable":true,"href":"https:\/\/www.selfprotein.com\/nb\/wp-json\/wp\/v2\/product_tag?post=402"}],"curies":[{"name":"wp","href":"https:\/\/api.w.org\/{rel}","templated":true}]}}