{"id":408,"date":"2023-11-27T13:04:46","date_gmt":"2023-11-27T12:04:46","guid":{"rendered":"https:\/\/34.88.231.180\/product\/cdz-vitamin-c-d-and-zinc\/"},"modified":"2026-04-01T00:00:09","modified_gmt":"2026-03-31T22:00:09","slug":"cdz-vitamin-c-d-zinc","status":"publish","type":"product","link":"https:\/\/www.selfprotein.com\/nb\/produkt\/cdz-vitamin-c-d-zinc\/","title":{"rendered":"CDZ \u2013 Vitamin C-D-Zinc"},"content":{"rendered":"<p style=\"text-align: left\" align=\"center\"><strong><span lang=\"en-US\">CDZ Vitamin C, D og sink<\/span><\/strong><\/p>\n<p><span lang=\"en-US\">Vitamin C, vitamin D og sink er viktige n\u00e6ringsstoffer for \u00e5 fremme helse og velv\u00e6re i menneskekroppen. Hvert av disse n\u00e6ringsstoffene spiller en grunnleggende rolle i ulike kroppsfunksjoner, og bidrar til beinhelse, immunsystemets funksjon og antioksidantbeskyttelse. Selv om hvert n\u00e6ringsstoff har sine spesifikke funksjoner i kroppen, virker de synergistisk sammen for \u00e5 optimalisere den generelle helsen og velv\u00e6ret.<\/span><\/p>\n<p><span lang=\"en-US\">Produktfordeler:<\/span><\/p>\n<ul>\n<li><strong><span lang=\"en-US\">Vitamin C (askorbinsyre):<\/span><\/strong><\/li>\n<\/ul>\n<p><span lang=\"en-US\">- Fremmer kollagenproduksjonen, noe som er viktig for hudens og leddenes helse.<\/span><br \/>\n<span lang=\"en-US\">- St\u00f8tter immunforsvarets funksjon og bidrar til \u00e5 bekjempe infeksjoner og sesongbetingede sykdommer.<\/span><br \/>\n<span lang=\"en-US\">- Gir antioksidantbeskyttelse og bidrar til \u00e5 bekjempe skader for\u00e5rsaket av frie radikaler i kroppen.<\/span><\/p>\n<ul>\n<li><strong><span lang=\"en-US\">Vitamin D (\"solskinnsvitamin\"):<\/span><\/strong><\/li>\n<\/ul>\n<p><span lang=\"en-US\">- Essensielt for beinhelsen, og bidrar til kalsiumopptaket i kroppen.<\/span><br \/>\n<span lang=\"en-US\">- Bidrar til \u00e5 opprettholde immunforsvarets helse, forebygger infeksjoner og fremmer immunresponsen.<\/span><br \/>\n<span lang=\"en-US\">- Kan spille en rolle i hum\u00f8rregulering og forebygging av depresjon.<\/span><\/p>\n<ul>\n<li><strong><span lang=\"en-US\">Zinc<\/span><span lang=\"en-US\">:<\/span><\/strong><\/li>\n<\/ul>\n<p><span lang=\"en-US\">- St\u00f8tter immunforsvarets funksjon, og hjelper kroppens forsvar mot infeksjoner og sykdommer.<\/span><br \/>\n<span lang=\"en-US\">- Fremmer s\u00e5rheling, og hjelper kroppen med \u00e5 reparere og regenerere skadet vev.<\/span><br \/>\n<span lang=\"en-US\">- Essensielt for vekst og celledeling, og bidrar til riktig utvikling og vedlikehold av kroppens vev.<\/span><\/p>\n<p><span lang=\"en-US\">Et balansert kosthold er avgj\u00f8rende for \u00e5 sikre et tilstrekkelig inntak av vitamin C, vitamin D og sink for \u00e5 st\u00f8tte den generelle helsen og forebygge mangler som kan f\u00f8re til helseproblemer. Tilskudd av disse n\u00e6ringsstoffene kan vurderes om n\u00f8dvendig for \u00e5 sikre et tilstrekkelig inntak.<\/span><\/p>\n<p><strong><span lang=\"en-US\">Anbefalt bruk<\/span><\/strong><\/p>\n<p><span lang=\"en-US\">\u00c9n dose (20 ml) per dag.<\/span><\/p>\n<p><strong>Merknad:<\/strong><\/p>\n<ul>\n<li>Kun for voksne og erstatter ikke et variert og balansert kosthold og en sunn livsstil.<\/li>\n<li>Ikke overskrid den anbefalte dosen.<\/li>\n<li>Ikke bruk det under amming, graviditetsperioder uten \u00e5 konsultere legen.<\/li>\n<li>Oppbevar produktet p\u00e5 et kj\u00f8lig, t\u00f8rt sted i en godt forseglet emballasje utilgjengelig for barn under 3 \u00e5r.<\/li>\n<li>Kan inneholde spor av havre, melk, egg og soya.<\/li>\n<li>Laktosefri og Glutenfri.<\/li>\n<\/ul>","protected":false},"excerpt":{"rendered":"<details>\n<summary>Ingredienser<\/summary>\n<table style=\"text-align: center\">\n<tbody>\n<tr>\n<th>Ingredienser<\/th>\n<th>100 ml<\/th>\n<th>per porsjon<br \/>\n20 ml<\/th>\n<th>%NRV*<br \/>\nper porsjon<\/th>\n<\/tr>\n<tr>\n<td>Vitamin C<\/td>\n<td>25000 mg<\/td>\n<td>1000 mg<\/td>\n<td>1250<\/td>\n<\/tr>\n<tr>\n<td>Vitamin D<\/td>\n<td>1250 \u03bcg<\/td>\n<td>50 \u03bcg (2000ie)<\/td>\n<td>1000<\/td>\n<\/tr>\n<tr>\n<td>Zinc<\/td>\n<td>250 mg<\/td>\n<td>10 mg<\/td>\n<td>100<\/td>\n<\/tr>\n<tr>\n<td colspan=\"4\"><strong>Andre ingredienser: <\/strong>vann, kalsiumaskorbat, L-askorbinsyre, sink (sitrat), d-vitamin (kolekalsiferol), konserveringsmidler (E211, E202), aromaer, s\u00f8tningsmiddel (E995)<\/td>\n<\/tr>\n<tr>\n<td colspan=\"4\"><strong>*%NRV <\/strong>n\u00e6ringsmessig referanseverdi<\/td>\n<\/tr>\n<\/tbody>\n<\/table>\n<\/details>\n<p>&nbsp;<\/p>","protected":false},"featured_media":409,"template":"","meta":[],"product_cat":[214],"product_tag":[258],"class_list":{"0":"post-408","1":"product","2":"type-product","3":"status-publish","4":"has-post-thumbnail","6":"product_cat-vitamins-wellness","7":"product_tag-vitamins-wellness","9":"first","10":"instock","11":"taxable","12":"shipping-taxable","13":"purchasable","14":"product-type-simple"},"aioseo_notices":[],"_links":{"self":[{"href":"https:\/\/www.selfprotein.com\/nb\/wp-json\/wp\/v2\/product\/408"}],"collection":[{"href":"https:\/\/www.selfprotein.com\/nb\/wp-json\/wp\/v2\/product"}],"about":[{"href":"https:\/\/www.selfprotein.com\/nb\/wp-json\/wp\/v2\/types\/product"}],"wp:featuredmedia":[{"embeddable":true,"href":"https:\/\/www.selfprotein.com\/nb\/wp-json\/wp\/v2\/media\/409"}],"wp:attachment":[{"href":"https:\/\/www.selfprotein.com\/nb\/wp-json\/wp\/v2\/media?parent=408"}],"wp:term":[{"taxonomy":"product_cat","embeddable":true,"href":"https:\/\/www.selfprotein.com\/nb\/wp-json\/wp\/v2\/product_cat?post=408"},{"taxonomy":"product_tag","embeddable":true,"href":"https:\/\/www.selfprotein.com\/nb\/wp-json\/wp\/v2\/product_tag?post=408"}],"curies":[{"name":"wp","href":"https:\/\/api.w.org\/{rel}","templated":true}]}}