{"id":414,"date":"2023-11-27T13:04:54","date_gmt":"2023-11-27T12:04:54","guid":{"rendered":"https:\/\/34.88.231.180\/product\/citrulline-malate\/"},"modified":"2026-04-09T11:52:46","modified_gmt":"2026-04-09T09:52:46","slug":"citrulline-malate","status":"publish","type":"product","link":"https:\/\/www.selfprotein.com\/nb\/produkt\/citrulline-malate\/","title":{"rendered":"Citrulline Malate"},"content":{"rendered":"<p style=\"text-align: left;\" align=\"center\"><strong><span lang=\"en-US\">Citrulline Malate<\/span><\/strong><\/p>\n<p><span lang=\"en-US\">Citrullinmalat er en kombinasjon av aminosyren citrullin og organisk eplesyresalt. Dette kosttilskuddet er mye brukt for \u00e5 optimalisere fysisk ytelse og lindre muskeltretthet, spesielt under h\u00f8yintensive \u00f8velser. Pulverformuleringen gj\u00f8r det enkelt \u00e5 dosere og absorberes raskt i kroppen.<\/span><\/p>\n<p><span lang=\"en-US\">Fordelene med Citrulline Malate:<\/span><\/p>\n<ul>\n<li><strong><span lang=\"en-US\">Bekvemmelighet for forbruk<\/span><\/strong><span lang=\"en-US\"><strong>:<\/strong> Pulverformen av citrullinmalat gj\u00f8r det sv\u00e6rt praktisk \u00e5 ta tilskudd av produktet, slik at det raskt kan blandes i drikke, noe som gj\u00f8r det enklere \u00e5 innta det i l\u00f8pet av dagen eller f\u00f8r fysisk aktivitet.<\/span><\/li>\n<li><strong><span lang=\"en-US\">Forbedring av fysisk ytelse:<\/span><\/strong><span lang=\"en-US\"> Inntak av sitrullinmalatpulver kan bidra til \u00f8kt ytelse under intens fysisk aktivitet, takket v\u00e6re den p\u00e5st\u00e5tte effekten p\u00e5 blodgjennomstr\u00f8mningen og produksjonen av nitrogenoksid, som kan \u00f8ke muskelutholdenheten og -styrken.<\/span><\/li>\n<li><strong><span lang=\"en-US\">Reduksjon av muskeltretthet:<\/span><\/strong><span lang=\"en-US\"> Personer som inntar sitrullinmalatpulver kan oppleve en reduksjon i muskeltretthet under og etter trening, noe som gir raskere restitusjon og st\u00f8rre evne til \u00e5 holde ut intense trenings\u00f8kter.<\/span><\/li>\n<li><strong><span lang=\"en-US\">Rask absorpsjon:<\/span><\/strong><span lang=\"en-US\"> Pulverformen muliggj\u00f8r rask absorpsjon av citrullinmalat i kroppen, noe som gir en raskere virkning av de gunstige effektene p\u00e5 blodstr\u00f8m og sirkulasjon.<\/span><\/li>\n<li><strong><span lang=\"en-US\">Tilpasningsevne til personlig bruk<\/span><\/strong><span lang=\"en-US\"><strong>:<\/strong> Muligheten til \u00e5 justere dosen av citrullinmalatpulver gj\u00f8r det mulig for enkeltpersoner \u00e5 skreddersy inntaket til deres spesifikke behov, noe som gir mer presis kontroll over \u00f8nskede effekter.<\/span><\/li>\n<\/ul>\n<p>&nbsp;<\/p>\n<p><strong><span lang=\"en-US\">Anbefalt bruk<\/span><\/strong><\/p>\n<p><span lang=\"en-US\">Ta 1 porsjon ca. 30-45 minutter f\u00f8r trening.<\/span><\/p>\n<p><strong>Merknad:<\/strong><\/p>\n<ul>\n<li>Kun for voksne og erstatter ikke et variert og balansert kosthold og en sunn livsstil.<\/li>\n<li>Ikke overskrid den anbefalte dosen.<\/li>\n<li>Ikke bruk det under amming, graviditetsperioder uten \u00e5 konsultere legen.<\/li>\n<li>Oppbevar produktet p\u00e5 et kj\u00f8lig, t\u00f8rt sted i en godt forseglet emballasje utilgjengelig for barn under 3 \u00e5r.<\/li>\n<li>Kan inneholde spor av melk, havre, egg og soya.<\/li>\n<li>Laktosefri og Glutenfri.<\/li>\n<\/ul>","protected":false},"excerpt":{"rendered":"<details>\n<summary>Ingredienser<\/summary>\n<table style=\"text-align: center;\">\n<tbody>\n<tr>\n<th>Ingredienser<\/th>\n<th>per porsjon<\/th>\n<\/tr>\n<tr>\n<td>Citrulline Malate<\/td>\n<td>3g<\/td>\n<\/tr>\n<tr>\n<td colspan=\"2\"><strong>Andre ingredienser: <\/strong>stabilisator (E953), antiklumpningsmiddel (E551), antioksidant (E341), emulgator (E470b)<\/td>\n<\/tr>\n<\/tbody>\n<\/table>\n<\/details>\n<p>&nbsp;<\/p>","protected":false},"featured_media":416,"template":"","meta":[],"product_cat":[310,217],"product_tag":[315,230],"class_list":{"0":"post-414","1":"product","2":"type-product","3":"status-publish","4":"has-post-thumbnail","6":"product_cat-performance-and-endurance","7":"product_cat-pre-workout-energy","8":"product_tag-performance-and-endurance","9":"product_tag-pre-workout-energy","11":"first","12":"instock","13":"sale","14":"taxable","15":"shipping-taxable","16":"purchasable","17":"product-type-simple"},"aioseo_notices":[],"_links":{"self":[{"href":"https:\/\/www.selfprotein.com\/nb\/wp-json\/wp\/v2\/product\/414"}],"collection":[{"href":"https:\/\/www.selfprotein.com\/nb\/wp-json\/wp\/v2\/product"}],"about":[{"href":"https:\/\/www.selfprotein.com\/nb\/wp-json\/wp\/v2\/types\/product"}],"wp:featuredmedia":[{"embeddable":true,"href":"https:\/\/www.selfprotein.com\/nb\/wp-json\/wp\/v2\/media\/416"}],"wp:attachment":[{"href":"https:\/\/www.selfprotein.com\/nb\/wp-json\/wp\/v2\/media?parent=414"}],"wp:term":[{"taxonomy":"product_cat","embeddable":true,"href":"https:\/\/www.selfprotein.com\/nb\/wp-json\/wp\/v2\/product_cat?post=414"},{"taxonomy":"product_tag","embeddable":true,"href":"https:\/\/www.selfprotein.com\/nb\/wp-json\/wp\/v2\/product_tag?post=414"}],"curies":[{"name":"wp","href":"https:\/\/api.w.org\/{rel}","templated":true}]}}