{"id":419,"date":"2023-11-27T13:05:14","date_gmt":"2023-11-27T12:05:14","guid":{"rendered":"https:\/\/34.88.231.180\/product\/cla\/"},"modified":"2026-05-01T00:23:42","modified_gmt":"2026-04-30T22:23:42","slug":"cla","status":"publish","type":"product","link":"https:\/\/www.selfprotein.com\/nb\/produkt\/cla\/","title":{"rendered":"CLA Conjugated Linoleic Acid"},"content":{"rendered":"<p style=\"text-align: left;\" align=\"center\"><strong><span lang=\"en-US\">CLA<\/span><\/strong><\/p>\n<p><span lang=\"en-US\">Konjugert linolsyre (CLA) er et flerumettet fett som har vekket interesse som kosttilskudd for vekttap, men som ogs\u00e5 kan ha potensielle fordeler for idrettsut\u00f8vere.<\/span><\/p>\n<p><span lang=\"en-US\">\u00c5 innlemme CLA som en del av en omfattende ern\u00e6ringsstrategi kan gi idrettsut\u00f8vere en ekstra fordel n\u00e5r det gjelder \u00e5 oppn\u00e5 sine prestasjonsm\u00e5l og generelle trivselsm\u00e5l. Det er imidlertid viktig \u00e5 r\u00e5df\u00f8re seg med helsepersonell f\u00f8r man integrerer et nytt kosttilskudd i kostholdet.<\/span><\/p>\n<p><span lang=\"en-US\">Her er noen av fordelene CLA kan tilby for idrettsprestasjoner:<\/span><\/p>\n<ul>\n<li><strong><span lang=\"en-US\">Reduksjon av kroppsfett:<\/span><\/strong><span lang=\"en-US\"> CLA kan bidra til \u00e5 redusere kroppsfett, noe som er spesielt fordelaktig for idrettsut\u00f8vere som trenger \u00e5 opprettholde en slank kroppssammensetning for \u00e5 optimalisere idrettsprestasjonene sine.<\/span><\/li>\n<li><strong><span lang=\"en-US\">St\u00f8tte til muskelvekst:<\/span><\/strong><span lang=\"en-US\"> CLA kan fremme muskelvekst, noe som er avgj\u00f8rende for idrettsut\u00f8vere som \u00f8nsker \u00e5 forbedre styrke, utholdenhet og kraft.<\/span><\/li>\n<li><strong><span lang=\"en-US\">Forbedring av immunforsvaret:<\/span><\/strong><span lang=\"en-US\"> CLA kan forbedre immunforsvaret og gi idrettsut\u00f8vere bedre beskyttelse mot infeksjoner, spesielt med tanke p\u00e5 risikoen forbundet med h\u00f8y fysisk aktivitet.<\/span><\/li>\n<li><strong><span lang=\"en-US\">Reduksjon av betennelse:<\/span><\/strong><span lang=\"en-US\"> Takket v\u00e6re sine betennelsesdempende egenskaper kan CLA bidra til \u00e5 redusere betennelse og muskels\u00e5rhet for\u00e5rsaket av intens fysisk trening, slik at idrettsut\u00f8vere kan restituere seg raskere og opprettholde h\u00f8y ytelse p\u00e5 lang sikt.<\/span><\/li>\n<\/ul>\n<p>&nbsp;<\/p>\n<p><strong><span lang=\"en-US\">Anbefalt bruk<\/span><\/strong><\/p>\n<p><span lang=\"en-US\">Ta 3 kapsler i l\u00f8pet av dagen<\/span><\/p>\n<p><strong>Merknad:<\/strong><\/p>\n<ul>\n<li>Kun for voksne og erstatter ikke et variert og balansert kosthold og en sunn livsstil.<\/li>\n<li>Ikke overskrid den anbefalte dosen.<\/li>\n<li>Ikke bruk det under amming, graviditetsperioder uten \u00e5 konsultere legen.<\/li>\n<li>Oppbevar produktet p\u00e5 et kj\u00f8lig, t\u00f8rt sted i en godt forseglet emballasje utilgjengelig for barn under 3 \u00e5r.<\/li>\n<li>Kan inneholde spor av melk, havre, egg og soya.<\/li>\n<li>Laktosefri og Glutenfri.<\/li>\n<\/ul>","protected":false},"excerpt":{"rendered":"<details>\n<summary>Ingredienser<\/summary>\n<table style=\"text-align: center;\">\n<tbody>\n<tr>\n<th>Ingredienser<\/th>\n<th>per 3 kapsler<\/th>\n<\/tr>\n<tr>\n<td>CLA - konjugert linolsyre<\/td>\n<td>3000 mg<\/td>\n<\/tr>\n<tr>\n<td>(olje av saflorfr\u00f8)<\/td>\n<td><\/td>\n<\/tr>\n<tr>\n<td colspan=\"2\"><strong>Andre ingredienser: <\/strong>softgelkapsel (gelatin fra storfe), glyserin, renset vann<\/td>\n<\/tr>\n<\/tbody>\n<\/table>\n<\/details>\n<p>&nbsp;<\/p>","protected":false},"featured_media":7141,"template":"","meta":[],"product_cat":[155,309],"product_tag":[163,319],"class_list":{"0":"post-419","1":"product","2":"type-product","3":"status-publish","4":"has-post-thumbnail","6":"product_cat-weight-control-metabolism","7":"product_cat-weight-management-and-definition","8":"product_tag-weight-control-metabolism","9":"product_tag-weight-management-and-definition","11":"first","12":"instock","13":"taxable","14":"shipping-taxable","15":"purchasable","16":"product-type-simple"},"aioseo_notices":[],"_links":{"self":[{"href":"https:\/\/www.selfprotein.com\/nb\/wp-json\/wp\/v2\/product\/419"}],"collection":[{"href":"https:\/\/www.selfprotein.com\/nb\/wp-json\/wp\/v2\/product"}],"about":[{"href":"https:\/\/www.selfprotein.com\/nb\/wp-json\/wp\/v2\/types\/product"}],"wp:featuredmedia":[{"embeddable":true,"href":"https:\/\/www.selfprotein.com\/nb\/wp-json\/wp\/v2\/media\/7141"}],"wp:attachment":[{"href":"https:\/\/www.selfprotein.com\/nb\/wp-json\/wp\/v2\/media?parent=419"}],"wp:term":[{"taxonomy":"product_cat","embeddable":true,"href":"https:\/\/www.selfprotein.com\/nb\/wp-json\/wp\/v2\/product_cat?post=419"},{"taxonomy":"product_tag","embeddable":true,"href":"https:\/\/www.selfprotein.com\/nb\/wp-json\/wp\/v2\/product_tag?post=419"}],"curies":[{"name":"wp","href":"https:\/\/api.w.org\/{rel}","templated":true}]}}