{"id":422,"date":"2023-11-27T13:05:19","date_gmt":"2023-11-27T12:05:19","guid":{"rendered":"https:\/\/34.88.231.180\/product\/clear-way-isolate\/"},"modified":"2026-04-01T00:00:14","modified_gmt":"2026-03-31T22:00:14","slug":"clear-way-isolate","status":"publish","type":"product","link":"https:\/\/www.selfprotein.com\/nb\/produkt\/clear-way-isolate\/","title":{"rendered":"Clear Whey Isolate"},"content":{"rendered":"<p><strong>Clear Whey Isolate<\/strong><\/p>\n<p><strong>Den nye generasjonen protein: lett, forfriskende og effektiv.<\/strong><\/p>\n<p>Clear Whey Isolate er en innovativ l\u00f8sning for deg som \u00f8nsker et alternativ til tradisjonelle melkeholdige proteinshakes. Takket v\u00e6re en avansert filtreringsprosess beholder den alle de ern\u00e6ringsmessige kvalitetene til myseproteinisolat, men uten laktose, fett og karbohydrater, for en frisk og lett smak som vil overraske deg.<\/p>\n<p><strong>Hvorfor du vil like den<\/strong><\/p>\n<ul>\n<li><strong>Komplett protein av h\u00f8y kvalitet<\/strong>: Hver porsjon gir 20-25 g protein, noe som er viktig for muskelvekst og restitusjon.<\/li>\n<li><strong>Superrask absorpsjon<\/strong>: perfekt etter trening, for \u00e5 gi musklene n\u00e6ring n\u00e5r de trenger det som mest.<\/li>\n<li><strong>Ideell for spesifikke dietter<\/strong>: laktosefri, lav p\u00e5 sukker og fett, egnet for de med intoleranser eller som f\u00f8lger kontrollerte dietter.<\/li>\n<li><strong>Frisk og t\u00f8rsteslukkende smak<\/strong>: fruktige smaker og en klar konsistens som f\u00e5r deg til \u00e5 glemme tradisjonelle kremete smoothies.<\/li>\n<li><strong>Allsidig<\/strong>: En praktisk og hyggelig m\u00e5te \u00e5 tilf\u00f8re protein til rutinen din p\u00e5, uansett n\u00e5r p\u00e5 dagen.<\/li>\n<\/ul>\n<p><\/p>\n<p>\n<strong>Anbefalt dose<\/strong><\/p>\n<p>Oppl\u00f8s <strong>25 g<\/strong> (ca. 1 skje) Clear Whey Isolate i <strong>300 ml kaldt vann<\/strong>. Rist godt til den er helt oppl\u00f8st.<\/p>\n<p>En eksplosjon av friskhet som gir n\u00e6ring til musklene uten \u00e5 tynge deg ned.<\/p>\n<p><strong>Merknad<\/strong><\/p>\n<ul>\n<li>Kun for voksne.<\/li>\n<li>Ikke en erstatning for et variert og balansert kosthold og en sunn livsstil.<\/li>\n<li>Ikke overskrid den anbefalte dosen.<\/li>\n<li>R\u00e5df\u00f8r deg med legen din under graviditet eller amming.<\/li>\n<li>Oppbevares p\u00e5 et kj\u00f8lig, t\u00f8rt sted, borte fra direkte lys.<\/li>\n<li>Kan inneholde spor av melk, havre, egg og soya.<\/li>\n<li><strong>Laktosefri<\/strong> og <strong>glutenfri<\/strong>.<\/li>\n<\/ul>\n<p><\/p>\n<p><strong>Perfekt for: De som er ute etter et lett, forfriskende og kvalitetsrikt alternativ for restitusjon etter trening.<\/strong><\/p>","protected":false},"excerpt":{"rendered":"<p>Clear Whey Isolate Den nye generasjonen protein: lett, forfriskende og effektiv. Clear Whey Isolate er en innovativ l\u00f8sning for deg som \u00f8nsker et alternativ til tradisjonelle melkeholdige proteinshakes. Takket v\u00e6re en avansert filtreringsprosess beholder det all den ern\u00e6ringsmessige kvaliteten til myseproteinisolat, men uten laktose, fett og karbohydrater, for en frisk [...].<\/p>","protected":false},"featured_media":424,"template":"","meta":[],"product_cat":[158,308],"product_tag":[18,318],"class_list":{"0":"post-422","1":"product","2":"type-product","3":"status-publish","4":"has-post-thumbnail","6":"product_cat-proteins","7":"product_cat-strength-and-muscle-mass","8":"product_tag-proteins","9":"product_tag-strength-and-muscle-mass","11":"first","12":"outofstock","13":"taxable","14":"shipping-taxable","15":"purchasable","16":"product-type-variable"},"aioseo_notices":[],"_links":{"self":[{"href":"https:\/\/www.selfprotein.com\/nb\/wp-json\/wp\/v2\/product\/422"}],"collection":[{"href":"https:\/\/www.selfprotein.com\/nb\/wp-json\/wp\/v2\/product"}],"about":[{"href":"https:\/\/www.selfprotein.com\/nb\/wp-json\/wp\/v2\/types\/product"}],"wp:featuredmedia":[{"embeddable":true,"href":"https:\/\/www.selfprotein.com\/nb\/wp-json\/wp\/v2\/media\/424"}],"wp:attachment":[{"href":"https:\/\/www.selfprotein.com\/nb\/wp-json\/wp\/v2\/media?parent=422"}],"wp:term":[{"taxonomy":"product_cat","embeddable":true,"href":"https:\/\/www.selfprotein.com\/nb\/wp-json\/wp\/v2\/product_cat?post=422"},{"taxonomy":"product_tag","embeddable":true,"href":"https:\/\/www.selfprotein.com\/nb\/wp-json\/wp\/v2\/product_tag?post=422"}],"curies":[{"name":"wp","href":"https:\/\/api.w.org\/{rel}","templated":true}]}}