{"id":430,"date":"2023-11-27T13:05:33","date_gmt":"2023-11-27T12:05:33","guid":{"rendered":"https:\/\/34.88.231.180\/product\/collagen-powder\/"},"modified":"2026-04-01T00:00:14","modified_gmt":"2026-03-31T22:00:14","slug":"collagen-powder","status":"publish","type":"product","link":"https:\/\/www.selfprotein.com\/nb\/produkt\/collagen-powder\/","title":{"rendered":"Collagen Powder"},"content":{"rendered":"<p style=\"text-align: left;\" align=\"center\"><strong><span lang=\"en-US\">Collagen Powder<\/span><\/strong><\/p>\n<p><span lang=\"en-US\">Kollagen, et grunnleggende protein som finnes i bindevev som hud, sener, leddb\u00e5nd og brusk, danner kroppens st\u00f8ttestruktur og gir vevet styrke og elastisitet. Dette proteinet best\u00e5r hovedsakelig av aminosyrer som glycin, prolin og hydroksyprolin, og er avgj\u00f8rende for \u00e5 opprettholde bindevevets helse og integritet. Men med alderen avtar kollagenproduksjonen, noe som f\u00f8rer til en rekke fysiologiske endringer, blant annet tap av hudens elastisitet og leddsmerter. Kollagentilskudd er mye omtalt for sine potensielle helsefordeler, inkludert forbedringer i hudens utseende, leddhelse og tarmhelse.<\/span><\/p>\n<p><span lang=\"en-US\">Fordeler med kollagentilskudd:<\/span><\/p>\n<ul>\n<li><strong><span lang=\"en-US\">I<\/span><span lang=\"en-US\">Forbedring av hudens elastisitet: <\/span><\/strong><span lang=\"en-US\">Kollagentilskudd kan bidra til \u00e5 opprettholde hudens elastisitet, redusere forekomsten av rynker og tap av spennkraft, og dermed fremme et yngre og lysere utseende.<\/span><\/li>\n<li><strong><span lang=\"en-US\">Forbedret leddhelse:<\/span><\/strong><span lang=\"en-US\"> Tilskudd av kollagen kan bidra til \u00e5 styrke leddenes helse ved \u00e5 gi dem den strukturen og sm\u00f8ringen som er n\u00f8dvendig for optimal funksjon, og dermed redusere risikoen for leddsmerter og aldersrelaterte problemer.<\/span><\/li>\n<li><strong><span lang=\"en-US\">Fremme av tarmhelse:<\/span><\/strong><span lang=\"en-US\"> Kollagen er ogs\u00e5 viktig for tarmhelsen, og bidrar til regenerering av tarmslimhinnen og opprettholdelse av tarmveggens integritet, noe som potensielt kan redusere betennelse og forbedre ford\u00f8yelsen.<\/span><\/li>\n<li><strong><span lang=\"en-US\">St\u00f8tte for beinhelsen:<\/span><\/strong><span lang=\"en-US\"> Kollagen er en viktig komponent i beinstrukturen, og kosttilskudd kan derfor bidra til \u00e5 opprettholde beinhelsen og beintettheten, noe som reduserer risikoen for beinskj\u00f8rhet og brudd.<\/span><\/li>\n<li><strong><span lang=\"en-US\">Fremme av h\u00e5r- og neglehelse:<\/span><\/strong><span lang=\"en-US\"> Noen studier tyder p\u00e5 at kollagentilskudd ogs\u00e5 kan fremme h\u00e5rvekst og forbedre neglenes helse, noe som gj\u00f8r dem sterkere og mer motstandsdyktige.<\/span><\/li>\n<\/ul>\n<p>&nbsp;<\/p>\n<p><strong><span lang=\"en-US\">Anbefalt bruk<\/span><\/strong><\/p>\n<p><span lang=\"en-US\">En porsjon per dag: 8 g, ca. to skjeer, blandes med 200 ml vann.<\/span><\/p>\n<p><strong>Merknad:<\/strong><\/p>\n<ul>\n<li>Kun for voksne og erstatter ikke et variert og balansert kosthold og en sunn livsstil.<\/li>\n<li>Ikke overskrid den anbefalte dosen.<\/li>\n<li>Ikke bruk det under amming, graviditetsperioder uten \u00e5 konsultere legen.<\/li>\n<li>Oppbevar produktet p\u00e5 et kj\u00f8lig, t\u00f8rt sted i en godt forseglet emballasje utilgjengelig for barn under 3 \u00e5r.<\/li>\n<li>Kan inneholde spor av melk, havre, egg og soya.<\/li>\n<li>Laktosefri og Glutenfri.<\/li>\n<\/ul>","protected":false},"excerpt":{"rendered":"<p>Kollagenpulver Kollagen, et grunnleggende protein som finnes i bindevev som hud, sener, leddb\u00e5nd og brusk, danner kroppens st\u00f8ttestruktur og gir vevet styrke og elastisitet. Dette proteinet best\u00e5r hovedsakelig av aminosyrer som glycin, prolin og hydroksyprolin, og er avgj\u00f8rende for \u00e5 opprettholde helsen og integriteten til bindevevet. Men med alderen [...]<\/p>","protected":false},"featured_media":432,"template":"","meta":[],"product_cat":[311],"product_tag":[317,258],"class_list":{"0":"post-430","1":"product","2":"type-product","3":"status-publish","4":"has-post-thumbnail","6":"product_cat-recovery-and-regeneration","7":"product_tag-recovery-and-regeneration","8":"product_tag-vitamins-wellness","10":"first","11":"instock","12":"sale","13":"taxable","14":"shipping-taxable","15":"purchasable","16":"product-type-variable"},"aioseo_notices":[],"_links":{"self":[{"href":"https:\/\/www.selfprotein.com\/nb\/wp-json\/wp\/v2\/product\/430"}],"collection":[{"href":"https:\/\/www.selfprotein.com\/nb\/wp-json\/wp\/v2\/product"}],"about":[{"href":"https:\/\/www.selfprotein.com\/nb\/wp-json\/wp\/v2\/types\/product"}],"wp:featuredmedia":[{"embeddable":true,"href":"https:\/\/www.selfprotein.com\/nb\/wp-json\/wp\/v2\/media\/432"}],"wp:attachment":[{"href":"https:\/\/www.selfprotein.com\/nb\/wp-json\/wp\/v2\/media?parent=430"}],"wp:term":[{"taxonomy":"product_cat","embeddable":true,"href":"https:\/\/www.selfprotein.com\/nb\/wp-json\/wp\/v2\/product_cat?post=430"},{"taxonomy":"product_tag","embeddable":true,"href":"https:\/\/www.selfprotein.com\/nb\/wp-json\/wp\/v2\/product_tag?post=430"}],"curies":[{"name":"wp","href":"https:\/\/api.w.org\/{rel}","templated":true}]}}