{"id":539,"date":"2023-11-27T13:17:56","date_gmt":"2023-11-27T12:17:56","guid":{"rendered":"https:\/\/34.88.231.180\/product\/corticut\/"},"modified":"2026-05-01T00:23:43","modified_gmt":"2026-04-30T22:23:43","slug":"corticut","status":"publish","type":"product","link":"https:\/\/www.selfprotein.com\/nb\/produkt\/corticut\/","title":{"rendered":"CortiCut"},"content":{"rendered":"<p style=\"text-align: left\" align=\"center\"><strong><span lang=\"en-US\">Corticut<\/span><\/strong><\/p>\n<p><span lang=\"en-US\">Utforsk de mange fordelene med Corticut, et kosttilskudd som er utviklet for \u00e5 forbedre din mentale og fysiske helse. Corticut har en m\u00e5lrettet sammensetning som er utviklet for \u00e5 redusere tretthet i perioder med stress, st\u00f8tte nervesystemets normale funksjon og forbedre konsentrasjon og oppmerksomhet. I tillegg er det gluten- og laktosefritt, noe som gj\u00f8r det egnet for et bredt spekter av mennesker med spesifikke kostholdsbehov.<\/span><\/p>\n<p><span lang=\"en-US\">Fordelene med Corticut:<\/span><\/p>\n<ul>\n<li><strong><span lang=\"en-US\">Reduksjon av utmattelse<\/span><\/strong><span lang=\"en-US\"><strong>:<\/strong> Takket v\u00e6re sin spesifikke sammensetning kan Corticut bidra til \u00e5 redusere tretthet i perioder med stress, slik at du kan takle daglige utfordringer med mer energi og vitalitet.<\/span><\/li>\n<li><strong><span lang=\"en-US\">St\u00f8tte for nervesystemet:<\/span><\/strong><span lang=\"en-US\"> Corticut er utviklet for \u00e5 st\u00f8tte nervesystemets normale funksjon, og bidrar dermed til \u00e5 opprettholde optimal mental helse.<\/span><\/li>\n<li><strong><span lang=\"en-US\">Forbedring av konsentrasjon og oppmerksomhet:<\/span><\/strong><span lang=\"en-US\"> Ingrediensene i Corticut er valgt ut for \u00e5 fremme bedre konsentrasjon og oppmerksomhet, slik at du kan v\u00e6re mer fokusert og produktiv i dine daglige aktiviteter.<\/span><\/li>\n<li><strong><span lang=\"en-US\">Stimulering av fysiske og mentale evner:<\/span><\/strong><span lang=\"en-US\"> Ved \u00e5 integrere Corticut i rutinen din kan du oppleve en \u00f8kning i fysiske og mentale evner, noe som hjelper deg med \u00e5 n\u00e5 dine prestasjons- og velv\u00e6rem\u00e5l.<\/span><\/li>\n<li><strong><span lang=\"en-US\">Gluten- og laktosefri:<\/span><\/strong><span lang=\"en-US\"> Corticut er gluten- og laktosefri, og er derfor egnet for personer med matintoleranse eller som f\u00f8lger en bestemt diett, noe som sikrer et trygt og sunt valg.<\/span><\/li>\n<\/ul>\n<p><\/p>\n<p><span lang=\"en-US\">Med Corticut kan du nyte godt av en rekke fordeler som st\u00f8tter ditt generelle velv\u00e6re, slik at du kan m\u00f8te livet med st\u00f8rre vitalitet, konsentrasjon og utholdenhet, uten \u00e5 m\u00e5tte bekymre deg for dine spesifikke kostholdsbehov.<\/span>\n<\/p>\n<p><strong><span lang=\"en-US\">Anbefalt bruk<\/span><\/strong><\/p>\n<p><span lang=\"en-US\">4 kapsler per dag, rett etter trenings\u00f8kten eller fordelt utover dagen.<\/span><\/p>\n<p><strong>Merknad:<\/strong><\/p>\n<ul>\n<li>Kun for voksne og erstatter ikke et variert og balansert kosthold og en sunn livsstil.<\/li>\n<li>Ikke overskrid den anbefalte dosen.<\/li>\n<li>Anbefalt daglig dose: 4 kapsler.<\/li>\n<li>Ikke bruk det under amming, graviditetsperioder uten \u00e5 konsultere legen.<\/li>\n<li>Oppbevar produktet p\u00e5 et kj\u00f8lig, t\u00f8rt sted i en godt forseglet emballasje utilgjengelig for barn under 3 \u00e5r.<\/li>\n<li>Kan inneholde spor av melk, havre, egg og soya.<\/li>\n<li>Laktosefri og Glutenfri.<\/li>\n<\/ul>","protected":false},"excerpt":{"rendered":"<details>\n<summary>Ingredienser<\/summary>\n<table style=\"text-align: center\">\n<tbody>\n<tr>\n<th>Ingredienser<\/th>\n<th>per 4 cps<\/th>\n<\/tr>\n<tr>\n<td>Vitamin C (askorbinsyre)<\/td>\n<td>1000 mg 1250%<\/td>\n<\/tr>\n<tr>\n<td>Fosfatidylserin (soya)<\/td>\n<td>600 mg<\/td>\n<\/tr>\n<tr>\n<td>Roseroot e.s-ekstrakt (Rhodiola Rosea, radix)<\/td>\n<td>500 mg<\/td>\n<\/tr>\n<tr>\n<td>GABA (gammaaminosm\u00f8rsyre)<\/td>\n<td>250 mg<\/td>\n<\/tr>\n<tr>\n<td>Magnesiumglycinat<\/td>\n<td>250 mg<\/td>\n<\/tr>\n<tr>\n<td>L-Theanin<\/td>\n<td>240 mg<\/td>\n<\/tr>\n<tr>\n<td colspan=\"2\"><strong>Andre ingredienser: <\/strong>stabiliseringsmidler (E953, E470b, E551). vegansk kapsel (E1204)<\/td>\n<\/tr>\n<\/tbody>\n<\/table>\n<\/details>\n<p>&nbsp;<\/p>","protected":false},"featured_media":540,"template":"","meta":[],"product_cat":[155,309],"product_tag":[163,319],"class_list":{"0":"post-539","1":"product","2":"type-product","3":"status-publish","4":"has-post-thumbnail","6":"product_cat-weight-control-metabolism","7":"product_cat-weight-management-and-definition","8":"product_tag-weight-control-metabolism","9":"product_tag-weight-management-and-definition","11":"first","12":"instock","13":"taxable","14":"shipping-taxable","15":"purchasable","16":"product-type-simple"},"aioseo_notices":[],"_links":{"self":[{"href":"https:\/\/www.selfprotein.com\/nb\/wp-json\/wp\/v2\/product\/539"}],"collection":[{"href":"https:\/\/www.selfprotein.com\/nb\/wp-json\/wp\/v2\/product"}],"about":[{"href":"https:\/\/www.selfprotein.com\/nb\/wp-json\/wp\/v2\/types\/product"}],"wp:featuredmedia":[{"embeddable":true,"href":"https:\/\/www.selfprotein.com\/nb\/wp-json\/wp\/v2\/media\/540"}],"wp:attachment":[{"href":"https:\/\/www.selfprotein.com\/nb\/wp-json\/wp\/v2\/media?parent=539"}],"wp:term":[{"taxonomy":"product_cat","embeddable":true,"href":"https:\/\/www.selfprotein.com\/nb\/wp-json\/wp\/v2\/product_cat?post=539"},{"taxonomy":"product_tag","embeddable":true,"href":"https:\/\/www.selfprotein.com\/nb\/wp-json\/wp\/v2\/product_tag?post=539"}],"curies":[{"name":"wp","href":"https:\/\/api.w.org\/{rel}","templated":true}]}}