{"id":548,"date":"2023-11-27T13:18:08","date_gmt":"2023-11-27T12:18:08","guid":{"rendered":"https:\/\/34.88.231.180\/product\/dextrose\/"},"modified":"2026-05-01T00:23:43","modified_gmt":"2026-04-30T22:23:43","slug":"dextrose","status":"publish","type":"product","link":"https:\/\/www.selfprotein.com\/nb\/produkt\/dextrose\/","title":{"rendered":"Dextrose"},"content":{"rendered":"<p style=\"text-align: left;\" align=\"center\"><strong><span lang=\"en-US\">Dextrose<\/span><\/strong><\/p>\n<p><span lang=\"en-US\">Dekstrose, ogs\u00e5 kjent som glukose, er et enkelt sukker som finnes i mange matvarer og er verdsatt for sin evne til \u00e5 fungere som s\u00f8tningsmiddel og umiddelbar energikilde. Som monosakkarid, et enkelt sukkermolekyl, representerer dekstrose en av de viktigste drivstoffkildene for menneskekroppen. Den raske assimileringen i blodet gir umiddelbar energi, noe som gj\u00f8r den til en grunnleggende komponent i kosttilskudd og restitusjonsprodukter.<\/span><\/p>\n<p><span lang=\"en-US\">Fordeler med dekstrose:<\/span><\/p>\n<ul>\n<li><strong><span lang=\"en-US\">Umiddelbar energikilde:<\/span><\/strong><span lang=\"en-US\"> P\u00e5 grunn av sin monosakkaridstruktur absorberes dekstrose raskt av kroppen, noe som gir rask energip\u00e5fylling under intens eller langvarig fysisk aktivitet.<\/span><\/li>\n<li><strong><span lang=\"en-US\">St\u00f8tte for muskelrestitusjon:<\/span><\/strong><span lang=\"en-US\"> Inntak av dekstrose etter en trenings\u00f8kt kan bidra til \u00e5 gjenopprette muskelglykogenreservene, noe som letter muskelrestitusjonsprosessen og reduserer risikoen for utmattelse.<\/span><\/li>\n<li><strong><span lang=\"en-US\">Forbedret opptak av andre n\u00e6ringsstoffer:<\/span><\/strong><span lang=\"en-US\"> Dekstrose kan fremme absorpsjonen av andre n\u00e6ringsstoffer, for eksempel proteiner, n\u00e5r de inntas sammen, slik at de utnyttes optimalt for muskelreparasjon og -vekst.<\/span><\/li>\n<li><strong><span lang=\"en-US\">Allsidighet i bruk:<\/span><\/strong><span lang=\"en-US\"> Dekstrose kan enkelt inkorporeres i ulike typer kosttilskudd, drikkevarer eller energibarer, noe som gir en praktisk m\u00e5te \u00e5 integrere umiddelbar energi i det daglige kostholdet p\u00e5.<\/span><\/li>\n<li><strong><span lang=\"en-US\">Regulering av glykemisk indeks:<\/span><\/strong><span lang=\"en-US\"> Til tross for den h\u00f8ye glykemiske indeksen kan dekstrose brukes strategisk for \u00e5 gi et raskt energitilskudd n\u00e5r det trengs, spesielt under h\u00f8yintensive trenings\u00f8kter.<\/span><\/li>\n<\/ul>\n<p><\/p>\n<p><span lang=\"en-US\">Med sin evne til \u00e5 gi en rask og effektiv energikilde har dekstrose f\u00e5tt en fremtredende rolle innen sportsern\u00e6ring, noe som bidrar til \u00e5 optimalisere fysisk ytelse og fremme muskelrestitusjon etter fysisk aktivitet.<\/span>\n<\/p>\n<p><strong><span lang=\"en-US\">Anbefalt bruk<\/span><\/strong><\/p>\n<p><span lang=\"en-US\">1 porsjon f\u00f8r og under trening for \u00e5 st\u00f8tte atletisk ytelse<\/span><span lang=\"en-US\">.<\/span><\/p>\n<p><strong>Merknad:<\/strong><\/p>\n<ul>\n<li>Kun for voksne og erstatter ikke et variert og balansert kosthold og en sunn livsstil.<\/li>\n<li>Ikke overskrid den anbefalte dosen.<\/li>\n<li>Ikke bruk det under amming, graviditetsperioder uten \u00e5 konsultere legen.<\/li>\n<li>Oppbevar produktet p\u00e5 et kj\u00f8lig, t\u00f8rt sted i en godt forseglet emballasje utilgjengelig for barn under 3 \u00e5r.<\/li>\n<li>Kan inneholde spor av melk, havre, egg og soya.<\/li>\n<li>Glutenfri.<\/li>\n<\/ul>","protected":false},"excerpt":{"rendered":"<details>\n<summary>N\u00e6ringsinnhold<\/summary>\n<table style=\"text-align: center;\">\n<tbody>\n<tr>\n<th>N\u00e6ringsinnhold<\/th>\n<th>per 100 g<\/th>\n<\/tr>\n<tr>\n<td>Energi<\/td>\n<td>360 kcal (1505 kj)<\/td>\n<\/tr>\n<tr>\n<td>Fett<\/td>\n<td>0g<\/td>\n<\/tr>\n<tr>\n<td>hvorav mettet<\/td>\n<td>0g<\/td>\n<\/tr>\n<tr>\n<td>Karbohydrater<\/td>\n<td>90g<\/td>\n<\/tr>\n<tr>\n<td>hvorav sukkerarter<\/td>\n<td>90g<\/td>\n<\/tr>\n<tr>\n<td>Protein<\/td>\n<td>0g<\/td>\n<\/tr>\n<tr>\n<td>Kostfiber<\/td>\n<td>0g<\/td>\n<\/tr>\n<tr>\n<td>Salt<\/td>\n<td>0g<\/td>\n<\/tr>\n<tr>\n<td colspan=\"2\"><strong>Ingredienser: <\/strong> dekstrose (mais)<\/td>\n<\/tr>\n<\/tbody>\n<\/table>\n<\/details>\n<p>&nbsp;<\/p>","protected":false},"featured_media":549,"template":"","meta":[],"product_cat":[310,217],"product_tag":[315,230],"class_list":{"0":"post-548","1":"product","2":"type-product","3":"status-publish","4":"has-post-thumbnail","6":"product_cat-performance-and-endurance","7":"product_cat-pre-workout-energy","8":"product_tag-performance-and-endurance","9":"product_tag-pre-workout-energy","11":"first","12":"instock","13":"taxable","14":"shipping-taxable","15":"purchasable","16":"product-type-simple"},"aioseo_notices":[],"_links":{"self":[{"href":"https:\/\/www.selfprotein.com\/nb\/wp-json\/wp\/v2\/product\/548"}],"collection":[{"href":"https:\/\/www.selfprotein.com\/nb\/wp-json\/wp\/v2\/product"}],"about":[{"href":"https:\/\/www.selfprotein.com\/nb\/wp-json\/wp\/v2\/types\/product"}],"wp:featuredmedia":[{"embeddable":true,"href":"https:\/\/www.selfprotein.com\/nb\/wp-json\/wp\/v2\/media\/549"}],"wp:attachment":[{"href":"https:\/\/www.selfprotein.com\/nb\/wp-json\/wp\/v2\/media?parent=548"}],"wp:term":[{"taxonomy":"product_cat","embeddable":true,"href":"https:\/\/www.selfprotein.com\/nb\/wp-json\/wp\/v2\/product_cat?post=548"},{"taxonomy":"product_tag","embeddable":true,"href":"https:\/\/www.selfprotein.com\/nb\/wp-json\/wp\/v2\/product_tag?post=548"}],"curies":[{"name":"wp","href":"https:\/\/api.w.org\/{rel}","templated":true}]}}