{"id":551,"date":"2023-11-27T13:18:12","date_gmt":"2023-11-27T12:18:12","guid":{"rendered":"https:\/\/34.88.231.180\/product\/diet-meal\/"},"modified":"2026-04-01T00:00:45","modified_gmt":"2026-03-31T22:00:45","slug":"diet-meal","status":"publish","type":"product","link":"https:\/\/www.selfprotein.com\/nb\/produkt\/diet-meal\/","title":{"rendered":"Diet Meal"},"content":{"rendered":"<p style=\"text-align: left;\" align=\"center\"><strong><span lang=\"en-US\">Diet Meal<\/span><\/strong><\/p>\n<p><span lang=\"en-US\">Oppdag den perfekte l\u00f8sningen for et lett og balansert kosthold! Vi introduserer v\u00e5rt diettm\u00e5ltid, et ideelt alternativ for \u00e5 erstatte ett eller to m\u00e5ltider om dagen. Med bare 95 kalorier vil dette m\u00e5ltidet ikke bare hjelpe deg med \u00e5 kontrollere kaloriinntaket, men er ogs\u00e5 beriket med viktige vitaminer og mineraler. I tillegg er det gluten- og laktosefritt, noe som gj\u00f8r det til et trygt valg for de med spesielle diettbehov.<\/span><\/p>\n<p><span lang=\"en-US\">Fordeler med Diet Meal:<\/span><\/p>\n<ul>\n<li><strong><span lang=\"en-US\">Lavt kaloriinnhold<\/span><\/strong><span lang=\"en-US\"><strong>:<\/strong> Med bare 95 kalorier er diettm\u00e5ltidet perfekt for deg som er kaloribevisst og \u00f8nsker \u00e5 opprettholde eller g\u00e5 ned i vekt p\u00e5 en sunn m\u00e5te.<\/span><\/li>\n<li><strong><span lang=\"en-US\">Rik p\u00e5 n\u00e6ringsstoffer:<\/span><\/strong><span lang=\"en-US\"> Til tross for det lave kaloriinnholdet gir dette m\u00e5ltidet en viktig dose viktige vitaminer og mineraler for \u00e5 holde kroppen sunn og i form.<\/span><\/li>\n<li><strong><span lang=\"en-US\">Gluten- og laktosefri:<\/span><\/strong><span lang=\"en-US\"> Dietten passer for dem som er overf\u00f8lsomme eller intolerante, og tilbyr et trygt og velsmakende valg uten gluten og laktose.<\/span><\/li>\n<li><strong><span lang=\"en-US\">M\u00e5ltidserstatning:<\/span><\/strong><span lang=\"en-US\"> Det kan inntas i stedet for ett eller to m\u00e5ltider om dagen, og er en praktisk l\u00f8sning for dem som alltid er p\u00e5 farten eller har liten tid til \u00e5 tilberede komplette m\u00e5ltider.<\/span><\/li>\n<li><strong><span lang=\"en-US\">Et stort utvalg av alternativer:<\/span><\/strong><span lang=\"en-US\"> Kostholdsm\u00e5ltidet er tilgjengelig i en rekke deilige smaker, og gj\u00f8r det enkelt \u00e5 tilfredsstille din personlige smak samtidig som du tar vare p\u00e5 helsen din.<\/span><\/li>\n<\/ul>\n<p>&nbsp;<\/p>\n<p><span lang=\"en-US\">Med v\u00e5rt diettm\u00e5ltid kan du nyte et lett, n\u00e6ringsrikt m\u00e5ltid som passer dine diettbehov uten \u00e5 ofre smak eller bekvemmelighet.<\/span><\/p>\n<p><strong><span lang=\"en-US\">Anbefalt bruk<\/span><\/strong><\/p>\n<p><span lang=\"en-US\">For vekttap, erstatt 2 m\u00e5ltider om dagen med Diet Meal; for vedlikehold, erstatt 1 m\u00e5ltid om dagen.<\/span><\/p>\n<p><strong>Merknad:<\/strong><\/p>\n<ul>\n<li>Kun for voksne og erstatter ikke et variert og balansert kosthold og en sunn livsstil.<\/li>\n<li>Ikke overskrid den anbefalte dosen.<\/li>\n<li>Ikke bruk det under amming, graviditetsperioder uten \u00e5 konsultere legen.<\/li>\n<li>Oppbevar produktet p\u00e5 et kj\u00f8lig, t\u00f8rt sted i en godt forseglet emballasje utilgjengelig for barn under 3 \u00e5r.<\/li>\n<li>Laktosefri og Glutenfri.<\/li>\n<\/ul>","protected":false},"excerpt":{"rendered":"<p>Diet Meal Oppdag den perfekte l\u00f8sningen for et lett og balansert kosthold! Vi introduserer v\u00e5rt diettm\u00e5ltid, et ideelt alternativ for \u00e5 erstatte ett eller to m\u00e5ltider om dagen. Med bare 95 kalorier vil dette m\u00e5ltidet ikke bare hjelpe deg med \u00e5 kontrollere kaloriinntaket, men er ogs\u00e5 beriket med viktige vitaminer og mineraler. I tillegg er det glutenfritt [...].<\/p>","protected":false},"featured_media":552,"template":"","meta":[],"product_cat":[210,309],"product_tag":[223,319],"class_list":{"0":"post-551","1":"product","2":"type-product","3":"status-publish","4":"has-post-thumbnail","6":"product_cat-snacks-meal-solutions","7":"product_cat-weight-management-and-definition","8":"product_tag-snacks-meal-solutions","9":"product_tag-weight-management-and-definition","11":"first","12":"instock","13":"sale","14":"taxable","15":"shipping-taxable","16":"purchasable","17":"product-type-variable"},"aioseo_notices":[],"_links":{"self":[{"href":"https:\/\/www.selfprotein.com\/nb\/wp-json\/wp\/v2\/product\/551"}],"collection":[{"href":"https:\/\/www.selfprotein.com\/nb\/wp-json\/wp\/v2\/product"}],"about":[{"href":"https:\/\/www.selfprotein.com\/nb\/wp-json\/wp\/v2\/types\/product"}],"wp:featuredmedia":[{"embeddable":true,"href":"https:\/\/www.selfprotein.com\/nb\/wp-json\/wp\/v2\/media\/552"}],"wp:attachment":[{"href":"https:\/\/www.selfprotein.com\/nb\/wp-json\/wp\/v2\/media?parent=551"}],"wp:term":[{"taxonomy":"product_cat","embeddable":true,"href":"https:\/\/www.selfprotein.com\/nb\/wp-json\/wp\/v2\/product_cat?post=551"},{"taxonomy":"product_tag","embeddable":true,"href":"https:\/\/www.selfprotein.com\/nb\/wp-json\/wp\/v2\/product_tag?post=551"}],"curies":[{"name":"wp","href":"https:\/\/api.w.org\/{rel}","templated":true}]}}