{"id":554,"date":"2023-11-27T13:18:16","date_gmt":"2023-11-27T12:18:16","guid":{"rendered":"https:\/\/34.88.231.180\/product\/eaa-pro\/"},"modified":"2026-04-01T00:00:45","modified_gmt":"2026-03-31T22:00:45","slug":"eaa-pro","status":"publish","type":"product","link":"https:\/\/www.selfprotein.com\/nb\/produkt\/eaa-pro\/","title":{"rendered":"EAA PRO"},"content":{"rendered":"<p style=\"text-align: left;\" align=\"center\"><strong><span lang=\"en-US\">EAA Pro<\/span><\/strong><\/p>\n<p><span lang=\"en-US\">EAA Pro er et kosttilskudd som inneholder essensielle aminosyrer (EAA), som er avgj\u00f8rende for at kroppen skal fungere som den skal. EAA er en kategori aminosyrer som menneskekroppen ikke kan syntetisere selv, og som derfor m\u00e5 tilf\u00f8res gjennom kostholdet eller spesifikke kosttilskudd. Dette produktet er spesielt popul\u00e6rt blant idrettsut\u00f8vere, kroppsbyggere og fitnessentusiaster fordi det bidrar til muskelvekst, restitusjon og fysisk ytelse.<\/span><\/p>\n<p><span lang=\"en-US\">Fordelene med EAA Pro:<\/span><\/p>\n<ul>\n<li><strong><span lang=\"en-US\">St\u00f8tter muskelvekst:<\/span><\/strong><span lang=\"en-US\"> Essensielle aminosyrer er avgj\u00f8rende for muskelproteinsyntesen, og bidrar dermed til vekst og vedlikehold av muskelmassen.<\/span><\/li>\n<li><strong><span lang=\"en-US\">Fremskyndet gjenoppretting<\/span><\/strong><span lang=\"en-US\"><strong>:<\/strong> EAA kan bidra til \u00e5 redusere muskelrestitusjonstiden etter intens trening, slik at du kan trene hyppigere og restituere optimalt mellom \u00f8ktene.<\/span><\/li>\n<li><strong><span lang=\"en-US\">Prestasjonsforbedring:<\/span><\/strong><span lang=\"en-US\"> Tilskudd med EAA kan forbedre prestasjonen under trenings\u00f8kter ved \u00e5 \u00f8ke muskelutholdenheten og styrken, i tillegg til \u00e5 bidra til bedre fokus og mental utholdenhet.<\/span><\/li>\n<li><strong><span lang=\"en-US\">St\u00f8tte under rekonvalesens etter skader eller sykdom:<\/span><\/strong><span lang=\"en-US\"> EAA-tilskudd kan v\u00e6re spesielt nyttig for personer som kommer seg etter skader, operasjoner eller sykdommer som har for\u00e5rsaket muskeltap eller muskelsvinn, og bidrar til \u00e5 fremskynde helingsprosessen og muskelrestitusjon.<\/span><\/li>\n<\/ul>\n<p>&nbsp;<\/p>\n<p><strong><span lang=\"en-US\">Anbefalt bruk<\/span><\/strong><\/p>\n<p><span lang=\"en-US\">Innta 1 porsjon per dag f\u00f8r, under eller etter fysisk aktivitet eller i l\u00f8pet av dagen.<\/span><\/p>\n<p><strong>Merknad:<\/strong><\/p>\n<ul>\n<li>Kun for voksne og erstatter ikke et variert og balansert kosthold og en sunn livsstil.<\/li>\n<li>Ikke overskrid den anbefalte dosen.<\/li>\n<li>Ikke bruk det under amming, graviditetsperioder uten \u00e5 konsultere legen.<\/li>\n<li>Oppbevar produktet p\u00e5 et kj\u00f8lig, t\u00f8rt sted i en godt forseglet emballasje utilgjengelig for barn under 3 \u00e5r.<\/li>\n<li>Kan inneholde spor av melk, havre, egg og soya.<\/li>\n<li>Laktosefri og Glutenfri.<\/li>\n<\/ul>","protected":false},"excerpt":{"rendered":"<p>EAA Pro EAA Pro er et kosttilskudd som inneholder essensielle aminosyrer (EAA), som er avgj\u00f8rende for at kroppen skal fungere som den skal. EAA er en kategori aminosyrer som menneskekroppen ikke kan syntetisere selv, og som derfor m\u00e5 tilf\u00f8res gjennom kostholdet eller spesifikke kosttilskudd. Dette produktet er spesielt popul\u00e6rt blant idrettsut\u00f8vere, [...].<\/p>","protected":false},"featured_media":5650,"template":"","meta":[],"product_cat":[151,311],"product_tag":[161,317],"class_list":{"0":"post-554","1":"product","2":"type-product","3":"status-publish","4":"has-post-thumbnail","6":"product_cat-amino-acids-creatine","7":"product_cat-recovery-and-regeneration","8":"product_tag-amino-acids-creatine","9":"product_tag-recovery-and-regeneration","11":"first","12":"instock","13":"sale","14":"taxable","15":"shipping-taxable","16":"purchasable","17":"product-type-variable"},"aioseo_notices":[],"_links":{"self":[{"href":"https:\/\/www.selfprotein.com\/nb\/wp-json\/wp\/v2\/product\/554"}],"collection":[{"href":"https:\/\/www.selfprotein.com\/nb\/wp-json\/wp\/v2\/product"}],"about":[{"href":"https:\/\/www.selfprotein.com\/nb\/wp-json\/wp\/v2\/types\/product"}],"wp:featuredmedia":[{"embeddable":true,"href":"https:\/\/www.selfprotein.com\/nb\/wp-json\/wp\/v2\/media\/5650"}],"wp:attachment":[{"href":"https:\/\/www.selfprotein.com\/nb\/wp-json\/wp\/v2\/media?parent=554"}],"wp:term":[{"taxonomy":"product_cat","embeddable":true,"href":"https:\/\/www.selfprotein.com\/nb\/wp-json\/wp\/v2\/product_cat?post=554"},{"taxonomy":"product_tag","embeddable":true,"href":"https:\/\/www.selfprotein.com\/nb\/wp-json\/wp\/v2\/product_tag?post=554"}],"curies":[{"name":"wp","href":"https:\/\/api.w.org\/{rel}","templated":true}]}}